{"id":1545,"date":"2020-06-03T19:43:51","date_gmt":"2020-06-03T17:43:51","guid":{"rendered":"https:\/\/andremaciongacuvee.shop\/cookie-policy-eu\/"},"modified":"2020-06-03T19:48:13","modified_gmt":"2020-06-03T17:48:13","slug":"cookie-policy-eu","status":"publish","type":"page","link":"https:\/\/andremaciongacuvee.com\/en\/cookie-policy-eu\/","title":{"rendered":"Cookie Policy (EU)"},"content":{"rendered":"<p class=\"p1\">This cookie declaration was last updated on 04 May 2020 and applies to citizens of the European Economic Area.<\/p>\n<p class=\"p2\"><span class=\"s1\"><b>1 Introduction<\/b><\/span><\/p>\n<p class=\"p3\"><span class=\"s1\">Our Website, <a href=\"https:\/\/andremaciongacuvee.com\"><span class=\"s2\">https:\/\/andremaciongacuvee.com<\/span><\/a> (hereinafter referred to as &#8220;The Website&#8221;) uses cookies and similar technologies (for convenience, all of these are referred to as &#8220;cookies&#8221;). Cookies are also placed by third parties contracted by us. The document below informs you about the use of cookies on our website.<\/span><\/p>\n<p class=\"p2\"><span class=\"s1\"><b>2 What are cookies<\/b><\/span><\/p>\n<p class=\"p1\">A cookie is a simple small file that is sent with the pages of an Internet address and can be stored by the web browser on the PC or other device. The information stored in it may be sent to our servers or the servers of relevant third parties during subsequent visits.<\/p>\n<p class=\"p2\"><span class=\"s1\"><b>3 What are scripts?<\/b><\/span><\/p>\n<p class=\"p1\">A script is a part of the program code with which our website functions properly and interactively. This code is executed on our server or on your device.<\/p>\n<p class=\"p2\"><span class=\"s1\"><b>4 What is a web beacon?<\/b><\/span><\/p>\n<p class=\"p1\">A web beacon (also known as a pixel tag) is a small invisible text fragment or image on a website that is used to monitor traffic on the website. In order to do this, various data about you is stored using web beacons.<\/p>\n<p class=\"p2\"><span class=\"s1\"><b>5 Approval<\/b><\/span><\/p>\n<p class=\"p1\">When you visit our website for the first time, you will see a pop-up with an explanation of cookies. By clicking on &#8220;All Cookies&#8221; you agree that we use all cookies and plug-ins described in the pop-up and in this cookie statement. You can disable the use of cookies via your browser. Please note, however, that our website may then no longer function properly.<\/p>\n<p class=\"p2\"><span class=\"s1\"><b>6 Third parties:<\/b><\/span><\/p>\n<p class=\"p1\">We have agreements on the use of cookies with other companies that place cookies. However, we cannot guarantee that these third parties will handle your personal data reliably or securely. Parties such as Google are considered independent data protection officers as defined by the General Data Protection Ordinance. We encourage you to read the privacy policies of these companies.<\/p>\n<p class=\"p2\"><span class=\"s1\"><b>7 Cookies<\/b><\/span><\/p>\n<p class=\"p4\"><span class=\"s1\"><b>7.1 Technical or functional cookies<\/b><\/span><\/p>\n<p class=\"p1\">Some cookies ensure that parts of our website function correctly and that your user preferences remain known. By placing functional cookies, we make it easier for you to visit our website. In this way you do not have to enter the same information repeatedly when visiting our website, or your items remain in your shopping cart until you pay, for example. We may place these cookies without your consent.<\/p>\n<p class=\"p4\"><span class=\"s1\"><b>7.2 Analysis cookies<\/b><\/span><\/p>\n<p class=\"p1\">We use analytical cookies to optimize the website experience for our users. These analytical cookies allow us to gain insight into the use of our website.\u00a0We ask for your permission to set analytical cookies.<\/p>\n<p class=\"p4\"><span class=\"s1\"><b>7.3 Advertising cookies<\/b><\/span><\/p>\n<p class=\"p1\">We do not use advertising cookies on this website.<\/p>\n<p class=\"p4\"><span class=\"s1\"><b>7.4 Social media buttons<\/b><\/span><\/p>\n<p class=\"p1\">On our website we use social media buttons to share content on social networks.<\/p>\n<p class=\"p1\"><span class=\"s1\"><b>8 Placed cookies<\/b><\/span><\/p>\n<p class=\"p2\"><span class=\"s1\"><b>JetPack<\/b><\/span><\/p>\n<p class=\"p3\">We use JetPack for advertising.<\/p>\n<table class=\"t1\" cellspacing=\"0\" cellpadding=\"0\">\n<tbody>\n<tr>\n<td class=\"td1\" valign=\"bottom\">\n<p class=\"p1\"><span class=\"s1\">Name<\/span><\/p>\n<\/td>\n<td class=\"td1\" valign=\"bottom\">\n<p class=\"p1\">Retention<\/p>\n<\/td>\n<td class=\"td1\" valign=\"bottom\">\n<p class=\"p1\"><span class=\"s1\">Function<\/span><\/p>\n<\/td>\n<\/tr>\n<tr>\n<td class=\"td1\" valign=\"bottom\">\n<p class=\"p1\"><span class=\"s1\"><b>Statistic<\/b><\/span><\/p>\n<\/td>\n<td class=\"td1\" valign=\"bottom\"><\/td>\n<td class=\"td1\" valign=\"bottom\"><\/td>\n<\/tr>\n<tr>\n<td class=\"td2\" valign=\"bottom\">\n<p class=\"p1\"><span class=\"s1\">tk_ai<\/span><\/p>\n<\/td>\n<td class=\"td2\" valign=\"bottom\">\n<p class=\"p1\">Session<\/p>\n<\/td>\n<td class=\"td2\" valign=\"bottom\">\n<p class=\"p1\">Save the unique User-ID<\/p>\n<\/td>\n<\/tr>\n<\/tbody>\n<\/table>\n<p>&nbsp;<\/p>\n<p class=\"p1\"><strong>Forwarding<\/strong><\/p>\n<p class=\"p2\"><span class=\"s1\">For more information please read the <a href=\"https:\/\/jetpack.com\/support\/privacy\/\"><span class=\"s2\">JetPack Privacy Policy<\/span><\/a>.<\/span><\/p>\n<p class=\"p1\"><span class=\"s1\"><b>WooCommerce<\/b><\/span><\/p>\n<p class=\"p3\">We use WooCommerce for webshop administration.<\/p>\n<table class=\"t1\" cellspacing=\"0\" cellpadding=\"0\">\n<tbody>\n<tr>\n<td class=\"td1\" valign=\"bottom\">\n<p class=\"p1\"><span class=\"s1\">Name<\/span><\/p>\n<\/td>\n<td class=\"td2\" valign=\"bottom\">\n<p class=\"p1\">Retention<\/p>\n<\/td>\n<td class=\"td3\" valign=\"bottom\">\n<p class=\"p1\"><span class=\"s1\">Function<\/span><\/p>\n<\/td>\n<\/tr>\n<tr>\n<td class=\"td1\" valign=\"bottom\">\n<p class=\"p1\"><strong>functional<\/strong><\/p>\n<\/td>\n<td class=\"td2\" valign=\"bottom\"><\/td>\n<td class=\"td3\" valign=\"bottom\"><\/td>\n<\/tr>\n<tr>\n<td class=\"td1\" valign=\"bottom\">\n<p class=\"p1\"><span class=\"s1\">woocommerce_items_in_cart<\/span><\/p>\n<\/td>\n<td class=\"td2\" valign=\"bottom\">\n<p class=\"p1\"><span class=\"s1\">Session<\/span><\/p>\n<\/td>\n<td class=\"td3\" valign=\"bottom\"><\/td>\n<\/tr>\n<tr>\n<td class=\"td4\" valign=\"bottom\">\n<p class=\"p1\"><span class=\"s1\">woocommerce_cart_hash<\/span><\/p>\n<\/td>\n<td class=\"td5\" valign=\"bottom\">\n<p class=\"p1\"><span class=\"s1\">1 Day<\/span><\/p>\n<\/td>\n<td class=\"td6\" valign=\"bottom\">\n<p class=\"p1\">Save items in shopping cart<\/p>\n<\/td>\n<\/tr>\n<tr>\n<td class=\"td7\" valign=\"bottom\">\n<p class=\"p1\"><span class=\"s1\">wp_woocommerce_session_*<\/span><\/p>\n<\/td>\n<td class=\"td8\" valign=\"bottom\">\n<p class=\"p1\"><span class=\"s1\">Session<\/span><\/p>\n<\/td>\n<td class=\"td9\" valign=\"bottom\">\n<p class=\"p1\">Save actions performed by users on the website<\/p>\n<\/td>\n<\/tr>\n<tr>\n<td class=\"td10\" valign=\"bottom\">\n<p class=\"p1\"><span class=\"s1\">wc_cart_hash_*<\/span><\/p>\n<\/td>\n<td class=\"td11\" valign=\"bottom\">\n<p class=\"p1\"><span class=\"s1\">Session<\/span><\/p>\n<\/td>\n<td class=\"td12\" valign=\"bottom\">\n<p class=\"p1\">Save items in shopping cart<\/p>\n<\/td>\n<\/tr>\n<tr>\n<td class=\"td7\" valign=\"bottom\">\n<p class=\"p1\"><span class=\"s1\">wc_cart_created<\/span><\/p>\n<\/td>\n<td class=\"td8\" valign=\"bottom\">\n<p class=\"p1\"><span class=\"s1\">Session<\/span><\/p>\n<\/td>\n<td class=\"td9\" valign=\"bottom\">\n<p class=\"p1\">Save actions performed by users on the website<\/p>\n<\/td>\n<\/tr>\n<tr>\n<td class=\"td1\" valign=\"bottom\">\n<p class=\"p1\"><span class=\"s1\">wc_fragments_*<\/span><\/p>\n<\/td>\n<td class=\"td2\" valign=\"bottom\">\n<p class=\"p1\">stubborn<\/p>\n<\/td>\n<td class=\"td3\" valign=\"bottom\"><\/td>\n<\/tr>\n<\/tbody>\n<\/table>\n<p>&nbsp;<\/p>\n<p class=\"p1\"><strong>Forwarding<\/strong><\/p>\n<p class=\"p2\">This data is not shared with third parties.<\/p>\n<p class=\"p1\"><span class=\"s1\"><b>Google Fonts<\/b><\/span><\/p>\n<p class=\"p2\">We use Google Fonts for web font display.<\/p>\n<p>&nbsp;<\/p>\n<table class=\"t1\" cellspacing=\"0\" cellpadding=\"0\">\n<tbody>\n<tr>\n<td class=\"td1\" valign=\"bottom\">\n<p class=\"p1\"><span class=\"s1\">Name<\/span><\/p>\n<\/td>\n<td class=\"td2\" valign=\"bottom\">\n<p class=\"p1\">Retention<\/p>\n<\/td>\n<td class=\"td3\" valign=\"bottom\">\n<p class=\"p1\"><span class=\"s1\">Function<\/span><\/p>\n<\/td>\n<\/tr>\n<tr>\n<td class=\"td1\" valign=\"bottom\">\n<p class=\"p1\"><strong>Marketing\/Tracking<\/strong><\/p>\n<\/td>\n<td class=\"td2\" valign=\"bottom\"><\/td>\n<td class=\"td3\" valign=\"bottom\"><\/td>\n<\/tr>\n<tr>\n<td class=\"td4\" valign=\"bottom\">\n<p class=\"p1\"><span class=\"s1\">Google Fonts API<\/span><\/p>\n<\/td>\n<td class=\"td5\" valign=\"bottom\">\n<p class=\"p1\">nothing<\/p>\n<\/td>\n<td class=\"td6\" valign=\"bottom\">\n<p class=\"p1\">Request the user IP address<\/p>\n<\/td>\n<\/tr>\n<\/tbody>\n<\/table>\n<p>&nbsp;<\/p>\n<p class=\"p1\"><strong>Forwarding<\/strong><\/p>\n<p class=\"p2\"><span class=\"s1\">For more information, please read the <a href=\"https:\/\/policies.google.com\/privacy\"><span class=\"s2\">Google Fonts Privacy Policy<\/span><\/a>.<\/span><\/p>\n<p class=\"p3\"><strong>Miscellaneous<\/strong><\/p>\n<p>&nbsp;<\/p>\n<table class=\"t1\" cellspacing=\"0\" cellpadding=\"0\">\n<tbody>\n<tr>\n<td class=\"td1\" valign=\"bottom\">\n<p class=\"p1\"><span class=\"s1\">Name<\/span><\/p>\n<\/td>\n<td class=\"td2\" valign=\"bottom\">\n<p class=\"p1\">Retention<\/p>\n<\/td>\n<td class=\"td3\" valign=\"bottom\">\n<p class=\"p1\"><span class=\"s1\">Function<\/span><\/p>\n<\/td>\n<\/tr>\n<tr>\n<td class=\"td1\" valign=\"bottom\">\n<p class=\"p1\"><strong>Subject of the investigation<\/strong><\/p>\n<\/td>\n<td class=\"td2\" valign=\"bottom\"><\/td>\n<td class=\"td3\" valign=\"bottom\"><\/td>\n<\/tr>\n<tr>\n<td class=\"td1\" valign=\"bottom\">\n<p class=\"p1\"><span class=\"s1\">jStorage<\/span><\/p>\n<\/td>\n<td class=\"td2\" valign=\"bottom\"><\/td>\n<td class=\"td3\" valign=\"bottom\"><\/td>\n<\/tr>\n<tr>\n<td class=\"td4\" valign=\"bottom\">\n<p class=\"p1\"><span class=\"s1\">jStorage_update<\/span><\/p>\n<\/td>\n<td class=\"td5\" valign=\"bottom\"><\/td>\n<td class=\"td6\" valign=\"bottom\"><\/td>\n<\/tr>\n<tr>\n<td class=\"td1\" valign=\"bottom\">\n<p class=\"p1\"><span class=\"s1\">color<\/span><\/p>\n<\/td>\n<td class=\"td2\" valign=\"bottom\"><\/td>\n<td class=\"td3\" valign=\"bottom\"><\/td>\n<\/tr>\n<tr>\n<td class=\"td1\" valign=\"bottom\">\n<p class=\"p1\"><span class=\"s1\">complianz_consent_status<\/span><\/p>\n<\/td>\n<td class=\"td2\" valign=\"bottom\">\n<p class=\"p1\"><span class=\"s1\">365 Days<\/span><\/p>\n<\/td>\n<td class=\"td3\" valign=\"bottom\"><\/td>\n<\/tr>\n<tr>\n<td class=\"td7\" valign=\"bottom\">\n<p class=\"p1\"><span class=\"s1\">wp-api-schema-modelhttps:\/\/exnicrum.com\/wp-json\/wp\/v2\/<\/span><\/p>\n<\/td>\n<td class=\"td8\" valign=\"bottom\"><\/td>\n<td class=\"td9\" valign=\"bottom\"><\/td>\n<\/tr>\n<tr>\n<td class=\"td7\" valign=\"bottom\">\n<p class=\"p1\"><span class=\"s1\">wp-autosave-block-editor-post-39<\/span><\/p>\n<\/td>\n<td class=\"td8\" valign=\"bottom\"><\/td>\n<td class=\"td9\" valign=\"bottom\"><\/td>\n<\/tr>\n<tr>\n<td class=\"td1\" valign=\"bottom\">\n<p class=\"p1\"><span class=\"s1\">wp-saving-post<\/span><\/p>\n<\/td>\n<td class=\"td2\" valign=\"bottom\"><\/td>\n<td class=\"td3\" valign=\"bottom\"><\/td>\n<\/tr>\n<tr>\n<td class=\"td1\" valign=\"bottom\">\n<p class=\"p1\"><span class=\"s1\">wp-autosave-1<\/span><\/p>\n<\/td>\n<td class=\"td2\" valign=\"bottom\"><\/td>\n<td class=\"td3\" valign=\"bottom\"><\/td>\n<\/tr>\n<tr>\n<td class=\"td1\" valign=\"bottom\">\n<p class=\"p1\"><span class=\"s1\">_ga<\/span><\/p>\n<\/td>\n<td class=\"td2\" valign=\"bottom\"><\/td>\n<td class=\"td3\" valign=\"bottom\"><\/td>\n<\/tr>\n<tr>\n<td class=\"td4\" valign=\"bottom\">\n<p class=\"p1\"><span class=\"s1\">_gat<\/span><\/p>\n<\/td>\n<td class=\"td5\" valign=\"bottom\"><\/td>\n<td class=\"td6\" valign=\"bottom\"><\/td>\n<\/tr>\n<tr>\n<td class=\"td1\" valign=\"bottom\">\n<p class=\"p1\"><span class=\"s1\">_gid<\/span><\/p>\n<\/td>\n<td class=\"td2\" valign=\"bottom\"><\/td>\n<td class=\"td3\" valign=\"bottom\"><\/td>\n<\/tr>\n<tr>\n<td class=\"td1\" valign=\"bottom\">\n<p class=\"p1\"><span class=\"s1\">complianz_policy_id<\/span><\/p>\n<\/td>\n<td class=\"td2\" valign=\"bottom\">\n<p class=\"p1\"><span class=\"s1\">365 Days<\/span><\/p>\n<\/td>\n<td class=\"td3\" valign=\"bottom\"><\/td>\n<\/tr>\n<\/tbody>\n<\/table>\n<p>&nbsp;<\/p>\n<p class=\"p1\"><strong>Forwarding<\/strong><\/p>\n<p class=\"p2\">This data is not shared with third parties.<\/p>\n<p class=\"p3\"><span class=\"s1\"><b>9 Your rights with regard to personal data<\/b><\/span><\/p>\n<p class=\"p2\">You have the following rights in relation to your personal data:<\/p>\n<ul class=\"ul1\">\n<li class=\"li4\">You have the right to know why your personal data is used, what happens to it and how long it is kept.<\/li>\n<li class=\"li4\">Right of access: You have the right to access your personal data known to us.<\/li>\n<li class=\"li4\">Right of rectification: You have the right, whenever you wish, to have your personal data completed, corrected, deleted or blocked.<\/li>\n<li class=\"li4\">If you have given us your consent to process your data, you have the right to revoke this consent and have your personal data deleted.<\/li>\n<li class=\"li4\">Right to transfer your data: You have the right to request all your personal data from one controller and to transfer it in its entirety to another controller.<\/li>\n<li class=\"li4\">Right of objection: You can object to the processing of your data. We will comply unless there are legitimate reasons for processing.<\/li>\n<\/ul>\n<p class=\"p2\">To exercise these rights please contact us. Please refer to the contact information at the end of this cookie statement. If you have a complaint about the way we treat your data we would like to hear it, but you also have the right to address it to the supervisory authority (the data protection authority).<\/p>\n<p class=\"p3\"><span class=\"s1\"><b>10 Activation\/deactivation and deletion of cookies<\/b><\/span><\/p>\n<p class=\"p2\">You can use your Internet browser to automatically or manually delete cookies. You can also set your browser so that certain cookies may not be placed. Another option is to change your Internet browser settings so that you receive a message each time a cookie is set. For more information about these options, see the instructions in the help section of your browser.<\/p>\n<p class=\"p2\">Please note that our website may not function properly if all cookies are disabled. If you delete the cookies in your browser, they will be repositioned when you return to our site.<\/p>\n<p class=\"p3\"><span class=\"s1\"><b>11 Contact information<\/b><\/span><\/p>\n<p class=\"p2\">For questions and\/or comments about our cookie policy and this statement, please contact us using the following contact information:<\/p>\n<p class=\"p4\"><span class=\"s1\">Andr\u00e9 Macionga Cuv\u00e9e GmbH<\/span><\/p>\n<p class=\"p4\"><span class=\"s1\">B\u00fclowstra\u00dfe 65<\/span><\/p>\n<p class=\"p4\"><span class=\"s1\">10783 Berlin<\/span><\/p>\n<p class=\"p4\"><span class=\"s1\">Website: andremaciongacuvee.com<\/span><\/p>\n<p class=\"p4\"><span class=\"s1\">Email: info@andremaciongacuvee.com<\/span><\/p>\n<p class=\"p4\">Revoke cookie consent Current status: Accepted<\/p>\n<p class=\"p4\">This cookie policy was synchronized on cookiedatabase.org on 04 May 2020<\/p>\n","protected":false},"excerpt":{"rendered":"<p>This cookie declaration was last updated on 04 May 2020 and applies to citizens of the European Economic Area. 1 Introduction Our Website, https:\/\/andremaciongacuvee.com (hereinafter referred to as &#8220;The Website&#8221;) uses cookies and similar technologies (for convenience, all of these are referred to as &#8220;cookies&#8221;). Cookies are also placed by third parties contracted by us. The document below informs you [&hellip;]<\/p>\n","protected":false},"author":1,"featured_media":0,"parent":0,"menu_order":0,"comment_status":"closed","ping_status":"closed","template":"","meta":{"footnotes":""},"class_list":["post-1545","page","type-page","status-publish","hentry"],"yoast_head":"<!-- This site is optimized with the Yoast SEO plugin v27.3 - https:\/\/yoast.com\/product\/yoast-seo-wordpress\/ -->\n<title>Cookie Policy (EU) - Andr\u00e9 Macionga Cuv\u00e9e<\/title>\n<meta name=\"robots\" content=\"index, follow, max-snippet:-1, max-image-preview:large, max-video-preview:-1\" \/>\n<link rel=\"canonical\" href=\"https:\/\/andremaciongacuvee.com\/en\/cookie-policy-eu\/\" \/>\n<meta property=\"og:locale\" content=\"en_US\" \/>\n<meta property=\"og:type\" content=\"article\" \/>\n<meta property=\"og:title\" content=\"Cookie Policy (EU) - Andr\u00e9 Macionga Cuv\u00e9e\" \/>\n<meta property=\"og:description\" content=\"This cookie declaration was last updated on 04 May 2020 and applies to citizens of the European Economic Area. 1 Introduction Our Website, https:\/\/andremaciongacuvee.com (hereinafter referred to as &#8220;The Website&#8221;) uses cookies and similar technologies (for convenience, all of these are referred to as &#8220;cookies&#8221;). Cookies are also placed by third parties contracted by us. The document below informs you [&hellip;]\" \/>\n<meta property=\"og:url\" content=\"https:\/\/andremaciongacuvee.com\/en\/cookie-policy-eu\/\" \/>\n<meta property=\"og:site_name\" content=\"Andr\u00e9 Macionga Cuv\u00e9e\" \/>\n<meta property=\"article:publisher\" content=\"https:\/\/www.facebook.com\/andremaciongacuvee\/\" \/>\n<meta property=\"article:modified_time\" content=\"2020-06-03T17:48:13+00:00\" \/>\n<meta name=\"twitter:card\" content=\"summary_large_image\" \/>\n<meta name=\"twitter:label1\" content=\"Est. reading time\" \/>\n\t<meta name=\"twitter:data1\" content=\"5 minutes\" \/>\n<script type=\"application\/ld+json\" class=\"yoast-schema-graph\">{\"@context\":\"https:\\\/\\\/schema.org\",\"@graph\":[{\"@type\":\"WebPage\",\"@id\":\"https:\\\/\\\/andremaciongacuvee.com\\\/en\\\/cookie-policy-eu\\\/\",\"url\":\"https:\\\/\\\/andremaciongacuvee.com\\\/en\\\/cookie-policy-eu\\\/\",\"name\":\"Cookie Policy (EU) - Andr\u00e9 Macionga Cuv\u00e9e\",\"isPartOf\":{\"@id\":\"https:\\\/\\\/andremaciongacuvee.com\\\/#website\"},\"datePublished\":\"2020-06-03T17:43:51+00:00\",\"dateModified\":\"2020-06-03T17:48:13+00:00\",\"breadcrumb\":{\"@id\":\"https:\\\/\\\/andremaciongacuvee.com\\\/en\\\/cookie-policy-eu\\\/#breadcrumb\"},\"inLanguage\":\"en-US\",\"potentialAction\":[{\"@type\":\"ReadAction\",\"target\":[\"https:\\\/\\\/andremaciongacuvee.com\\\/en\\\/cookie-policy-eu\\\/\"]}]},{\"@type\":\"BreadcrumbList\",\"@id\":\"https:\\\/\\\/andremaciongacuvee.com\\\/en\\\/cookie-policy-eu\\\/#breadcrumb\",\"itemListElement\":[{\"@type\":\"ListItem\",\"position\":1,\"name\":\"Startseite\",\"item\":\"https:\\\/\\\/andremaciongacuvee.com\\\/en\\\/weingueterweingueterwehome\\\/\"},{\"@type\":\"ListItem\",\"position\":2,\"name\":\"Cookie Policy (EU)\"}]},{\"@type\":\"WebSite\",\"@id\":\"https:\\\/\\\/andremaciongacuvee.com\\\/#website\",\"url\":\"https:\\\/\\\/andremaciongacuvee.com\\\/\",\"name\":\"Andr\u00e9 Macionga Cuv\u00e9e\",\"description\":\"Der Onlineshop von Andr\u00e9 Macionga Cuv\u00e9e\",\"publisher\":{\"@id\":\"https:\\\/\\\/andremaciongacuvee.com\\\/#organization\"},\"potentialAction\":[{\"@type\":\"SearchAction\",\"target\":{\"@type\":\"EntryPoint\",\"urlTemplate\":\"https:\\\/\\\/andremaciongacuvee.com\\\/?s={search_term_string}\"},\"query-input\":{\"@type\":\"PropertyValueSpecification\",\"valueRequired\":true,\"valueName\":\"search_term_string\"}}],\"inLanguage\":\"en-US\"},{\"@type\":\"Organization\",\"@id\":\"https:\\\/\\\/andremaciongacuvee.com\\\/#organization\",\"name\":\"Andr\u00e9 Macionga Cuv\u00e9e\",\"url\":\"https:\\\/\\\/andremaciongacuvee.com\\\/\",\"logo\":{\"@type\":\"ImageObject\",\"inLanguage\":\"en-US\",\"@id\":\"https:\\\/\\\/andremaciongacuvee.com\\\/#\\\/schema\\\/logo\\\/image\\\/\",\"url\":\"https:\\\/\\\/andremaciongacuvee.com\\\/wp-content\\\/uploads\\\/2018\\\/08\\\/amc_logo_black_shop.png\",\"contentUrl\":\"https:\\\/\\\/andremaciongacuvee.com\\\/wp-content\\\/uploads\\\/2018\\\/08\\\/amc_logo_black_shop.png\",\"width\":800,\"height\":150,\"caption\":\"Andr\u00e9 Macionga Cuv\u00e9e\"},\"image\":{\"@id\":\"https:\\\/\\\/andremaciongacuvee.com\\\/#\\\/schema\\\/logo\\\/image\\\/\"},\"sameAs\":[\"https:\\\/\\\/www.facebook.com\\\/andremaciongacuvee\\\/\",\"https:\\\/\\\/www.instagram.com\\\/andremaciongacuvee\\\/?hl=en\",\"https:\\\/\\\/www.linkedin.com\\\/in\\\/andre-macionga\\\/?originalSubdomain=de\"]}]}<\/script>\n<!-- \/ Yoast SEO plugin. -->","yoast_head_json":{"title":"Cookie Policy (EU) - Andr\u00e9 Macionga Cuv\u00e9e","robots":{"index":"index","follow":"follow","max-snippet":"max-snippet:-1","max-image-preview":"max-image-preview:large","max-video-preview":"max-video-preview:-1"},"canonical":"https:\/\/andremaciongacuvee.com\/en\/cookie-policy-eu\/","og_locale":"en_US","og_type":"article","og_title":"Cookie Policy (EU) - Andr\u00e9 Macionga Cuv\u00e9e","og_description":"This cookie declaration was last updated on 04 May 2020 and applies to citizens of the European Economic Area. 1 Introduction Our Website, https:\/\/andremaciongacuvee.com (hereinafter referred to as &#8220;The Website&#8221;) uses cookies and similar technologies (for convenience, all of these are referred to as &#8220;cookies&#8221;). Cookies are also placed by third parties contracted by us. The document below informs you [&hellip;]","og_url":"https:\/\/andremaciongacuvee.com\/en\/cookie-policy-eu\/","og_site_name":"Andr\u00e9 Macionga Cuv\u00e9e","article_publisher":"https:\/\/www.facebook.com\/andremaciongacuvee\/","article_modified_time":"2020-06-03T17:48:13+00:00","twitter_card":"summary_large_image","twitter_misc":{"Est. reading time":"5 minutes"},"schema":{"@context":"https:\/\/schema.org","@graph":[{"@type":"WebPage","@id":"https:\/\/andremaciongacuvee.com\/en\/cookie-policy-eu\/","url":"https:\/\/andremaciongacuvee.com\/en\/cookie-policy-eu\/","name":"Cookie Policy (EU) - Andr\u00e9 Macionga Cuv\u00e9e","isPartOf":{"@id":"https:\/\/andremaciongacuvee.com\/#website"},"datePublished":"2020-06-03T17:43:51+00:00","dateModified":"2020-06-03T17:48:13+00:00","breadcrumb":{"@id":"https:\/\/andremaciongacuvee.com\/en\/cookie-policy-eu\/#breadcrumb"},"inLanguage":"en-US","potentialAction":[{"@type":"ReadAction","target":["https:\/\/andremaciongacuvee.com\/en\/cookie-policy-eu\/"]}]},{"@type":"BreadcrumbList","@id":"https:\/\/andremaciongacuvee.com\/en\/cookie-policy-eu\/#breadcrumb","itemListElement":[{"@type":"ListItem","position":1,"name":"Startseite","item":"https:\/\/andremaciongacuvee.com\/en\/weingueterweingueterwehome\/"},{"@type":"ListItem","position":2,"name":"Cookie Policy (EU)"}]},{"@type":"WebSite","@id":"https:\/\/andremaciongacuvee.com\/#website","url":"https:\/\/andremaciongacuvee.com\/","name":"Andr\u00e9 Macionga Cuv\u00e9e","description":"Der Onlineshop von Andr\u00e9 Macionga Cuv\u00e9e","publisher":{"@id":"https:\/\/andremaciongacuvee.com\/#organization"},"potentialAction":[{"@type":"SearchAction","target":{"@type":"EntryPoint","urlTemplate":"https:\/\/andremaciongacuvee.com\/?s={search_term_string}"},"query-input":{"@type":"PropertyValueSpecification","valueRequired":true,"valueName":"search_term_string"}}],"inLanguage":"en-US"},{"@type":"Organization","@id":"https:\/\/andremaciongacuvee.com\/#organization","name":"Andr\u00e9 Macionga Cuv\u00e9e","url":"https:\/\/andremaciongacuvee.com\/","logo":{"@type":"ImageObject","inLanguage":"en-US","@id":"https:\/\/andremaciongacuvee.com\/#\/schema\/logo\/image\/","url":"https:\/\/andremaciongacuvee.com\/wp-content\/uploads\/2018\/08\/amc_logo_black_shop.png","contentUrl":"https:\/\/andremaciongacuvee.com\/wp-content\/uploads\/2018\/08\/amc_logo_black_shop.png","width":800,"height":150,"caption":"Andr\u00e9 Macionga Cuv\u00e9e"},"image":{"@id":"https:\/\/andremaciongacuvee.com\/#\/schema\/logo\/image\/"},"sameAs":["https:\/\/www.facebook.com\/andremaciongacuvee\/","https:\/\/www.instagram.com\/andremaciongacuvee\/?hl=en","https:\/\/www.linkedin.com\/in\/andre-macionga\/?originalSubdomain=de"]}]}},"jetpack_sharing_enabled":true,"_links":{"self":[{"href":"https:\/\/andremaciongacuvee.com\/en\/wp-json\/wp\/v2\/pages\/1545","targetHints":{"allow":["GET"]}}],"collection":[{"href":"https:\/\/andremaciongacuvee.com\/en\/wp-json\/wp\/v2\/pages"}],"about":[{"href":"https:\/\/andremaciongacuvee.com\/en\/wp-json\/wp\/v2\/types\/page"}],"author":[{"embeddable":true,"href":"https:\/\/andremaciongacuvee.com\/en\/wp-json\/wp\/v2\/users\/1"}],"replies":[{"embeddable":true,"href":"https:\/\/andremaciongacuvee.com\/en\/wp-json\/wp\/v2\/comments?post=1545"}],"version-history":[{"count":1,"href":"https:\/\/andremaciongacuvee.com\/en\/wp-json\/wp\/v2\/pages\/1545\/revisions"}],"predecessor-version":[{"id":1547,"href":"https:\/\/andremaciongacuvee.com\/en\/wp-json\/wp\/v2\/pages\/1545\/revisions\/1547"}],"wp:attachment":[{"href":"https:\/\/andremaciongacuvee.com\/en\/wp-json\/wp\/v2\/media?parent=1545"}],"curies":[{"name":"wp","href":"https:\/\/api.w.org\/{rel}","templated":true}]}}