{"id":1548,"date":"2020-06-03T19:55:44","date_gmt":"2020-06-03T17:55:44","guid":{"rendered":"https:\/\/andremaciongacuvee.shop\/imprint\/"},"modified":"2020-06-03T20:00:47","modified_gmt":"2020-06-03T18:00:47","slug":"imprint","status":"publish","type":"page","link":"https:\/\/andremaciongacuvee.com\/en\/imprint\/","title":{"rendered":"Imprint"},"content":{"rendered":"<p id=\"u11714-10\">Andr\u00e9 Macionga Cuv\u00e9e GmbH<br \/>\nB\u00fclowstr. 65<br \/>\n10783 Berlin<br \/>\nDeutschland<\/p>\n<p id=\"u11714-15\">Managing Director:<br \/>\nAndr\u00e9 Macionga &amp; Frank Veit<\/p>\n<p id=\"u11714-24\">Tel: +49 (0) 30 985 59168<br \/>\n<a class=\"nonblock\" href=\"http:\/\/andremaciongacuvee.com\/\">info@andremaciongacuvee.com<\/a><br \/>\nwww.andremaciongacuvee.com<\/p>\n<p id=\"u11714-29\">Registergericht &amp; Registernummer:<br \/>\nBerlin-Charlottenburg, HRB 190191 B<\/p>\n<p id=\"u11714-31\">Umsatzsteuer-Identifikationsnummer: DE 314129504<\/p>\n<p id=\"u11714-36\">Responsible for the content:<br \/>\nFrank Veit<\/p>\n<p>&nbsp;<\/p>\n<p>Information on online dispute resolution:<br \/>\nThe EU Commission has created an Internet platform for the online settlement of disputes (so-called &#8220;OS Platform&#8221;). The OS platform serves as an entry point for the out-of-court settlement of disputes concerning contractual obligations arising from online purchase contracts. The OS platform is available under the following link:\u00a0 http:\/\/ec.europa.eu\/consumers\/odr.<\/p>\n","protected":false},"excerpt":{"rendered":"<p>Andr\u00e9 Macionga Cuv\u00e9e GmbH B\u00fclowstr. 65 10783 Berlin Deutschland Managing Director: Andr\u00e9 Macionga &amp; Frank Veit Tel: +49 (0) 30 985 59168 info@andremaciongacuvee.com www.andremaciongacuvee.com Registergericht &amp; Registernummer: Berlin-Charlottenburg, HRB 190191 B Umsatzsteuer-Identifikationsnummer: DE 314129504 Responsible for the content: Frank Veit &nbsp; Information on online dispute resolution: The EU Commission has created an Internet platform for the online settlement of disputes [&hellip;]<\/p>\n","protected":false},"author":1,"featured_media":0,"parent":0,"menu_order":0,"comment_status":"closed","ping_status":"closed","template":"","meta":{"footnotes":""},"class_list":["post-1548","page","type-page","status-publish","hentry"],"yoast_head":"<!-- This site is optimized with the Yoast SEO plugin v27.4 - https:\/\/yoast.com\/product\/yoast-seo-wordpress\/ -->\n<title>Imprint - Andr\u00e9 Macionga Cuv\u00e9e<\/title>\n<meta name=\"robots\" content=\"index, follow, max-snippet:-1, max-image-preview:large, max-video-preview:-1\" \/>\n<link rel=\"canonical\" href=\"https:\/\/andremaciongacuvee.com\/en\/imprint\/\" \/>\n<meta property=\"og:locale\" content=\"en_US\" \/>\n<meta property=\"og:type\" content=\"article\" \/>\n<meta property=\"og:title\" content=\"Imprint - Andr\u00e9 Macionga Cuv\u00e9e\" \/>\n<meta property=\"og:description\" content=\"Andr\u00e9 Macionga Cuv\u00e9e GmbH B\u00fclowstr. 65 10783 Berlin Deutschland Managing Director: Andr\u00e9 Macionga &amp; Frank Veit Tel: +49 (0) 30 985 59168 info@andremaciongacuvee.com www.andremaciongacuvee.com Registergericht &amp; Registernummer: Berlin-Charlottenburg, HRB 190191 B Umsatzsteuer-Identifikationsnummer: DE 314129504 Responsible for the content: Frank Veit &nbsp; Information on online dispute resolution: The EU Commission has created an Internet platform for the online settlement of disputes [&hellip;]\" \/>\n<meta property=\"og:url\" content=\"https:\/\/andremaciongacuvee.com\/en\/imprint\/\" \/>\n<meta property=\"og:site_name\" content=\"Andr\u00e9 Macionga Cuv\u00e9e\" \/>\n<meta property=\"article:publisher\" content=\"https:\/\/www.facebook.com\/andremaciongacuvee\/\" \/>\n<meta property=\"article:modified_time\" content=\"2020-06-03T18:00:47+00:00\" \/>\n<meta name=\"twitter:card\" content=\"summary_large_image\" \/>\n<script type=\"application\/ld+json\" class=\"yoast-schema-graph\">{\"@context\":\"https:\\\/\\\/schema.org\",\"@graph\":[{\"@type\":\"WebPage\",\"@id\":\"https:\\\/\\\/andremaciongacuvee.com\\\/en\\\/imprint\\\/\",\"url\":\"https:\\\/\\\/andremaciongacuvee.com\\\/en\\\/imprint\\\/\",\"name\":\"Imprint - Andr\u00e9 Macionga Cuv\u00e9e\",\"isPartOf\":{\"@id\":\"https:\\\/\\\/andremaciongacuvee.com\\\/#website\"},\"datePublished\":\"2020-06-03T17:55:44+00:00\",\"dateModified\":\"2020-06-03T18:00:47+00:00\",\"breadcrumb\":{\"@id\":\"https:\\\/\\\/andremaciongacuvee.com\\\/en\\\/imprint\\\/#breadcrumb\"},\"inLanguage\":\"en-US\",\"potentialAction\":[{\"@type\":\"ReadAction\",\"target\":[\"https:\\\/\\\/andremaciongacuvee.com\\\/en\\\/imprint\\\/\"]}]},{\"@type\":\"BreadcrumbList\",\"@id\":\"https:\\\/\\\/andremaciongacuvee.com\\\/en\\\/imprint\\\/#breadcrumb\",\"itemListElement\":[{\"@type\":\"ListItem\",\"position\":1,\"name\":\"Startseite\",\"item\":\"https:\\\/\\\/andremaciongacuvee.com\\\/en\\\/weingueterweingueterwehome\\\/\"},{\"@type\":\"ListItem\",\"position\":2,\"name\":\"Imprint\"}]},{\"@type\":\"WebSite\",\"@id\":\"https:\\\/\\\/andremaciongacuvee.com\\\/#website\",\"url\":\"https:\\\/\\\/andremaciongacuvee.com\\\/\",\"name\":\"Andr\u00e9 Macionga Cuv\u00e9e\",\"description\":\"Der Onlineshop von Andr\u00e9 Macionga Cuv\u00e9e\",\"publisher\":{\"@id\":\"https:\\\/\\\/andremaciongacuvee.com\\\/#organization\"},\"potentialAction\":[{\"@type\":\"SearchAction\",\"target\":{\"@type\":\"EntryPoint\",\"urlTemplate\":\"https:\\\/\\\/andremaciongacuvee.com\\\/?s={search_term_string}\"},\"query-input\":{\"@type\":\"PropertyValueSpecification\",\"valueRequired\":true,\"valueName\":\"search_term_string\"}}],\"inLanguage\":\"en-US\"},{\"@type\":\"Organization\",\"@id\":\"https:\\\/\\\/andremaciongacuvee.com\\\/#organization\",\"name\":\"Andr\u00e9 Macionga Cuv\u00e9e\",\"url\":\"https:\\\/\\\/andremaciongacuvee.com\\\/\",\"logo\":{\"@type\":\"ImageObject\",\"inLanguage\":\"en-US\",\"@id\":\"https:\\\/\\\/andremaciongacuvee.com\\\/#\\\/schema\\\/logo\\\/image\\\/\",\"url\":\"https:\\\/\\\/andremaciongacuvee.com\\\/wp-content\\\/uploads\\\/2018\\\/08\\\/amc_logo_black_shop.png\",\"contentUrl\":\"https:\\\/\\\/andremaciongacuvee.com\\\/wp-content\\\/uploads\\\/2018\\\/08\\\/amc_logo_black_shop.png\",\"width\":800,\"height\":150,\"caption\":\"Andr\u00e9 Macionga Cuv\u00e9e\"},\"image\":{\"@id\":\"https:\\\/\\\/andremaciongacuvee.com\\\/#\\\/schema\\\/logo\\\/image\\\/\"},\"sameAs\":[\"https:\\\/\\\/www.facebook.com\\\/andremaciongacuvee\\\/\",\"https:\\\/\\\/www.instagram.com\\\/andremaciongacuvee\\\/?hl=en\",\"https:\\\/\\\/www.linkedin.com\\\/in\\\/andre-macionga\\\/?originalSubdomain=de\"]}]}<\/script>\n<!-- \/ Yoast SEO plugin. -->","yoast_head_json":{"title":"Imprint - Andr\u00e9 Macionga Cuv\u00e9e","robots":{"index":"index","follow":"follow","max-snippet":"max-snippet:-1","max-image-preview":"max-image-preview:large","max-video-preview":"max-video-preview:-1"},"canonical":"https:\/\/andremaciongacuvee.com\/en\/imprint\/","og_locale":"en_US","og_type":"article","og_title":"Imprint - Andr\u00e9 Macionga Cuv\u00e9e","og_description":"Andr\u00e9 Macionga Cuv\u00e9e GmbH B\u00fclowstr. 65 10783 Berlin Deutschland Managing Director: Andr\u00e9 Macionga &amp; Frank Veit Tel: +49 (0) 30 985 59168 info@andremaciongacuvee.com www.andremaciongacuvee.com Registergericht &amp; Registernummer: Berlin-Charlottenburg, HRB 190191 B Umsatzsteuer-Identifikationsnummer: DE 314129504 Responsible for the content: Frank Veit &nbsp; Information on online dispute resolution: The EU Commission has created an Internet platform for the online settlement of disputes [&hellip;]","og_url":"https:\/\/andremaciongacuvee.com\/en\/imprint\/","og_site_name":"Andr\u00e9 Macionga Cuv\u00e9e","article_publisher":"https:\/\/www.facebook.com\/andremaciongacuvee\/","article_modified_time":"2020-06-03T18:00:47+00:00","twitter_card":"summary_large_image","schema":{"@context":"https:\/\/schema.org","@graph":[{"@type":"WebPage","@id":"https:\/\/andremaciongacuvee.com\/en\/imprint\/","url":"https:\/\/andremaciongacuvee.com\/en\/imprint\/","name":"Imprint - Andr\u00e9 Macionga Cuv\u00e9e","isPartOf":{"@id":"https:\/\/andremaciongacuvee.com\/#website"},"datePublished":"2020-06-03T17:55:44+00:00","dateModified":"2020-06-03T18:00:47+00:00","breadcrumb":{"@id":"https:\/\/andremaciongacuvee.com\/en\/imprint\/#breadcrumb"},"inLanguage":"en-US","potentialAction":[{"@type":"ReadAction","target":["https:\/\/andremaciongacuvee.com\/en\/imprint\/"]}]},{"@type":"BreadcrumbList","@id":"https:\/\/andremaciongacuvee.com\/en\/imprint\/#breadcrumb","itemListElement":[{"@type":"ListItem","position":1,"name":"Startseite","item":"https:\/\/andremaciongacuvee.com\/en\/weingueterweingueterwehome\/"},{"@type":"ListItem","position":2,"name":"Imprint"}]},{"@type":"WebSite","@id":"https:\/\/andremaciongacuvee.com\/#website","url":"https:\/\/andremaciongacuvee.com\/","name":"Andr\u00e9 Macionga Cuv\u00e9e","description":"Der Onlineshop von Andr\u00e9 Macionga Cuv\u00e9e","publisher":{"@id":"https:\/\/andremaciongacuvee.com\/#organization"},"potentialAction":[{"@type":"SearchAction","target":{"@type":"EntryPoint","urlTemplate":"https:\/\/andremaciongacuvee.com\/?s={search_term_string}"},"query-input":{"@type":"PropertyValueSpecification","valueRequired":true,"valueName":"search_term_string"}}],"inLanguage":"en-US"},{"@type":"Organization","@id":"https:\/\/andremaciongacuvee.com\/#organization","name":"Andr\u00e9 Macionga Cuv\u00e9e","url":"https:\/\/andremaciongacuvee.com\/","logo":{"@type":"ImageObject","inLanguage":"en-US","@id":"https:\/\/andremaciongacuvee.com\/#\/schema\/logo\/image\/","url":"https:\/\/andremaciongacuvee.com\/wp-content\/uploads\/2018\/08\/amc_logo_black_shop.png","contentUrl":"https:\/\/andremaciongacuvee.com\/wp-content\/uploads\/2018\/08\/amc_logo_black_shop.png","width":800,"height":150,"caption":"Andr\u00e9 Macionga Cuv\u00e9e"},"image":{"@id":"https:\/\/andremaciongacuvee.com\/#\/schema\/logo\/image\/"},"sameAs":["https:\/\/www.facebook.com\/andremaciongacuvee\/","https:\/\/www.instagram.com\/andremaciongacuvee\/?hl=en","https:\/\/www.linkedin.com\/in\/andre-macionga\/?originalSubdomain=de"]}]}},"jetpack_sharing_enabled":true,"_links":{"self":[{"href":"https:\/\/andremaciongacuvee.com\/en\/wp-json\/wp\/v2\/pages\/1548","targetHints":{"allow":["GET"]}}],"collection":[{"href":"https:\/\/andremaciongacuvee.com\/en\/wp-json\/wp\/v2\/pages"}],"about":[{"href":"https:\/\/andremaciongacuvee.com\/en\/wp-json\/wp\/v2\/types\/page"}],"author":[{"embeddable":true,"href":"https:\/\/andremaciongacuvee.com\/en\/wp-json\/wp\/v2\/users\/1"}],"replies":[{"embeddable":true,"href":"https:\/\/andremaciongacuvee.com\/en\/wp-json\/wp\/v2\/comments?post=1548"}],"version-history":[{"count":1,"href":"https:\/\/andremaciongacuvee.com\/en\/wp-json\/wp\/v2\/pages\/1548\/revisions"}],"predecessor-version":[{"id":1550,"href":"https:\/\/andremaciongacuvee.com\/en\/wp-json\/wp\/v2\/pages\/1548\/revisions\/1550"}],"wp:attachment":[{"href":"https:\/\/andremaciongacuvee.com\/en\/wp-json\/wp\/v2\/media?parent=1548"}],"curies":[{"name":"wp","href":"https:\/\/api.w.org\/{rel}","templated":true}]}}