{"id":1246,"date":"2019-05-07T09:47:11","date_gmt":"2019-05-07T07:47:11","guid":{"rendered":"https:\/\/andremaciongacuvee.shop\/shop\/uncategorized\/1246\/"},"modified":"2021-05-04T13:19:52","modified_gmt":"2021-05-04T11:19:52","slug":"hilda-2017","status":"publish","type":"product","link":"https:\/\/andremaciongacuvee.com\/en\/shop\/winery\/klostermuehle-odernheim-en\/hilda-2017\/","title":{"rendered":"Hilda 2017"},"content":{"rendered":"<p><b>Tasting<\/b> <b>note<\/b><\/p>\n<p>Immediately after opening, Hilda shows herself in a delicate green dress made of grass, hay and carrot green and leaves a lasting impression. The green tones are also reflected on the palate and harmonize with the current exoticism of an unripe, woody pineapple, which is less sweet, but rather caramelized and gives a really exciting drinking experience. The noticeable minerality and freshness, the mix of grapefruit and lime peel round off the picture and make you want a second sip.<\/p>\n<p>Splendid. After a while, the wine presents itself much more open, silky, softer and lets the green-yellow aromas flutter towards the nose. The oxygen shows itself again as an absolute accelerator. The green tones of the wine are pushed against the palate as if they were racing over the turbo arrow in Mario Kart. Hilda 2017 from Klosterm\u00fchle Odernheim &amp; Andr\u00e9 Macionga is a cuv\u00e9e that leaves a slight smile on the lips with every sip. An absolutely unarrogant wine that is very satisfied with itself.<\/p>\n","protected":false},"excerpt":{"rendered":"<p><strong>Limited edition, 6000 bottles<\/strong><\/p>\n<p>Fabric with a direct line and yet extremely elegant. The interplay of body and acidity results in a highly complex aroma, which beautifully reflects the origin. The freshness and the spiciness never appear satiating, so that a pleasant drinking flow is created.<\/p>\n","protected":false},"featured_media":1247,"template":"","meta":[],"product_brand":[],"product_cat":[96,97,98],"product_tag":[],"class_list":{"0":"post-1246","1":"product","2":"type-product","3":"status-publish","4":"has-post-thumbnail","6":"product_cat-075-l","7":"product_cat-cuvee-white","8":"product_cat-klostermuehle-odernheim-en","10":"first","11":"instock","12":"taxable","13":"shipping-taxable","14":"purchasable","15":"product-type-simple"},"yoast_head":"<!-- This site is optimized with the Yoast SEO plugin v27.3 - https:\/\/yoast.com\/product\/yoast-seo-wordpress\/ -->\n<title>Hilda 2017 - Andr\u00e9 Macionga Cuv\u00e9e<\/title>\n<meta name=\"robots\" content=\"index, follow, max-snippet:-1, max-image-preview:large, max-video-preview:-1\" \/>\n<link rel=\"canonical\" href=\"https:\/\/andremaciongacuvee.com\/en\/shop\/winery\/klostermuehle-odernheim-en\/hilda-2017\/\" \/>\n<meta property=\"og:locale\" content=\"en_US\" \/>\n<meta property=\"og:type\" content=\"article\" \/>\n<meta property=\"og:title\" content=\"Hilda 2017 - Andr\u00e9 Macionga Cuv\u00e9e\" \/>\n<meta property=\"og:description\" content=\"Limited edition, 6000 bottles  Fabric with a direct line and yet extremely elegant. The interplay of body and acidity results in a highly complex aroma, which beautifully reflects the origin. The freshness and the spiciness never appear satiating, so that a pleasant drinking flow is created.\" \/>\n<meta property=\"og:url\" content=\"https:\/\/andremaciongacuvee.com\/en\/shop\/winery\/klostermuehle-odernheim-en\/hilda-2017\/\" \/>\n<meta property=\"og:site_name\" content=\"Andr\u00e9 Macionga Cuv\u00e9e\" \/>\n<meta property=\"article:publisher\" content=\"https:\/\/www.facebook.com\/andremaciongacuvee\/\" \/>\n<meta property=\"article:modified_time\" content=\"2021-05-04T11:19:52+00:00\" \/>\n<meta property=\"og:image\" content=\"https:\/\/andremaciongacuvee.com\/wp-content\/uploads\/2018\/08\/AMC_19_1-304_1.png\" \/>\n\t<meta property=\"og:image:width\" content=\"2100\" \/>\n\t<meta property=\"og:image:height\" content=\"2100\" \/>\n\t<meta property=\"og:image:type\" content=\"image\/png\" \/>\n<meta name=\"twitter:card\" content=\"summary_large_image\" \/>\n<meta name=\"twitter:label1\" content=\"Est. reading time\" \/>\n\t<meta name=\"twitter:data1\" content=\"1 minute\" \/>\n<script type=\"application\/ld+json\" class=\"yoast-schema-graph\">{\"@context\":\"https:\\\/\\\/schema.org\",\"@graph\":[{\"@type\":\"WebPage\",\"@id\":\"https:\\\/\\\/andremaciongacuvee.com\\\/en\\\/shop\\\/winery\\\/klostermuehle-odernheim-en\\\/hilda-2017\\\/\",\"url\":\"https:\\\/\\\/andremaciongacuvee.com\\\/en\\\/shop\\\/winery\\\/klostermuehle-odernheim-en\\\/hilda-2017\\\/\",\"name\":\"Hilda 2017 - Andr\u00e9 Macionga Cuv\u00e9e\",\"isPartOf\":{\"@id\":\"https:\\\/\\\/andremaciongacuvee.com\\\/#website\"},\"primaryImageOfPage\":{\"@id\":\"https:\\\/\\\/andremaciongacuvee.com\\\/en\\\/shop\\\/winery\\\/klostermuehle-odernheim-en\\\/hilda-2017\\\/#primaryimage\"},\"image\":{\"@id\":\"https:\\\/\\\/andremaciongacuvee.com\\\/en\\\/shop\\\/winery\\\/klostermuehle-odernheim-en\\\/hilda-2017\\\/#primaryimage\"},\"thumbnailUrl\":\"https:\\\/\\\/andremaciongacuvee.com\\\/wp-content\\\/uploads\\\/2018\\\/08\\\/AMC_19_1-304_1.png\",\"datePublished\":\"2019-05-07T07:47:11+00:00\",\"dateModified\":\"2021-05-04T11:19:52+00:00\",\"breadcrumb\":{\"@id\":\"https:\\\/\\\/andremaciongacuvee.com\\\/en\\\/shop\\\/winery\\\/klostermuehle-odernheim-en\\\/hilda-2017\\\/#breadcrumb\"},\"inLanguage\":\"en-US\",\"potentialAction\":[{\"@type\":\"ReadAction\",\"target\":[\"https:\\\/\\\/andremaciongacuvee.com\\\/en\\\/shop\\\/winery\\\/klostermuehle-odernheim-en\\\/hilda-2017\\\/\"]}]},{\"@type\":\"ImageObject\",\"inLanguage\":\"en-US\",\"@id\":\"https:\\\/\\\/andremaciongacuvee.com\\\/en\\\/shop\\\/winery\\\/klostermuehle-odernheim-en\\\/hilda-2017\\\/#primaryimage\",\"url\":\"https:\\\/\\\/andremaciongacuvee.com\\\/wp-content\\\/uploads\\\/2018\\\/08\\\/AMC_19_1-304_1.png\",\"contentUrl\":\"https:\\\/\\\/andremaciongacuvee.com\\\/wp-content\\\/uploads\\\/2018\\\/08\\\/AMC_19_1-304_1.png\",\"width\":2100,\"height\":2100,\"caption\":\"Cuv\u00e9e Hilda\"},{\"@type\":\"BreadcrumbList\",\"@id\":\"https:\\\/\\\/andremaciongacuvee.com\\\/en\\\/shop\\\/winery\\\/klostermuehle-odernheim-en\\\/hilda-2017\\\/#breadcrumb\",\"itemListElement\":[{\"@type\":\"ListItem\",\"position\":1,\"name\":\"Startseite\",\"item\":\"https:\\\/\\\/andremaciongacuvee.com\\\/en\\\/weingueterweingueterwehome\\\/\"},{\"@type\":\"ListItem\",\"position\":2,\"name\":\"Shop\",\"item\":\"https:\\\/\\\/andremaciongacuvee.com\\\/en\\\/shop-2\\\/\"},{\"@type\":\"ListItem\",\"position\":3,\"name\":\"Hilda 2017\"}]},{\"@type\":\"WebSite\",\"@id\":\"https:\\\/\\\/andremaciongacuvee.com\\\/#website\",\"url\":\"https:\\\/\\\/andremaciongacuvee.com\\\/\",\"name\":\"Andr\u00e9 Macionga Cuv\u00e9e\",\"description\":\"Der Onlineshop von Andr\u00e9 Macionga Cuv\u00e9e\",\"publisher\":{\"@id\":\"https:\\\/\\\/andremaciongacuvee.com\\\/#organization\"},\"potentialAction\":[{\"@type\":\"SearchAction\",\"target\":{\"@type\":\"EntryPoint\",\"urlTemplate\":\"https:\\\/\\\/andremaciongacuvee.com\\\/?s={search_term_string}\"},\"query-input\":{\"@type\":\"PropertyValueSpecification\",\"valueRequired\":true,\"valueName\":\"search_term_string\"}}],\"inLanguage\":\"en-US\"},{\"@type\":\"Organization\",\"@id\":\"https:\\\/\\\/andremaciongacuvee.com\\\/#organization\",\"name\":\"Andr\u00e9 Macionga Cuv\u00e9e\",\"url\":\"https:\\\/\\\/andremaciongacuvee.com\\\/\",\"logo\":{\"@type\":\"ImageObject\",\"inLanguage\":\"en-US\",\"@id\":\"https:\\\/\\\/andremaciongacuvee.com\\\/#\\\/schema\\\/logo\\\/image\\\/\",\"url\":\"https:\\\/\\\/andremaciongacuvee.com\\\/wp-content\\\/uploads\\\/2018\\\/08\\\/amc_logo_black_shop.png\",\"contentUrl\":\"https:\\\/\\\/andremaciongacuvee.com\\\/wp-content\\\/uploads\\\/2018\\\/08\\\/amc_logo_black_shop.png\",\"width\":800,\"height\":150,\"caption\":\"Andr\u00e9 Macionga Cuv\u00e9e\"},\"image\":{\"@id\":\"https:\\\/\\\/andremaciongacuvee.com\\\/#\\\/schema\\\/logo\\\/image\\\/\"},\"sameAs\":[\"https:\\\/\\\/www.facebook.com\\\/andremaciongacuvee\\\/\",\"https:\\\/\\\/www.instagram.com\\\/andremaciongacuvee\\\/?hl=en\",\"https:\\\/\\\/www.linkedin.com\\\/in\\\/andre-macionga\\\/?originalSubdomain=de\"]}]}<\/script>\n<!-- \/ Yoast SEO plugin. -->","yoast_head_json":{"title":"Hilda 2017 - Andr\u00e9 Macionga Cuv\u00e9e","robots":{"index":"index","follow":"follow","max-snippet":"max-snippet:-1","max-image-preview":"max-image-preview:large","max-video-preview":"max-video-preview:-1"},"canonical":"https:\/\/andremaciongacuvee.com\/en\/shop\/winery\/klostermuehle-odernheim-en\/hilda-2017\/","og_locale":"en_US","og_type":"article","og_title":"Hilda 2017 - Andr\u00e9 Macionga Cuv\u00e9e","og_description":"Limited edition, 6000 bottles  Fabric with a direct line and yet extremely elegant. The interplay of body and acidity results in a highly complex aroma, which beautifully reflects the origin. The freshness and the spiciness never appear satiating, so that a pleasant drinking flow is created.","og_url":"https:\/\/andremaciongacuvee.com\/en\/shop\/winery\/klostermuehle-odernheim-en\/hilda-2017\/","og_site_name":"Andr\u00e9 Macionga Cuv\u00e9e","article_publisher":"https:\/\/www.facebook.com\/andremaciongacuvee\/","article_modified_time":"2021-05-04T11:19:52+00:00","og_image":[{"width":2100,"height":2100,"url":"https:\/\/andremaciongacuvee.com\/wp-content\/uploads\/2018\/08\/AMC_19_1-304_1.png","type":"image\/png"}],"twitter_card":"summary_large_image","twitter_misc":{"Est. reading time":"1 minute"},"schema":{"@context":"https:\/\/schema.org","@graph":[{"@type":"WebPage","@id":"https:\/\/andremaciongacuvee.com\/en\/shop\/winery\/klostermuehle-odernheim-en\/hilda-2017\/","url":"https:\/\/andremaciongacuvee.com\/en\/shop\/winery\/klostermuehle-odernheim-en\/hilda-2017\/","name":"Hilda 2017 - Andr\u00e9 Macionga Cuv\u00e9e","isPartOf":{"@id":"https:\/\/andremaciongacuvee.com\/#website"},"primaryImageOfPage":{"@id":"https:\/\/andremaciongacuvee.com\/en\/shop\/winery\/klostermuehle-odernheim-en\/hilda-2017\/#primaryimage"},"image":{"@id":"https:\/\/andremaciongacuvee.com\/en\/shop\/winery\/klostermuehle-odernheim-en\/hilda-2017\/#primaryimage"},"thumbnailUrl":"https:\/\/andremaciongacuvee.com\/wp-content\/uploads\/2018\/08\/AMC_19_1-304_1.png","datePublished":"2019-05-07T07:47:11+00:00","dateModified":"2021-05-04T11:19:52+00:00","breadcrumb":{"@id":"https:\/\/andremaciongacuvee.com\/en\/shop\/winery\/klostermuehle-odernheim-en\/hilda-2017\/#breadcrumb"},"inLanguage":"en-US","potentialAction":[{"@type":"ReadAction","target":["https:\/\/andremaciongacuvee.com\/en\/shop\/winery\/klostermuehle-odernheim-en\/hilda-2017\/"]}]},{"@type":"ImageObject","inLanguage":"en-US","@id":"https:\/\/andremaciongacuvee.com\/en\/shop\/winery\/klostermuehle-odernheim-en\/hilda-2017\/#primaryimage","url":"https:\/\/andremaciongacuvee.com\/wp-content\/uploads\/2018\/08\/AMC_19_1-304_1.png","contentUrl":"https:\/\/andremaciongacuvee.com\/wp-content\/uploads\/2018\/08\/AMC_19_1-304_1.png","width":2100,"height":2100,"caption":"Cuv\u00e9e Hilda"},{"@type":"BreadcrumbList","@id":"https:\/\/andremaciongacuvee.com\/en\/shop\/winery\/klostermuehle-odernheim-en\/hilda-2017\/#breadcrumb","itemListElement":[{"@type":"ListItem","position":1,"name":"Startseite","item":"https:\/\/andremaciongacuvee.com\/en\/weingueterweingueterwehome\/"},{"@type":"ListItem","position":2,"name":"Shop","item":"https:\/\/andremaciongacuvee.com\/en\/shop-2\/"},{"@type":"ListItem","position":3,"name":"Hilda 2017"}]},{"@type":"WebSite","@id":"https:\/\/andremaciongacuvee.com\/#website","url":"https:\/\/andremaciongacuvee.com\/","name":"Andr\u00e9 Macionga Cuv\u00e9e","description":"Der Onlineshop von Andr\u00e9 Macionga Cuv\u00e9e","publisher":{"@id":"https:\/\/andremaciongacuvee.com\/#organization"},"potentialAction":[{"@type":"SearchAction","target":{"@type":"EntryPoint","urlTemplate":"https:\/\/andremaciongacuvee.com\/?s={search_term_string}"},"query-input":{"@type":"PropertyValueSpecification","valueRequired":true,"valueName":"search_term_string"}}],"inLanguage":"en-US"},{"@type":"Organization","@id":"https:\/\/andremaciongacuvee.com\/#organization","name":"Andr\u00e9 Macionga Cuv\u00e9e","url":"https:\/\/andremaciongacuvee.com\/","logo":{"@type":"ImageObject","inLanguage":"en-US","@id":"https:\/\/andremaciongacuvee.com\/#\/schema\/logo\/image\/","url":"https:\/\/andremaciongacuvee.com\/wp-content\/uploads\/2018\/08\/amc_logo_black_shop.png","contentUrl":"https:\/\/andremaciongacuvee.com\/wp-content\/uploads\/2018\/08\/amc_logo_black_shop.png","width":800,"height":150,"caption":"Andr\u00e9 Macionga Cuv\u00e9e"},"image":{"@id":"https:\/\/andremaciongacuvee.com\/#\/schema\/logo\/image\/"},"sameAs":["https:\/\/www.facebook.com\/andremaciongacuvee\/","https:\/\/www.instagram.com\/andremaciongacuvee\/?hl=en","https:\/\/www.linkedin.com\/in\/andre-macionga\/?originalSubdomain=de"]}]}},"jetpack_sharing_enabled":true,"_links":{"self":[{"href":"https:\/\/andremaciongacuvee.com\/en\/wp-json\/wp\/v2\/product\/1246","targetHints":{"allow":["GET"]}}],"collection":[{"href":"https:\/\/andremaciongacuvee.com\/en\/wp-json\/wp\/v2\/product"}],"about":[{"href":"https:\/\/andremaciongacuvee.com\/en\/wp-json\/wp\/v2\/types\/product"}],"wp:featuredmedia":[{"embeddable":true,"href":"https:\/\/andremaciongacuvee.com\/en\/wp-json\/wp\/v2\/media\/1247"}],"wp:attachment":[{"href":"https:\/\/andremaciongacuvee.com\/en\/wp-json\/wp\/v2\/media?parent=1246"}],"wp:term":[{"taxonomy":"product_brand","embeddable":true,"href":"https:\/\/andremaciongacuvee.com\/en\/wp-json\/wp\/v2\/product_brand?post=1246"},{"taxonomy":"product_cat","embeddable":true,"href":"https:\/\/andremaciongacuvee.com\/en\/wp-json\/wp\/v2\/product_cat?post=1246"},{"taxonomy":"product_tag","embeddable":true,"href":"https:\/\/andremaciongacuvee.com\/en\/wp-json\/wp\/v2\/product_tag?post=1246"}],"curies":[{"name":"wp","href":"https:\/\/api.w.org\/{rel}","templated":true}]}}