{"id":1349,"date":"2019-04-11T09:06:38","date_gmt":"2019-04-11T07:06:38","guid":{"rendered":"https:\/\/andremaciongacuvee.shop\/shop\/uncategorized\/veuve-clicquot-brut-0375-l\/"},"modified":"2021-05-04T13:11:33","modified_gmt":"2021-05-04T11:11:33","slug":"es-ist-wie-es-ist-2016","status":"publish","type":"product","link":"https:\/\/andremaciongacuvee.com\/en\/shop\/winery\/horst-sauer\/es-ist-wie-es-ist-2016\/","title":{"rendered":"Es ist wie es ist No. 6 2016"},"content":{"rendered":"<p><b>Tasting<\/b> <b>note<\/b><\/p>\n<p>Boooom, massive and brutal, the wine lets you know that it is now open. It&#8217;s like listening to music at the edge, from zero to hundred. Aromas of fully ripe, extremely juicy oranges, tones of saffron and turmeric fill the air. The Es ist wie es ist 2016 is intense, focused and very, very present. With its incredible flavor, it is almost meaty, I think of cooked lamb curry from Kashmir. On the palate we experience an insane multi-faceted game and an abundance of power and aromas. Despite everything, the wine prances down your throat with ease. You want to turn the system down and turn the button, but it doesn&#8217;t get quieter. You turn in vain. A unique idea of \u200b\u200bwine.<\/p>\n<p>With air we still notice the large disco sound system with every breath, where we stand next to the bass and the music flows through us. The wine now has a little more extract sweetness. It has become even denser, more intense and more masculine, with slightly peaty tones, but is now accompanied by a fresh acidity that gives the cuv\u00e9e the necessary lightness again. We don&#8217;t experience a giant leap to the first picture &#8211; but that&#8217;s how it&#8217;s done. The Es ist wie es ist No. 6 keeps what it promises for a long time, becomes more and more spicy and smoky. Roasted quail with tangerine, red pepper and sweet potato foam.<\/p>\n","protected":false},"excerpt":{"rendered":"<p><strong>Limited edition, 2800 bottles, numbered<\/strong><\/p>\n<p>An aromatic roller coaster ride at the limit. Here the orchestra plays at the highest volume right from the beginning. Above all, the play of textures, which is presented differently every few minutes, is unique.<\/p>\n","protected":false},"featured_media":1350,"template":"","meta":[],"product_brand":[],"product_cat":[96,97,117],"product_tag":[],"class_list":{"0":"post-1349","1":"product","2":"type-product","3":"status-publish","4":"has-post-thumbnail","6":"product_cat-075-l","7":"product_cat-cuvee-white","8":"product_cat-horst-sauer","10":"first","11":"outofstock","12":"featured","13":"taxable","14":"shipping-taxable","15":"purchasable","16":"product-type-simple"},"yoast_head":"<!-- This site is optimized with the Yoast SEO plugin v27.3 - https:\/\/yoast.com\/product\/yoast-seo-wordpress\/ -->\n<title>Es ist wie es ist No. 6 2016 - Andr\u00e9 Macionga Cuv\u00e9e<\/title>\n<meta name=\"robots\" content=\"index, follow, max-snippet:-1, max-image-preview:large, max-video-preview:-1\" \/>\n<link rel=\"canonical\" href=\"https:\/\/andremaciongacuvee.com\/en\/shop\/winery\/horst-sauer\/es-ist-wie-es-ist-2016\/\" \/>\n<meta property=\"og:locale\" content=\"en_US\" \/>\n<meta property=\"og:type\" content=\"article\" \/>\n<meta property=\"og:title\" content=\"Es ist wie es ist No. 6 2016 - Andr\u00e9 Macionga Cuv\u00e9e\" \/>\n<meta property=\"og:description\" content=\"Limited edition, 2800 bottles, numbered  An aromatic roller coaster ride at the limit. Here the orchestra plays at the highest volume right from the beginning. Above all, the play of textures, which is presented differently every few minutes, is unique.\" \/>\n<meta property=\"og:url\" content=\"https:\/\/andremaciongacuvee.com\/en\/shop\/winery\/horst-sauer\/es-ist-wie-es-ist-2016\/\" \/>\n<meta property=\"og:site_name\" content=\"Andr\u00e9 Macionga Cuv\u00e9e\" \/>\n<meta property=\"article:publisher\" content=\"https:\/\/www.facebook.com\/andremaciongacuvee\/\" \/>\n<meta property=\"article:modified_time\" content=\"2021-05-04T11:11:33+00:00\" \/>\n<meta property=\"og:image\" content=\"https:\/\/andremaciongacuvee.com\/wp-content\/uploads\/2018\/08\/AMC_19_1-350_1.png\" \/>\n\t<meta property=\"og:image:width\" content=\"2100\" \/>\n\t<meta property=\"og:image:height\" content=\"2100\" \/>\n\t<meta property=\"og:image:type\" content=\"image\/png\" \/>\n<meta name=\"twitter:card\" content=\"summary_large_image\" \/>\n<meta name=\"twitter:label1\" content=\"Est. reading time\" \/>\n\t<meta name=\"twitter:data1\" content=\"1 minute\" \/>\n<script type=\"application\/ld+json\" class=\"yoast-schema-graph\">{\"@context\":\"https:\\\/\\\/schema.org\",\"@graph\":[{\"@type\":\"WebPage\",\"@id\":\"https:\\\/\\\/andremaciongacuvee.com\\\/en\\\/shop\\\/winery\\\/horst-sauer\\\/es-ist-wie-es-ist-2016\\\/\",\"url\":\"https:\\\/\\\/andremaciongacuvee.com\\\/en\\\/shop\\\/winery\\\/horst-sauer\\\/es-ist-wie-es-ist-2016\\\/\",\"name\":\"Es ist wie es ist No. 6 2016 - Andr\u00e9 Macionga Cuv\u00e9e\",\"isPartOf\":{\"@id\":\"https:\\\/\\\/andremaciongacuvee.com\\\/#website\"},\"primaryImageOfPage\":{\"@id\":\"https:\\\/\\\/andremaciongacuvee.com\\\/en\\\/shop\\\/winery\\\/horst-sauer\\\/es-ist-wie-es-ist-2016\\\/#primaryimage\"},\"image\":{\"@id\":\"https:\\\/\\\/andremaciongacuvee.com\\\/en\\\/shop\\\/winery\\\/horst-sauer\\\/es-ist-wie-es-ist-2016\\\/#primaryimage\"},\"thumbnailUrl\":\"https:\\\/\\\/andremaciongacuvee.com\\\/wp-content\\\/uploads\\\/2018\\\/08\\\/AMC_19_1-350_1.png\",\"datePublished\":\"2019-04-11T07:06:38+00:00\",\"dateModified\":\"2021-05-04T11:11:33+00:00\",\"breadcrumb\":{\"@id\":\"https:\\\/\\\/andremaciongacuvee.com\\\/en\\\/shop\\\/winery\\\/horst-sauer\\\/es-ist-wie-es-ist-2016\\\/#breadcrumb\"},\"inLanguage\":\"en-US\",\"potentialAction\":[{\"@type\":\"ReadAction\",\"target\":[\"https:\\\/\\\/andremaciongacuvee.com\\\/en\\\/shop\\\/winery\\\/horst-sauer\\\/es-ist-wie-es-ist-2016\\\/\"]}]},{\"@type\":\"ImageObject\",\"inLanguage\":\"en-US\",\"@id\":\"https:\\\/\\\/andremaciongacuvee.com\\\/en\\\/shop\\\/winery\\\/horst-sauer\\\/es-ist-wie-es-ist-2016\\\/#primaryimage\",\"url\":\"https:\\\/\\\/andremaciongacuvee.com\\\/wp-content\\\/uploads\\\/2018\\\/08\\\/AMC_19_1-350_1.png\",\"contentUrl\":\"https:\\\/\\\/andremaciongacuvee.com\\\/wp-content\\\/uploads\\\/2018\\\/08\\\/AMC_19_1-350_1.png\",\"width\":2100,\"height\":2100},{\"@type\":\"BreadcrumbList\",\"@id\":\"https:\\\/\\\/andremaciongacuvee.com\\\/en\\\/shop\\\/winery\\\/horst-sauer\\\/es-ist-wie-es-ist-2016\\\/#breadcrumb\",\"itemListElement\":[{\"@type\":\"ListItem\",\"position\":1,\"name\":\"Startseite\",\"item\":\"https:\\\/\\\/andremaciongacuvee.com\\\/en\\\/weingueterweingueterwehome\\\/\"},{\"@type\":\"ListItem\",\"position\":2,\"name\":\"Shop\",\"item\":\"https:\\\/\\\/andremaciongacuvee.com\\\/en\\\/shop-2\\\/\"},{\"@type\":\"ListItem\",\"position\":3,\"name\":\"Es ist wie es ist No. 6 2016\"}]},{\"@type\":\"WebSite\",\"@id\":\"https:\\\/\\\/andremaciongacuvee.com\\\/#website\",\"url\":\"https:\\\/\\\/andremaciongacuvee.com\\\/\",\"name\":\"Andr\u00e9 Macionga Cuv\u00e9e\",\"description\":\"Der Onlineshop von Andr\u00e9 Macionga Cuv\u00e9e\",\"publisher\":{\"@id\":\"https:\\\/\\\/andremaciongacuvee.com\\\/#organization\"},\"potentialAction\":[{\"@type\":\"SearchAction\",\"target\":{\"@type\":\"EntryPoint\",\"urlTemplate\":\"https:\\\/\\\/andremaciongacuvee.com\\\/?s={search_term_string}\"},\"query-input\":{\"@type\":\"PropertyValueSpecification\",\"valueRequired\":true,\"valueName\":\"search_term_string\"}}],\"inLanguage\":\"en-US\"},{\"@type\":\"Organization\",\"@id\":\"https:\\\/\\\/andremaciongacuvee.com\\\/#organization\",\"name\":\"Andr\u00e9 Macionga Cuv\u00e9e\",\"url\":\"https:\\\/\\\/andremaciongacuvee.com\\\/\",\"logo\":{\"@type\":\"ImageObject\",\"inLanguage\":\"en-US\",\"@id\":\"https:\\\/\\\/andremaciongacuvee.com\\\/#\\\/schema\\\/logo\\\/image\\\/\",\"url\":\"https:\\\/\\\/andremaciongacuvee.com\\\/wp-content\\\/uploads\\\/2018\\\/08\\\/amc_logo_black_shop.png\",\"contentUrl\":\"https:\\\/\\\/andremaciongacuvee.com\\\/wp-content\\\/uploads\\\/2018\\\/08\\\/amc_logo_black_shop.png\",\"width\":800,\"height\":150,\"caption\":\"Andr\u00e9 Macionga Cuv\u00e9e\"},\"image\":{\"@id\":\"https:\\\/\\\/andremaciongacuvee.com\\\/#\\\/schema\\\/logo\\\/image\\\/\"},\"sameAs\":[\"https:\\\/\\\/www.facebook.com\\\/andremaciongacuvee\\\/\",\"https:\\\/\\\/www.instagram.com\\\/andremaciongacuvee\\\/?hl=en\",\"https:\\\/\\\/www.linkedin.com\\\/in\\\/andre-macionga\\\/?originalSubdomain=de\"]}]}<\/script>\n<!-- \/ Yoast SEO plugin. -->","yoast_head_json":{"title":"Es ist wie es ist No. 6 2016 - Andr\u00e9 Macionga Cuv\u00e9e","robots":{"index":"index","follow":"follow","max-snippet":"max-snippet:-1","max-image-preview":"max-image-preview:large","max-video-preview":"max-video-preview:-1"},"canonical":"https:\/\/andremaciongacuvee.com\/en\/shop\/winery\/horst-sauer\/es-ist-wie-es-ist-2016\/","og_locale":"en_US","og_type":"article","og_title":"Es ist wie es ist No. 6 2016 - Andr\u00e9 Macionga Cuv\u00e9e","og_description":"Limited edition, 2800 bottles, numbered  An aromatic roller coaster ride at the limit. Here the orchestra plays at the highest volume right from the beginning. Above all, the play of textures, which is presented differently every few minutes, is unique.","og_url":"https:\/\/andremaciongacuvee.com\/en\/shop\/winery\/horst-sauer\/es-ist-wie-es-ist-2016\/","og_site_name":"Andr\u00e9 Macionga Cuv\u00e9e","article_publisher":"https:\/\/www.facebook.com\/andremaciongacuvee\/","article_modified_time":"2021-05-04T11:11:33+00:00","og_image":[{"width":2100,"height":2100,"url":"https:\/\/andremaciongacuvee.com\/wp-content\/uploads\/2018\/08\/AMC_19_1-350_1.png","type":"image\/png"}],"twitter_card":"summary_large_image","twitter_misc":{"Est. reading time":"1 minute"},"schema":{"@context":"https:\/\/schema.org","@graph":[{"@type":"WebPage","@id":"https:\/\/andremaciongacuvee.com\/en\/shop\/winery\/horst-sauer\/es-ist-wie-es-ist-2016\/","url":"https:\/\/andremaciongacuvee.com\/en\/shop\/winery\/horst-sauer\/es-ist-wie-es-ist-2016\/","name":"Es ist wie es ist No. 6 2016 - Andr\u00e9 Macionga Cuv\u00e9e","isPartOf":{"@id":"https:\/\/andremaciongacuvee.com\/#website"},"primaryImageOfPage":{"@id":"https:\/\/andremaciongacuvee.com\/en\/shop\/winery\/horst-sauer\/es-ist-wie-es-ist-2016\/#primaryimage"},"image":{"@id":"https:\/\/andremaciongacuvee.com\/en\/shop\/winery\/horst-sauer\/es-ist-wie-es-ist-2016\/#primaryimage"},"thumbnailUrl":"https:\/\/andremaciongacuvee.com\/wp-content\/uploads\/2018\/08\/AMC_19_1-350_1.png","datePublished":"2019-04-11T07:06:38+00:00","dateModified":"2021-05-04T11:11:33+00:00","breadcrumb":{"@id":"https:\/\/andremaciongacuvee.com\/en\/shop\/winery\/horst-sauer\/es-ist-wie-es-ist-2016\/#breadcrumb"},"inLanguage":"en-US","potentialAction":[{"@type":"ReadAction","target":["https:\/\/andremaciongacuvee.com\/en\/shop\/winery\/horst-sauer\/es-ist-wie-es-ist-2016\/"]}]},{"@type":"ImageObject","inLanguage":"en-US","@id":"https:\/\/andremaciongacuvee.com\/en\/shop\/winery\/horst-sauer\/es-ist-wie-es-ist-2016\/#primaryimage","url":"https:\/\/andremaciongacuvee.com\/wp-content\/uploads\/2018\/08\/AMC_19_1-350_1.png","contentUrl":"https:\/\/andremaciongacuvee.com\/wp-content\/uploads\/2018\/08\/AMC_19_1-350_1.png","width":2100,"height":2100},{"@type":"BreadcrumbList","@id":"https:\/\/andremaciongacuvee.com\/en\/shop\/winery\/horst-sauer\/es-ist-wie-es-ist-2016\/#breadcrumb","itemListElement":[{"@type":"ListItem","position":1,"name":"Startseite","item":"https:\/\/andremaciongacuvee.com\/en\/weingueterweingueterwehome\/"},{"@type":"ListItem","position":2,"name":"Shop","item":"https:\/\/andremaciongacuvee.com\/en\/shop-2\/"},{"@type":"ListItem","position":3,"name":"Es ist wie es ist No. 6 2016"}]},{"@type":"WebSite","@id":"https:\/\/andremaciongacuvee.com\/#website","url":"https:\/\/andremaciongacuvee.com\/","name":"Andr\u00e9 Macionga Cuv\u00e9e","description":"Der Onlineshop von Andr\u00e9 Macionga Cuv\u00e9e","publisher":{"@id":"https:\/\/andremaciongacuvee.com\/#organization"},"potentialAction":[{"@type":"SearchAction","target":{"@type":"EntryPoint","urlTemplate":"https:\/\/andremaciongacuvee.com\/?s={search_term_string}"},"query-input":{"@type":"PropertyValueSpecification","valueRequired":true,"valueName":"search_term_string"}}],"inLanguage":"en-US"},{"@type":"Organization","@id":"https:\/\/andremaciongacuvee.com\/#organization","name":"Andr\u00e9 Macionga Cuv\u00e9e","url":"https:\/\/andremaciongacuvee.com\/","logo":{"@type":"ImageObject","inLanguage":"en-US","@id":"https:\/\/andremaciongacuvee.com\/#\/schema\/logo\/image\/","url":"https:\/\/andremaciongacuvee.com\/wp-content\/uploads\/2018\/08\/amc_logo_black_shop.png","contentUrl":"https:\/\/andremaciongacuvee.com\/wp-content\/uploads\/2018\/08\/amc_logo_black_shop.png","width":800,"height":150,"caption":"Andr\u00e9 Macionga Cuv\u00e9e"},"image":{"@id":"https:\/\/andremaciongacuvee.com\/#\/schema\/logo\/image\/"},"sameAs":["https:\/\/www.facebook.com\/andremaciongacuvee\/","https:\/\/www.instagram.com\/andremaciongacuvee\/?hl=en","https:\/\/www.linkedin.com\/in\/andre-macionga\/?originalSubdomain=de"]}]}},"jetpack_sharing_enabled":true,"_links":{"self":[{"href":"https:\/\/andremaciongacuvee.com\/en\/wp-json\/wp\/v2\/product\/1349","targetHints":{"allow":["GET"]}}],"collection":[{"href":"https:\/\/andremaciongacuvee.com\/en\/wp-json\/wp\/v2\/product"}],"about":[{"href":"https:\/\/andremaciongacuvee.com\/en\/wp-json\/wp\/v2\/types\/product"}],"wp:featuredmedia":[{"embeddable":true,"href":"https:\/\/andremaciongacuvee.com\/en\/wp-json\/wp\/v2\/media\/1350"}],"wp:attachment":[{"href":"https:\/\/andremaciongacuvee.com\/en\/wp-json\/wp\/v2\/media?parent=1349"}],"wp:term":[{"taxonomy":"product_brand","embeddable":true,"href":"https:\/\/andremaciongacuvee.com\/en\/wp-json\/wp\/v2\/product_brand?post=1349"},{"taxonomy":"product_cat","embeddable":true,"href":"https:\/\/andremaciongacuvee.com\/en\/wp-json\/wp\/v2\/product_cat?post=1349"},{"taxonomy":"product_tag","embeddable":true,"href":"https:\/\/andremaciongacuvee.com\/en\/wp-json\/wp\/v2\/product_tag?post=1349"}],"curies":[{"name":"wp","href":"https:\/\/api.w.org\/{rel}","templated":true}]}}