{"id":1355,"date":"2019-05-06T13:25:54","date_gmt":"2019-05-06T11:25:54","guid":{"rendered":"https:\/\/andremaciongacuvee.shop\/shop\/uncategorized\/es-ist-wie-es-ist-2012\/"},"modified":"2021-05-04T12:32:46","modified_gmt":"2021-05-04T10:32:46","slug":"es-ist-wie-es-ist-2012","status":"publish","type":"product","link":"https:\/\/andremaciongacuvee.com\/en\/shop\/winery\/horst-sauer\/es-ist-wie-es-ist-2012\/","title":{"rendered":"Es ist wie es ist 2012"},"content":{"rendered":"<p id=\"u12793-19\" class=\"shared_content\" data-content-guid=\"u12793-19_content\"><span style=\"color: #000000;\"><strong>Tasting notes<\/strong><\/span><\/p>\n<p id=\"u12793-21\" class=\"shared_content\" data-content-guid=\"u12793-21_content\"><span id=\"[0,2]\" class=\"word\">It<\/span> <span id=\"[3,5]\" class=\"word\">is<\/span> <span id=\"[6,9]\" class=\"word\">the<\/span> <span id=\"[10,15]\" class=\"word\">salty<\/span> <span id=\"[16,26]\" class=\"word\">minerality<\/span> <span id=\"[27,31]\" class=\"word\">that<\/span> <span id=\"[32,37]\" class=\"word\">makes<\/span> <span id=\"[38,40]\" class=\"word\">me<\/span> <span id=\"[41,46]\" class=\"word\">drive<\/span> <span id=\"[47,49]\" class=\"word\">my<\/span> <span id=\"[50,54]\" class=\"word\">mind<\/span> <span id=\"[55,57]\" class=\"word\">to<\/span> <span id=\"[58,64]\" class=\"word\">France<\/span>, <span id=\"[66,68]\" class=\"word\">to<\/span> <span id=\"[69,72]\" class=\"word\">the<\/span> <span id=\"[73,76]\" class=\"word\">Bay<\/span> <span id=\"[77,79]\" class=\"word\">of<\/span> <span id=\"[80,88]\" class=\"word\">Arcachon<\/span>. <span id=\"[91,92]\" class=\"word\">A<\/span> <span id=\"[93,97]\" class=\"word\">note<\/span> <span id=\"[98,102]\" class=\"word\">that<\/span> <span id=\"[103,110]\" class=\"word\">reminds<\/span> <span id=\"[111,113]\" class=\"word\">me<\/span> <span id=\"[114,116]\" class=\"word\">of<\/span> <span id=\"[117,124]\" class=\"word\">mussels<\/span> <span id=\"[125,133]\" class=\"word\">combined<\/span> <span id=\"[134,138]\" class=\"word\">with<\/span> <span id=\"[139,140]\" class=\"word\">a<\/span> <span id=\"[141,147]\" class=\"word\">floral<\/span> <span id=\"[148,157]\" class=\"word\">fragrance<\/span>. <span id=\"[160,163]\" class=\"word\">The<\/span> <span id=\"[164,171]\" class=\"word\">freshly<\/span> <span id=\"[172,178]\" class=\"word\">opened<\/span> b<span id=\"[180,185]\" class=\"word\">ottle<\/span> <span id=\"[186,189]\" class=\"word\">has<\/span> <span id=\"[190,198]\" class=\"word\">discreet<\/span>, <span id=\"[200,208]\" class=\"word\">resinous<\/span> <span id=\"[209,214]\" class=\"word\">notes<\/span> <span id=\"[215,217]\" class=\"word\">on<\/span> <span id=\"[218,221]\" class=\"word\">the<\/span> <span id=\"[222,228]\" class=\"word\">palate<\/span> <span id=\"[229,233]\" class=\"word\">with<\/span> <span id=\"[234,235]\" class=\"word\">a<\/span> <span id=\"[236,244]\" class=\"word\">youthful<\/span> <span id=\"[245,250]\" class=\"word\">fresh<\/span> <span id=\"[251,258]\" class=\"word\">acidity<\/span>.<\/p>\n<p><span id=\"[262,266]\" class=\"word\">With<\/span> <span id=\"[267,270]\" class=\"word\">air<\/span>, <span id=\"[272,275]\" class=\"word\">the<\/span> <span id=\"[276,280]\" class=\"word\">wine<\/span> <span id=\"[281,288]\" class=\"word\">appears<\/span> <span id=\"[289,293]\" class=\"word\">more<\/span> <span id=\"[294,297]\" class=\"word\">and<\/span> <span id=\"[298,302]\" class=\"word\">more<\/span> <span id=\"[303,311]\" class=\"word\">complete<\/span> <span id=\"[312,314]\" class=\"word\">in<\/span> <span id=\"[315,318]\" class=\"word\">the<\/span> <span id=\"[319,323]\" class=\"word\">nose<\/span>, b<span id=\"[326,328]\" class=\"word\">ut<\/span> <span id=\"[329,334]\" class=\"word\">still<\/span> <span id=\"[335,340]\" class=\"word\">fresh<\/span>. <span id=\"[343,346]\" class=\"word\">The<\/span> <span id=\"[347,352]\" class=\"word\">taste<\/span> <span id=\"[353,355]\" class=\"word\">of<\/span> <span id=\"[356,363]\" class=\"word\">Vongole<\/span>, <span id=\"[365,374]\" class=\"word\">perfectly<\/span> <span id=\"[375,383]\" class=\"word\">prepared<\/span>, <span id=\"[385,392]\" class=\"word\">refined<\/span> <span id=\"[393,397]\" class=\"word\">with<\/span> <span id=\"[398,402]\" class=\"word\">mint<\/span> <span id=\"[403,406]\" class=\"word\">and<\/span> b<span id=\"[408,412]\" class=\"word\">asil<\/span>, <span id=\"[414,421]\" class=\"word\">freshly<\/span> <span id=\"[422,428]\" class=\"word\">picked<\/span> <span id=\"[429,433]\" class=\"word\">from<\/span> <span id=\"[434,437]\" class=\"word\">the<\/span> <span id=\"[438,444]\" class=\"word\">garden<\/span>, <span id=\"[446,451]\" class=\"word\">fills<\/span> <span id=\"[452,454]\" class=\"word\">my<\/span> <span id=\"[455,459]\" class=\"word\">nose<\/span>. <span id=\"[462,465]\" class=\"word\">Now<\/span> <span id=\"[466,469]\" class=\"word\">the<\/span> <span id=\"[470,478]\" class=\"word\">drinking<\/span> <span id=\"[479,483]\" class=\"word\">acid<\/span> <span id=\"[484,486]\" class=\"word\">on<\/span> <span id=\"[487,490]\" class=\"word\">the<\/span> <span id=\"[491,497]\" class=\"word\">palate<\/span> <span id=\"[498,503]\" class=\"word\">rises<\/span>. <span id=\"[506,509]\" class=\"word\">The<\/span> <span id=\"[510,517]\" class=\"word\">texture<\/span> b<span id=\"[519,525]\" class=\"word\">ecomes<\/span> <span id=\"[526,536]\" class=\"word\">resin-like<\/span>. <span id=\"[539,551]\" class=\"word\">Surprisingly<\/span>, <span id=\"[553,556]\" class=\"word\">the<\/span> <span id=\"[557,564]\" class=\"word\">journey<\/span> <span id=\"[565,568]\" class=\"word\">now<\/span> <span id=\"[569,573]\" class=\"word\">goes<\/span> <span id=\"[574,576]\" class=\"word\">to<\/span> <span id=\"[577,580]\" class=\"word\">the<\/span> <span id=\"[581,587]\" class=\"word\">Orient<\/span>. <span id=\"[590,597]\" class=\"word\">Raisins<\/span>, <span id=\"[599,606]\" class=\"word\">saffron<\/span>, <span id=\"[608,614]\" class=\"word\">orange<\/span>, <span id=\"[616,617]\" class=\"word\">a<\/span> <span id=\"[618,622]\" class=\"word\">hint<\/span> <span id=\"[623,625]\" class=\"word\">of<\/span> <span id=\"[626,633]\" class=\"word\">caraway<\/span> <span id=\"[634,637]\" class=\"word\">and<\/span> <span id=\"[638,639]\" class=\"word\">a<\/span> <span id=\"[640,648]\" class=\"word\">delicate<\/span> <span id=\"[649,658]\" class=\"word\">sweetness<\/span> <span id=\"[659,661]\" class=\"word\">of<\/span> <span id=\"[662,668]\" class=\"word\">violet<\/span> <span id=\"[669,676]\" class=\"word\">violets<\/span> <span id=\"[677,682]\" class=\"word\">round<\/span> <span id=\"[683,686]\" class=\"word\">off<\/span> <span id=\"[687,690]\" class=\"word\">the<\/span> <span id=\"[691,698]\" class=\"word\">picture<\/span> <span id=\"[699,701]\" class=\"word\">of<\/span> <span id=\"[702,705]\" class=\"word\">the<\/span> <span id=\"[706,714]\" class=\"word\">aromatic<\/span> <span id=\"[715,720]\" class=\"word\">world<\/span> <span id=\"[721,733]\" class=\"word\">harmoniously<\/span>. <span id=\"[736,740]\" class=\"word\">This<\/span> <span id=\"[741,746]\" class=\"word\">cuv\u00e9e<\/span> <span id=\"[747,749]\" class=\"word\">is<\/span> <span id=\"[750,752]\" class=\"word\">as<\/span> <span id=\"[753,763]\" class=\"word\">enchanting<\/span> <span id=\"[764,767]\" class=\"word\">for<\/span> <span id=\"[768,771]\" class=\"word\">the<\/span> <span id=\"[772,778]\" class=\"word\">senses<\/span> <span id=\"[779,781]\" class=\"word\">as<\/span> <span id=\"[782,783]\" class=\"word\">a<\/span> <span id=\"[784,792]\" class=\"word\">thousand<\/span> <span id=\"[793,796]\" class=\"word\">and<\/span> <span id=\"[797,800]\" class=\"word\">one<\/span> <span id=\"[801,807]\" class=\"word\">nights<\/span>.<\/p>\n","protected":false},"excerpt":{"rendered":"<p><strong>Limited edition, 37 bottles<\/strong><\/p>\n<p>Ein Wein, der uns aromatisch, visuell und gedanklich mit auf eine spannende Reise nimmt. Jede Nuance ist ein neues Abenteuer und eine neue Erfahrung.<\/p>\n","protected":false},"featured_media":1353,"template":"","meta":[],"product_brand":[],"product_cat":[110,97,117],"product_tag":[],"class_list":{"0":"post-1355","1":"product","2":"type-product","3":"status-publish","4":"has-post-thumbnail","6":"product_cat-15-l-bottle-size","7":"product_cat-cuvee-white","8":"product_cat-horst-sauer","10":"first","11":"outofstock","12":"taxable","13":"shipping-taxable","14":"purchasable","15":"product-type-simple"},"yoast_head":"<!-- This site is optimized with the Yoast SEO plugin v27.4 - https:\/\/yoast.com\/product\/yoast-seo-wordpress\/ -->\n<title>Es ist wie es ist 2012 - Andr\u00e9 Macionga Cuv\u00e9e<\/title>\n<meta name=\"robots\" content=\"index, follow, max-snippet:-1, max-image-preview:large, max-video-preview:-1\" \/>\n<link rel=\"canonical\" href=\"https:\/\/andremaciongacuvee.com\/en\/shop\/winery\/horst-sauer\/es-ist-wie-es-ist-2012\/\" \/>\n<meta property=\"og:locale\" content=\"en_US\" \/>\n<meta property=\"og:type\" content=\"article\" \/>\n<meta property=\"og:title\" content=\"Es ist wie es ist 2012 - Andr\u00e9 Macionga Cuv\u00e9e\" \/>\n<meta property=\"og:description\" content=\"Limited edition, 37 bottles  Ein Wein, der uns aromatisch, visuell und gedanklich mit auf eine spannende Reise nimmt. Jede Nuance ist ein neues Abenteuer und eine neue Erfahrung.\" \/>\n<meta property=\"og:url\" content=\"https:\/\/andremaciongacuvee.com\/en\/shop\/winery\/horst-sauer\/es-ist-wie-es-ist-2012\/\" \/>\n<meta property=\"og:site_name\" content=\"Andr\u00e9 Macionga Cuv\u00e9e\" \/>\n<meta property=\"article:publisher\" content=\"https:\/\/www.facebook.com\/andremaciongacuvee\/\" \/>\n<meta property=\"article:modified_time\" content=\"2021-05-04T10:32:46+00:00\" \/>\n<meta property=\"og:image\" content=\"https:\/\/andremaciongacuvee.com\/wp-content\/uploads\/2018\/08\/AMC_19_1-277_1.png\" \/>\n\t<meta property=\"og:image:width\" content=\"2100\" \/>\n\t<meta property=\"og:image:height\" content=\"2100\" \/>\n\t<meta property=\"og:image:type\" content=\"image\/png\" \/>\n<meta name=\"twitter:card\" content=\"summary_large_image\" \/>\n<meta name=\"twitter:label1\" content=\"Est. reading time\" \/>\n\t<meta name=\"twitter:data1\" content=\"1 minute\" \/>\n<script type=\"application\/ld+json\" class=\"yoast-schema-graph\">{\"@context\":\"https:\\\/\\\/schema.org\",\"@graph\":[{\"@type\":\"WebPage\",\"@id\":\"https:\\\/\\\/andremaciongacuvee.com\\\/en\\\/shop\\\/winery\\\/horst-sauer\\\/es-ist-wie-es-ist-2012\\\/\",\"url\":\"https:\\\/\\\/andremaciongacuvee.com\\\/en\\\/shop\\\/winery\\\/horst-sauer\\\/es-ist-wie-es-ist-2012\\\/\",\"name\":\"Es ist wie es ist 2012 - Andr\u00e9 Macionga Cuv\u00e9e\",\"isPartOf\":{\"@id\":\"https:\\\/\\\/andremaciongacuvee.com\\\/#website\"},\"primaryImageOfPage\":{\"@id\":\"https:\\\/\\\/andremaciongacuvee.com\\\/en\\\/shop\\\/winery\\\/horst-sauer\\\/es-ist-wie-es-ist-2012\\\/#primaryimage\"},\"image\":{\"@id\":\"https:\\\/\\\/andremaciongacuvee.com\\\/en\\\/shop\\\/winery\\\/horst-sauer\\\/es-ist-wie-es-ist-2012\\\/#primaryimage\"},\"thumbnailUrl\":\"https:\\\/\\\/andremaciongacuvee.com\\\/wp-content\\\/uploads\\\/2018\\\/08\\\/AMC_19_1-277_1.png\",\"datePublished\":\"2019-05-06T11:25:54+00:00\",\"dateModified\":\"2021-05-04T10:32:46+00:00\",\"breadcrumb\":{\"@id\":\"https:\\\/\\\/andremaciongacuvee.com\\\/en\\\/shop\\\/winery\\\/horst-sauer\\\/es-ist-wie-es-ist-2012\\\/#breadcrumb\"},\"inLanguage\":\"en-US\",\"potentialAction\":[{\"@type\":\"ReadAction\",\"target\":[\"https:\\\/\\\/andremaciongacuvee.com\\\/en\\\/shop\\\/winery\\\/horst-sauer\\\/es-ist-wie-es-ist-2012\\\/\"]}]},{\"@type\":\"ImageObject\",\"inLanguage\":\"en-US\",\"@id\":\"https:\\\/\\\/andremaciongacuvee.com\\\/en\\\/shop\\\/winery\\\/horst-sauer\\\/es-ist-wie-es-ist-2012\\\/#primaryimage\",\"url\":\"https:\\\/\\\/andremaciongacuvee.com\\\/wp-content\\\/uploads\\\/2018\\\/08\\\/AMC_19_1-277_1.png\",\"contentUrl\":\"https:\\\/\\\/andremaciongacuvee.com\\\/wp-content\\\/uploads\\\/2018\\\/08\\\/AMC_19_1-277_1.png\",\"width\":2100,\"height\":2100},{\"@type\":\"BreadcrumbList\",\"@id\":\"https:\\\/\\\/andremaciongacuvee.com\\\/en\\\/shop\\\/winery\\\/horst-sauer\\\/es-ist-wie-es-ist-2012\\\/#breadcrumb\",\"itemListElement\":[{\"@type\":\"ListItem\",\"position\":1,\"name\":\"Startseite\",\"item\":\"https:\\\/\\\/andremaciongacuvee.com\\\/en\\\/weingueterweingueterwehome\\\/\"},{\"@type\":\"ListItem\",\"position\":2,\"name\":\"Shop\",\"item\":\"https:\\\/\\\/andremaciongacuvee.com\\\/en\\\/shop-2\\\/\"},{\"@type\":\"ListItem\",\"position\":3,\"name\":\"Es ist wie es ist 2012\"}]},{\"@type\":\"WebSite\",\"@id\":\"https:\\\/\\\/andremaciongacuvee.com\\\/#website\",\"url\":\"https:\\\/\\\/andremaciongacuvee.com\\\/\",\"name\":\"Andr\u00e9 Macionga Cuv\u00e9e\",\"description\":\"Der Onlineshop von Andr\u00e9 Macionga Cuv\u00e9e\",\"publisher\":{\"@id\":\"https:\\\/\\\/andremaciongacuvee.com\\\/#organization\"},\"potentialAction\":[{\"@type\":\"SearchAction\",\"target\":{\"@type\":\"EntryPoint\",\"urlTemplate\":\"https:\\\/\\\/andremaciongacuvee.com\\\/?s={search_term_string}\"},\"query-input\":{\"@type\":\"PropertyValueSpecification\",\"valueRequired\":true,\"valueName\":\"search_term_string\"}}],\"inLanguage\":\"en-US\"},{\"@type\":\"Organization\",\"@id\":\"https:\\\/\\\/andremaciongacuvee.com\\\/#organization\",\"name\":\"Andr\u00e9 Macionga Cuv\u00e9e\",\"url\":\"https:\\\/\\\/andremaciongacuvee.com\\\/\",\"logo\":{\"@type\":\"ImageObject\",\"inLanguage\":\"en-US\",\"@id\":\"https:\\\/\\\/andremaciongacuvee.com\\\/#\\\/schema\\\/logo\\\/image\\\/\",\"url\":\"https:\\\/\\\/andremaciongacuvee.com\\\/wp-content\\\/uploads\\\/2018\\\/08\\\/amc_logo_black_shop.png\",\"contentUrl\":\"https:\\\/\\\/andremaciongacuvee.com\\\/wp-content\\\/uploads\\\/2018\\\/08\\\/amc_logo_black_shop.png\",\"width\":800,\"height\":150,\"caption\":\"Andr\u00e9 Macionga Cuv\u00e9e\"},\"image\":{\"@id\":\"https:\\\/\\\/andremaciongacuvee.com\\\/#\\\/schema\\\/logo\\\/image\\\/\"},\"sameAs\":[\"https:\\\/\\\/www.facebook.com\\\/andremaciongacuvee\\\/\",\"https:\\\/\\\/www.instagram.com\\\/andremaciongacuvee\\\/?hl=en\",\"https:\\\/\\\/www.linkedin.com\\\/in\\\/andre-macionga\\\/?originalSubdomain=de\"]}]}<\/script>\n<!-- \/ Yoast SEO plugin. -->","yoast_head_json":{"title":"Es ist wie es ist 2012 - Andr\u00e9 Macionga Cuv\u00e9e","robots":{"index":"index","follow":"follow","max-snippet":"max-snippet:-1","max-image-preview":"max-image-preview:large","max-video-preview":"max-video-preview:-1"},"canonical":"https:\/\/andremaciongacuvee.com\/en\/shop\/winery\/horst-sauer\/es-ist-wie-es-ist-2012\/","og_locale":"en_US","og_type":"article","og_title":"Es ist wie es ist 2012 - Andr\u00e9 Macionga Cuv\u00e9e","og_description":"Limited edition, 37 bottles  Ein Wein, der uns aromatisch, visuell und gedanklich mit auf eine spannende Reise nimmt. Jede Nuance ist ein neues Abenteuer und eine neue Erfahrung.","og_url":"https:\/\/andremaciongacuvee.com\/en\/shop\/winery\/horst-sauer\/es-ist-wie-es-ist-2012\/","og_site_name":"Andr\u00e9 Macionga Cuv\u00e9e","article_publisher":"https:\/\/www.facebook.com\/andremaciongacuvee\/","article_modified_time":"2021-05-04T10:32:46+00:00","og_image":[{"width":2100,"height":2100,"url":"https:\/\/andremaciongacuvee.com\/wp-content\/uploads\/2018\/08\/AMC_19_1-277_1.png","type":"image\/png"}],"twitter_card":"summary_large_image","twitter_misc":{"Est. reading time":"1 minute"},"schema":{"@context":"https:\/\/schema.org","@graph":[{"@type":"WebPage","@id":"https:\/\/andremaciongacuvee.com\/en\/shop\/winery\/horst-sauer\/es-ist-wie-es-ist-2012\/","url":"https:\/\/andremaciongacuvee.com\/en\/shop\/winery\/horst-sauer\/es-ist-wie-es-ist-2012\/","name":"Es ist wie es ist 2012 - Andr\u00e9 Macionga Cuv\u00e9e","isPartOf":{"@id":"https:\/\/andremaciongacuvee.com\/#website"},"primaryImageOfPage":{"@id":"https:\/\/andremaciongacuvee.com\/en\/shop\/winery\/horst-sauer\/es-ist-wie-es-ist-2012\/#primaryimage"},"image":{"@id":"https:\/\/andremaciongacuvee.com\/en\/shop\/winery\/horst-sauer\/es-ist-wie-es-ist-2012\/#primaryimage"},"thumbnailUrl":"https:\/\/andremaciongacuvee.com\/wp-content\/uploads\/2018\/08\/AMC_19_1-277_1.png","datePublished":"2019-05-06T11:25:54+00:00","dateModified":"2021-05-04T10:32:46+00:00","breadcrumb":{"@id":"https:\/\/andremaciongacuvee.com\/en\/shop\/winery\/horst-sauer\/es-ist-wie-es-ist-2012\/#breadcrumb"},"inLanguage":"en-US","potentialAction":[{"@type":"ReadAction","target":["https:\/\/andremaciongacuvee.com\/en\/shop\/winery\/horst-sauer\/es-ist-wie-es-ist-2012\/"]}]},{"@type":"ImageObject","inLanguage":"en-US","@id":"https:\/\/andremaciongacuvee.com\/en\/shop\/winery\/horst-sauer\/es-ist-wie-es-ist-2012\/#primaryimage","url":"https:\/\/andremaciongacuvee.com\/wp-content\/uploads\/2018\/08\/AMC_19_1-277_1.png","contentUrl":"https:\/\/andremaciongacuvee.com\/wp-content\/uploads\/2018\/08\/AMC_19_1-277_1.png","width":2100,"height":2100},{"@type":"BreadcrumbList","@id":"https:\/\/andremaciongacuvee.com\/en\/shop\/winery\/horst-sauer\/es-ist-wie-es-ist-2012\/#breadcrumb","itemListElement":[{"@type":"ListItem","position":1,"name":"Startseite","item":"https:\/\/andremaciongacuvee.com\/en\/weingueterweingueterwehome\/"},{"@type":"ListItem","position":2,"name":"Shop","item":"https:\/\/andremaciongacuvee.com\/en\/shop-2\/"},{"@type":"ListItem","position":3,"name":"Es ist wie es ist 2012"}]},{"@type":"WebSite","@id":"https:\/\/andremaciongacuvee.com\/#website","url":"https:\/\/andremaciongacuvee.com\/","name":"Andr\u00e9 Macionga Cuv\u00e9e","description":"Der Onlineshop von Andr\u00e9 Macionga Cuv\u00e9e","publisher":{"@id":"https:\/\/andremaciongacuvee.com\/#organization"},"potentialAction":[{"@type":"SearchAction","target":{"@type":"EntryPoint","urlTemplate":"https:\/\/andremaciongacuvee.com\/?s={search_term_string}"},"query-input":{"@type":"PropertyValueSpecification","valueRequired":true,"valueName":"search_term_string"}}],"inLanguage":"en-US"},{"@type":"Organization","@id":"https:\/\/andremaciongacuvee.com\/#organization","name":"Andr\u00e9 Macionga Cuv\u00e9e","url":"https:\/\/andremaciongacuvee.com\/","logo":{"@type":"ImageObject","inLanguage":"en-US","@id":"https:\/\/andremaciongacuvee.com\/#\/schema\/logo\/image\/","url":"https:\/\/andremaciongacuvee.com\/wp-content\/uploads\/2018\/08\/amc_logo_black_shop.png","contentUrl":"https:\/\/andremaciongacuvee.com\/wp-content\/uploads\/2018\/08\/amc_logo_black_shop.png","width":800,"height":150,"caption":"Andr\u00e9 Macionga Cuv\u00e9e"},"image":{"@id":"https:\/\/andremaciongacuvee.com\/#\/schema\/logo\/image\/"},"sameAs":["https:\/\/www.facebook.com\/andremaciongacuvee\/","https:\/\/www.instagram.com\/andremaciongacuvee\/?hl=en","https:\/\/www.linkedin.com\/in\/andre-macionga\/?originalSubdomain=de"]}]}},"jetpack_sharing_enabled":true,"_links":{"self":[{"href":"https:\/\/andremaciongacuvee.com\/en\/wp-json\/wp\/v2\/product\/1355","targetHints":{"allow":["GET"]}}],"collection":[{"href":"https:\/\/andremaciongacuvee.com\/en\/wp-json\/wp\/v2\/product"}],"about":[{"href":"https:\/\/andremaciongacuvee.com\/en\/wp-json\/wp\/v2\/types\/product"}],"wp:featuredmedia":[{"embeddable":true,"href":"https:\/\/andremaciongacuvee.com\/en\/wp-json\/wp\/v2\/media\/1353"}],"wp:attachment":[{"href":"https:\/\/andremaciongacuvee.com\/en\/wp-json\/wp\/v2\/media?parent=1355"}],"wp:term":[{"taxonomy":"product_brand","embeddable":true,"href":"https:\/\/andremaciongacuvee.com\/en\/wp-json\/wp\/v2\/product_brand?post=1355"},{"taxonomy":"product_cat","embeddable":true,"href":"https:\/\/andremaciongacuvee.com\/en\/wp-json\/wp\/v2\/product_cat?post=1355"},{"taxonomy":"product_tag","embeddable":true,"href":"https:\/\/andremaciongacuvee.com\/en\/wp-json\/wp\/v2\/product_tag?post=1355"}],"curies":[{"name":"wp","href":"https:\/\/api.w.org\/{rel}","templated":true}]}}