{"id":1372,"date":"2019-05-06T16:43:02","date_gmt":"2019-05-06T14:43:02","guid":{"rendered":"https:\/\/andremaciongacuvee.shop\/shop\/uncategorized\/unartig-2017\/"},"modified":"2021-05-04T12:47:51","modified_gmt":"2021-05-04T10:47:51","slug":"unartig-2017","status":"publish","type":"product","link":"https:\/\/andremaciongacuvee.com\/en\/shop\/winery\/neverland-en\/unartig-2017\/","title":{"rendered":"Unartig 2017"},"content":{"rendered":"<p><b>Tasting<\/b> <b>note<\/b><\/p>\n<p>The very first nose, the first sip, run like loud screams through the bone and make it clear: this wine wants to be heard. Penetrating aromas of banana curry and caramelized pineapple overlap with the scent of sliced \u200b\u200bbanana leaves and are curbed in the last second by the meager, dry finish. What remains on the palate is a wide range of exotic fruits, the thought of the first time a year on the beach.<\/p>\n<p>Opened longer, the wine is now even more complete and dense with a wonderful melt. The subtle exoticism paired with the fruity freshness leave a mix of golden kiwi and passion fruit on the palate. In the further sip, exoticism, freshness and fruit meet delicate pastry tones such as crumble cake, butter and flour. Voil\u00e0, the perfect fruit tart. The Cuv\u00e9e Unartig 2017 is welcome fun for any time of day and, despite its youthfulness, is already profound.<\/p>\n","protected":false},"excerpt":{"rendered":"<p><strong>Limited edition, 2400 bottles, hand signed and numbered<\/strong><\/p>\n<p>A wine that knows how to be heard. The Naughty 2017 exudes incredible joie de vivre and positive energy, which encourages us to enjoy another glass.<\/p>\n","protected":false},"featured_media":1373,"template":"","meta":[],"product_brand":[],"product_cat":[96,97,118],"product_tag":[],"class_list":{"0":"post-1372","1":"product","2":"type-product","3":"status-publish","4":"has-post-thumbnail","6":"product_cat-075-l","7":"product_cat-cuvee-white","8":"product_cat-neverland-en","10":"first","11":"outofstock","12":"taxable","13":"shipping-taxable","14":"purchasable","15":"product-type-simple"},"yoast_head":"<!-- This site is optimized with the Yoast SEO plugin v27.4 - https:\/\/yoast.com\/product\/yoast-seo-wordpress\/ -->\n<title>Unartig 2017 - Andr\u00e9 Macionga Cuv\u00e9e<\/title>\n<meta name=\"robots\" content=\"index, follow, max-snippet:-1, max-image-preview:large, max-video-preview:-1\" \/>\n<link rel=\"canonical\" href=\"https:\/\/andremaciongacuvee.com\/en\/shop\/winery\/neverland-en\/unartig-2017\/\" \/>\n<meta property=\"og:locale\" content=\"en_US\" \/>\n<meta property=\"og:type\" content=\"article\" \/>\n<meta property=\"og:title\" content=\"Unartig 2017 - Andr\u00e9 Macionga Cuv\u00e9e\" \/>\n<meta property=\"og:description\" content=\"Limited edition, 2400 bottles, hand signed and numbered  A wine that knows how to be heard. The Naughty 2017 exudes incredible joie de vivre and positive energy, which encourages us to enjoy another glass.\" \/>\n<meta property=\"og:url\" content=\"https:\/\/andremaciongacuvee.com\/en\/shop\/winery\/neverland-en\/unartig-2017\/\" \/>\n<meta property=\"og:site_name\" content=\"Andr\u00e9 Macionga Cuv\u00e9e\" \/>\n<meta property=\"article:publisher\" content=\"https:\/\/www.facebook.com\/andremaciongacuvee\/\" \/>\n<meta property=\"article:modified_time\" content=\"2021-05-04T10:47:51+00:00\" \/>\n<meta property=\"og:image\" content=\"https:\/\/andremaciongacuvee.com\/wp-content\/uploads\/2018\/08\/AMC_19_1-319_1.png\" \/>\n\t<meta property=\"og:image:width\" content=\"2100\" \/>\n\t<meta property=\"og:image:height\" content=\"2100\" \/>\n\t<meta property=\"og:image:type\" content=\"image\/png\" \/>\n<meta name=\"twitter:card\" content=\"summary_large_image\" \/>\n<meta name=\"twitter:label1\" content=\"Est. reading time\" \/>\n\t<meta name=\"twitter:data1\" content=\"1 minute\" \/>\n<script type=\"application\/ld+json\" class=\"yoast-schema-graph\">{\"@context\":\"https:\\\/\\\/schema.org\",\"@graph\":[{\"@type\":\"WebPage\",\"@id\":\"https:\\\/\\\/andremaciongacuvee.com\\\/en\\\/shop\\\/winery\\\/neverland-en\\\/unartig-2017\\\/\",\"url\":\"https:\\\/\\\/andremaciongacuvee.com\\\/en\\\/shop\\\/winery\\\/neverland-en\\\/unartig-2017\\\/\",\"name\":\"Unartig 2017 - Andr\u00e9 Macionga Cuv\u00e9e\",\"isPartOf\":{\"@id\":\"https:\\\/\\\/andremaciongacuvee.com\\\/#website\"},\"primaryImageOfPage\":{\"@id\":\"https:\\\/\\\/andremaciongacuvee.com\\\/en\\\/shop\\\/winery\\\/neverland-en\\\/unartig-2017\\\/#primaryimage\"},\"image\":{\"@id\":\"https:\\\/\\\/andremaciongacuvee.com\\\/en\\\/shop\\\/winery\\\/neverland-en\\\/unartig-2017\\\/#primaryimage\"},\"thumbnailUrl\":\"https:\\\/\\\/andremaciongacuvee.com\\\/wp-content\\\/uploads\\\/2018\\\/08\\\/AMC_19_1-319_1.png\",\"datePublished\":\"2019-05-06T14:43:02+00:00\",\"dateModified\":\"2021-05-04T10:47:51+00:00\",\"breadcrumb\":{\"@id\":\"https:\\\/\\\/andremaciongacuvee.com\\\/en\\\/shop\\\/winery\\\/neverland-en\\\/unartig-2017\\\/#breadcrumb\"},\"inLanguage\":\"en-US\",\"potentialAction\":[{\"@type\":\"ReadAction\",\"target\":[\"https:\\\/\\\/andremaciongacuvee.com\\\/en\\\/shop\\\/winery\\\/neverland-en\\\/unartig-2017\\\/\"]}]},{\"@type\":\"ImageObject\",\"inLanguage\":\"en-US\",\"@id\":\"https:\\\/\\\/andremaciongacuvee.com\\\/en\\\/shop\\\/winery\\\/neverland-en\\\/unartig-2017\\\/#primaryimage\",\"url\":\"https:\\\/\\\/andremaciongacuvee.com\\\/wp-content\\\/uploads\\\/2018\\\/08\\\/AMC_19_1-319_1.png\",\"contentUrl\":\"https:\\\/\\\/andremaciongacuvee.com\\\/wp-content\\\/uploads\\\/2018\\\/08\\\/AMC_19_1-319_1.png\",\"width\":2100,\"height\":2100,\"caption\":\"Unartig 2017 Neverland\"},{\"@type\":\"BreadcrumbList\",\"@id\":\"https:\\\/\\\/andremaciongacuvee.com\\\/en\\\/shop\\\/winery\\\/neverland-en\\\/unartig-2017\\\/#breadcrumb\",\"itemListElement\":[{\"@type\":\"ListItem\",\"position\":1,\"name\":\"Startseite\",\"item\":\"https:\\\/\\\/andremaciongacuvee.com\\\/en\\\/weingueterweingueterwehome\\\/\"},{\"@type\":\"ListItem\",\"position\":2,\"name\":\"Shop\",\"item\":\"https:\\\/\\\/andremaciongacuvee.com\\\/en\\\/shop-2\\\/\"},{\"@type\":\"ListItem\",\"position\":3,\"name\":\"Unartig 2017\"}]},{\"@type\":\"WebSite\",\"@id\":\"https:\\\/\\\/andremaciongacuvee.com\\\/#website\",\"url\":\"https:\\\/\\\/andremaciongacuvee.com\\\/\",\"name\":\"Andr\u00e9 Macionga Cuv\u00e9e\",\"description\":\"Der Onlineshop von Andr\u00e9 Macionga Cuv\u00e9e\",\"publisher\":{\"@id\":\"https:\\\/\\\/andremaciongacuvee.com\\\/#organization\"},\"potentialAction\":[{\"@type\":\"SearchAction\",\"target\":{\"@type\":\"EntryPoint\",\"urlTemplate\":\"https:\\\/\\\/andremaciongacuvee.com\\\/?s={search_term_string}\"},\"query-input\":{\"@type\":\"PropertyValueSpecification\",\"valueRequired\":true,\"valueName\":\"search_term_string\"}}],\"inLanguage\":\"en-US\"},{\"@type\":\"Organization\",\"@id\":\"https:\\\/\\\/andremaciongacuvee.com\\\/#organization\",\"name\":\"Andr\u00e9 Macionga Cuv\u00e9e\",\"url\":\"https:\\\/\\\/andremaciongacuvee.com\\\/\",\"logo\":{\"@type\":\"ImageObject\",\"inLanguage\":\"en-US\",\"@id\":\"https:\\\/\\\/andremaciongacuvee.com\\\/#\\\/schema\\\/logo\\\/image\\\/\",\"url\":\"https:\\\/\\\/andremaciongacuvee.com\\\/wp-content\\\/uploads\\\/2018\\\/08\\\/amc_logo_black_shop.png\",\"contentUrl\":\"https:\\\/\\\/andremaciongacuvee.com\\\/wp-content\\\/uploads\\\/2018\\\/08\\\/amc_logo_black_shop.png\",\"width\":800,\"height\":150,\"caption\":\"Andr\u00e9 Macionga Cuv\u00e9e\"},\"image\":{\"@id\":\"https:\\\/\\\/andremaciongacuvee.com\\\/#\\\/schema\\\/logo\\\/image\\\/\"},\"sameAs\":[\"https:\\\/\\\/www.facebook.com\\\/andremaciongacuvee\\\/\",\"https:\\\/\\\/www.instagram.com\\\/andremaciongacuvee\\\/?hl=en\",\"https:\\\/\\\/www.linkedin.com\\\/in\\\/andre-macionga\\\/?originalSubdomain=de\"]}]}<\/script>\n<!-- \/ Yoast SEO plugin. -->","yoast_head_json":{"title":"Unartig 2017 - Andr\u00e9 Macionga Cuv\u00e9e","robots":{"index":"index","follow":"follow","max-snippet":"max-snippet:-1","max-image-preview":"max-image-preview:large","max-video-preview":"max-video-preview:-1"},"canonical":"https:\/\/andremaciongacuvee.com\/en\/shop\/winery\/neverland-en\/unartig-2017\/","og_locale":"en_US","og_type":"article","og_title":"Unartig 2017 - Andr\u00e9 Macionga Cuv\u00e9e","og_description":"Limited edition, 2400 bottles, hand signed and numbered  A wine that knows how to be heard. The Naughty 2017 exudes incredible joie de vivre and positive energy, which encourages us to enjoy another glass.","og_url":"https:\/\/andremaciongacuvee.com\/en\/shop\/winery\/neverland-en\/unartig-2017\/","og_site_name":"Andr\u00e9 Macionga Cuv\u00e9e","article_publisher":"https:\/\/www.facebook.com\/andremaciongacuvee\/","article_modified_time":"2021-05-04T10:47:51+00:00","og_image":[{"width":2100,"height":2100,"url":"https:\/\/andremaciongacuvee.com\/wp-content\/uploads\/2018\/08\/AMC_19_1-319_1.png","type":"image\/png"}],"twitter_card":"summary_large_image","twitter_misc":{"Est. reading time":"1 minute"},"schema":{"@context":"https:\/\/schema.org","@graph":[{"@type":"WebPage","@id":"https:\/\/andremaciongacuvee.com\/en\/shop\/winery\/neverland-en\/unartig-2017\/","url":"https:\/\/andremaciongacuvee.com\/en\/shop\/winery\/neverland-en\/unartig-2017\/","name":"Unartig 2017 - Andr\u00e9 Macionga Cuv\u00e9e","isPartOf":{"@id":"https:\/\/andremaciongacuvee.com\/#website"},"primaryImageOfPage":{"@id":"https:\/\/andremaciongacuvee.com\/en\/shop\/winery\/neverland-en\/unartig-2017\/#primaryimage"},"image":{"@id":"https:\/\/andremaciongacuvee.com\/en\/shop\/winery\/neverland-en\/unartig-2017\/#primaryimage"},"thumbnailUrl":"https:\/\/andremaciongacuvee.com\/wp-content\/uploads\/2018\/08\/AMC_19_1-319_1.png","datePublished":"2019-05-06T14:43:02+00:00","dateModified":"2021-05-04T10:47:51+00:00","breadcrumb":{"@id":"https:\/\/andremaciongacuvee.com\/en\/shop\/winery\/neverland-en\/unartig-2017\/#breadcrumb"},"inLanguage":"en-US","potentialAction":[{"@type":"ReadAction","target":["https:\/\/andremaciongacuvee.com\/en\/shop\/winery\/neverland-en\/unartig-2017\/"]}]},{"@type":"ImageObject","inLanguage":"en-US","@id":"https:\/\/andremaciongacuvee.com\/en\/shop\/winery\/neverland-en\/unartig-2017\/#primaryimage","url":"https:\/\/andremaciongacuvee.com\/wp-content\/uploads\/2018\/08\/AMC_19_1-319_1.png","contentUrl":"https:\/\/andremaciongacuvee.com\/wp-content\/uploads\/2018\/08\/AMC_19_1-319_1.png","width":2100,"height":2100,"caption":"Unartig 2017 Neverland"},{"@type":"BreadcrumbList","@id":"https:\/\/andremaciongacuvee.com\/en\/shop\/winery\/neverland-en\/unartig-2017\/#breadcrumb","itemListElement":[{"@type":"ListItem","position":1,"name":"Startseite","item":"https:\/\/andremaciongacuvee.com\/en\/weingueterweingueterwehome\/"},{"@type":"ListItem","position":2,"name":"Shop","item":"https:\/\/andremaciongacuvee.com\/en\/shop-2\/"},{"@type":"ListItem","position":3,"name":"Unartig 2017"}]},{"@type":"WebSite","@id":"https:\/\/andremaciongacuvee.com\/#website","url":"https:\/\/andremaciongacuvee.com\/","name":"Andr\u00e9 Macionga Cuv\u00e9e","description":"Der Onlineshop von Andr\u00e9 Macionga Cuv\u00e9e","publisher":{"@id":"https:\/\/andremaciongacuvee.com\/#organization"},"potentialAction":[{"@type":"SearchAction","target":{"@type":"EntryPoint","urlTemplate":"https:\/\/andremaciongacuvee.com\/?s={search_term_string}"},"query-input":{"@type":"PropertyValueSpecification","valueRequired":true,"valueName":"search_term_string"}}],"inLanguage":"en-US"},{"@type":"Organization","@id":"https:\/\/andremaciongacuvee.com\/#organization","name":"Andr\u00e9 Macionga Cuv\u00e9e","url":"https:\/\/andremaciongacuvee.com\/","logo":{"@type":"ImageObject","inLanguage":"en-US","@id":"https:\/\/andremaciongacuvee.com\/#\/schema\/logo\/image\/","url":"https:\/\/andremaciongacuvee.com\/wp-content\/uploads\/2018\/08\/amc_logo_black_shop.png","contentUrl":"https:\/\/andremaciongacuvee.com\/wp-content\/uploads\/2018\/08\/amc_logo_black_shop.png","width":800,"height":150,"caption":"Andr\u00e9 Macionga Cuv\u00e9e"},"image":{"@id":"https:\/\/andremaciongacuvee.com\/#\/schema\/logo\/image\/"},"sameAs":["https:\/\/www.facebook.com\/andremaciongacuvee\/","https:\/\/www.instagram.com\/andremaciongacuvee\/?hl=en","https:\/\/www.linkedin.com\/in\/andre-macionga\/?originalSubdomain=de"]}]}},"jetpack_sharing_enabled":true,"_links":{"self":[{"href":"https:\/\/andremaciongacuvee.com\/en\/wp-json\/wp\/v2\/product\/1372","targetHints":{"allow":["GET"]}}],"collection":[{"href":"https:\/\/andremaciongacuvee.com\/en\/wp-json\/wp\/v2\/product"}],"about":[{"href":"https:\/\/andremaciongacuvee.com\/en\/wp-json\/wp\/v2\/types\/product"}],"wp:featuredmedia":[{"embeddable":true,"href":"https:\/\/andremaciongacuvee.com\/en\/wp-json\/wp\/v2\/media\/1373"}],"wp:attachment":[{"href":"https:\/\/andremaciongacuvee.com\/en\/wp-json\/wp\/v2\/media?parent=1372"}],"wp:term":[{"taxonomy":"product_brand","embeddable":true,"href":"https:\/\/andremaciongacuvee.com\/en\/wp-json\/wp\/v2\/product_brand?post=1372"},{"taxonomy":"product_cat","embeddable":true,"href":"https:\/\/andremaciongacuvee.com\/en\/wp-json\/wp\/v2\/product_cat?post=1372"},{"taxonomy":"product_tag","embeddable":true,"href":"https:\/\/andremaciongacuvee.com\/en\/wp-json\/wp\/v2\/product_tag?post=1372"}],"curies":[{"name":"wp","href":"https:\/\/api.w.org\/{rel}","templated":true}]}}