{"id":1503,"date":"2020-02-10T23:30:25","date_gmt":"2020-02-10T22:30:25","guid":{"rendered":"https:\/\/andremaciongacuvee.shop\/shop\/uncategorized\/kollektion-1\/"},"modified":"2020-02-10T23:30:25","modified_gmt":"2020-02-10T22:30:25","slug":"kollektion-1","status":"publish","type":"product","link":"https:\/\/andremaciongacuvee.com\/en\/shop\/bottle-size\/075-l\/kollektion-1\/","title":{"rendered":"Kollektion 1"},"content":{"rendered":"<p><b>2015 KAMANIMA<\/b><\/p>\n<p>Despite its youthful age, this wine is already a wine of character. Full-bodied, spicy and masculine, you can sense its longevity. Also in the future &#8220;Kamanima&#8221; will remain an impressive pleasure.<\/p>\n<p><b>2016 KOMPLEX19<\/b><\/p>\n<p>An aroma image that brings classical music to mind. An enthralling symphony of red fruits. The addition of violets and a little blackberry creates a fusion with a hint of sulphur. A veritable firework of aromas.<\/p>\n<p><b>2015 ES IST WIE ES IST<\/b><\/p>\n<p>Exotic fruit meets pome fruit. With a hint of cumin and its discreet acidity it reminds of a ripe, white Burgundy. A wine with great potential for development.<\/p>\n<p><b>2014 ES IST WIE ES IST<\/b><\/p>\n<p>A wine with a fantastic balance of fruit, acidity and texture. Minerality meets concentrated yellow fruit aromas. The wine texture underlines the aroma structure and brings a visual experience to the drinker.<\/p>\n<p><b>2016 NYMPHE VOM MONTFORT<\/b><\/p>\n<p>A very fresh cuv\u00e9e with a silky texture. Subtle nuances of burgundy and stone fruit give the bouquet a wonderful finesse from the outset, with a fine acidity running through the entire taste.<\/p>\n<p><b>2016 UNARTIG<\/b><\/p>\n<p>The excellent acidity structure of the wine enhances the multi-layered complexity on the palate and is also retained in the finish.\u00a0Freshness and fruit tell a constantly changing story from the very beginning, which one wants to experience more and more.<\/p>\n<p>&nbsp;<\/p>\n","protected":false},"excerpt":{"rendered":"<p><strong>6 x Cuv\u00e9e \u00e1 0.75 L, Limited Edition, 150 pieces<\/strong><\/p>\n<p>1. Red wine Cuv\u00e9e | Markus Schneider | Kamanima 2015<br \/>\n2. Red wine Cuv\u00e9e | Klosterm\u00fchle Odernheim | Komplex19 2016<br \/>\n3. White wine Cuv\u00e9e | Horst Sauer | Es ist wie es ist 2015<br \/>\n4. White wine Cuv\u00e9e | Horst Sauer | Es ist wie es ist 2014<br \/>\n5. White wine Cuv\u00e9e | Klosterm\u00fchle Odernheim | Nymphe vom Montfort 2016<br \/>\n6. White wine Cuv\u00e9e | Neverland | Unartig 2016<\/p>\n","protected":false},"featured_media":1507,"template":"","meta":[],"product_brand":[],"product_cat":[96,100,97],"product_tag":[],"class_list":{"0":"post-1503","1":"product","2":"type-product","3":"status-publish","4":"has-post-thumbnail","6":"product_cat-075-l","7":"product_cat-cuvee-red","8":"product_cat-cuvee-white","10":"first","11":"instock","12":"taxable","13":"shipping-taxable","14":"purchasable","15":"product-type-simple"},"yoast_head":"<!-- This site is optimized with the Yoast SEO plugin v27.4 - https:\/\/yoast.com\/product\/yoast-seo-wordpress\/ -->\n<title>Kollektion 1 - Andr\u00e9 Macionga Cuv\u00e9e<\/title>\n<meta name=\"robots\" content=\"index, follow, max-snippet:-1, max-image-preview:large, max-video-preview:-1\" \/>\n<link rel=\"canonical\" href=\"https:\/\/andremaciongacuvee.com\/en\/shop\/bottle-size\/075-l\/kollektion-1\/\" \/>\n<meta property=\"og:locale\" content=\"en_US\" \/>\n<meta property=\"og:type\" content=\"article\" \/>\n<meta property=\"og:title\" content=\"Kollektion 1 - Andr\u00e9 Macionga Cuv\u00e9e\" \/>\n<meta property=\"og:description\" content=\"6 x Cuv\u00e9e \u00e1 0.75 L, Limited Edition, 150 pieces  1. Red wine Cuv\u00e9e | Markus Schneider | Kamanima 2015 2. Red wine Cuv\u00e9e | Klosterm\u00fchle Odernheim | Komplex19 2016 3. White wine Cuv\u00e9e | Horst Sauer | Es ist wie es ist 2015 4. White wine Cuv\u00e9e | Horst Sauer | Es ist wie es ist 2014 5. White wine Cuv\u00e9e | Klosterm\u00fchle Odernheim | Nymphe vom Montfort 2016 6. White wine Cuv\u00e9e | Neverland | Unartig 2016\" \/>\n<meta property=\"og:url\" content=\"https:\/\/andremaciongacuvee.com\/en\/shop\/bottle-size\/075-l\/kollektion-1\/\" \/>\n<meta property=\"og:site_name\" content=\"Andr\u00e9 Macionga Cuv\u00e9e\" \/>\n<meta property=\"article:publisher\" content=\"https:\/\/www.facebook.com\/andremaciongacuvee\/\" \/>\n<meta property=\"og:image\" content=\"https:\/\/andremaciongacuvee.com\/wp-content\/uploads\/2018\/08\/amc_shop_kollektion_1.png\" \/>\n\t<meta property=\"og:image:width\" content=\"2100\" \/>\n\t<meta property=\"og:image:height\" content=\"2100\" \/>\n\t<meta property=\"og:image:type\" content=\"image\/png\" \/>\n<meta name=\"twitter:card\" content=\"summary_large_image\" \/>\n<meta name=\"twitter:label1\" content=\"Est. reading time\" \/>\n\t<meta name=\"twitter:data1\" content=\"1 minute\" \/>\n<script type=\"application\/ld+json\" class=\"yoast-schema-graph\">{\"@context\":\"https:\\\/\\\/schema.org\",\"@graph\":[{\"@type\":\"WebPage\",\"@id\":\"https:\\\/\\\/andremaciongacuvee.com\\\/en\\\/shop\\\/bottle-size\\\/075-l\\\/kollektion-1\\\/\",\"url\":\"https:\\\/\\\/andremaciongacuvee.com\\\/en\\\/shop\\\/bottle-size\\\/075-l\\\/kollektion-1\\\/\",\"name\":\"Kollektion 1 - Andr\u00e9 Macionga Cuv\u00e9e\",\"isPartOf\":{\"@id\":\"https:\\\/\\\/andremaciongacuvee.com\\\/#website\"},\"primaryImageOfPage\":{\"@id\":\"https:\\\/\\\/andremaciongacuvee.com\\\/en\\\/shop\\\/bottle-size\\\/075-l\\\/kollektion-1\\\/#primaryimage\"},\"image\":{\"@id\":\"https:\\\/\\\/andremaciongacuvee.com\\\/en\\\/shop\\\/bottle-size\\\/075-l\\\/kollektion-1\\\/#primaryimage\"},\"thumbnailUrl\":\"https:\\\/\\\/andremaciongacuvee.com\\\/wp-content\\\/uploads\\\/2018\\\/08\\\/amc_shop_kollektion_1.png\",\"datePublished\":\"2020-02-10T22:30:25+00:00\",\"breadcrumb\":{\"@id\":\"https:\\\/\\\/andremaciongacuvee.com\\\/en\\\/shop\\\/bottle-size\\\/075-l\\\/kollektion-1\\\/#breadcrumb\"},\"inLanguage\":\"en-US\",\"potentialAction\":[{\"@type\":\"ReadAction\",\"target\":[\"https:\\\/\\\/andremaciongacuvee.com\\\/en\\\/shop\\\/bottle-size\\\/075-l\\\/kollektion-1\\\/\"]}]},{\"@type\":\"ImageObject\",\"inLanguage\":\"en-US\",\"@id\":\"https:\\\/\\\/andremaciongacuvee.com\\\/en\\\/shop\\\/bottle-size\\\/075-l\\\/kollektion-1\\\/#primaryimage\",\"url\":\"https:\\\/\\\/andremaciongacuvee.com\\\/wp-content\\\/uploads\\\/2018\\\/08\\\/amc_shop_kollektion_1.png\",\"contentUrl\":\"https:\\\/\\\/andremaciongacuvee.com\\\/wp-content\\\/uploads\\\/2018\\\/08\\\/amc_shop_kollektion_1.png\",\"width\":2100,\"height\":2100,\"caption\":\"Kollektion 1 Andr\u00e9 Macionga\"},{\"@type\":\"BreadcrumbList\",\"@id\":\"https:\\\/\\\/andremaciongacuvee.com\\\/en\\\/shop\\\/bottle-size\\\/075-l\\\/kollektion-1\\\/#breadcrumb\",\"itemListElement\":[{\"@type\":\"ListItem\",\"position\":1,\"name\":\"Startseite\",\"item\":\"https:\\\/\\\/andremaciongacuvee.com\\\/en\\\/weingueterweingueterwehome\\\/\"},{\"@type\":\"ListItem\",\"position\":2,\"name\":\"Shop\",\"item\":\"https:\\\/\\\/andremaciongacuvee.com\\\/en\\\/shop-2\\\/\"},{\"@type\":\"ListItem\",\"position\":3,\"name\":\"Kollektion 1\"}]},{\"@type\":\"WebSite\",\"@id\":\"https:\\\/\\\/andremaciongacuvee.com\\\/#website\",\"url\":\"https:\\\/\\\/andremaciongacuvee.com\\\/\",\"name\":\"Andr\u00e9 Macionga Cuv\u00e9e\",\"description\":\"Der Onlineshop von Andr\u00e9 Macionga Cuv\u00e9e\",\"publisher\":{\"@id\":\"https:\\\/\\\/andremaciongacuvee.com\\\/#organization\"},\"potentialAction\":[{\"@type\":\"SearchAction\",\"target\":{\"@type\":\"EntryPoint\",\"urlTemplate\":\"https:\\\/\\\/andremaciongacuvee.com\\\/?s={search_term_string}\"},\"query-input\":{\"@type\":\"PropertyValueSpecification\",\"valueRequired\":true,\"valueName\":\"search_term_string\"}}],\"inLanguage\":\"en-US\"},{\"@type\":\"Organization\",\"@id\":\"https:\\\/\\\/andremaciongacuvee.com\\\/#organization\",\"name\":\"Andr\u00e9 Macionga Cuv\u00e9e\",\"url\":\"https:\\\/\\\/andremaciongacuvee.com\\\/\",\"logo\":{\"@type\":\"ImageObject\",\"inLanguage\":\"en-US\",\"@id\":\"https:\\\/\\\/andremaciongacuvee.com\\\/#\\\/schema\\\/logo\\\/image\\\/\",\"url\":\"https:\\\/\\\/andremaciongacuvee.com\\\/wp-content\\\/uploads\\\/2018\\\/08\\\/amc_logo_black_shop.png\",\"contentUrl\":\"https:\\\/\\\/andremaciongacuvee.com\\\/wp-content\\\/uploads\\\/2018\\\/08\\\/amc_logo_black_shop.png\",\"width\":800,\"height\":150,\"caption\":\"Andr\u00e9 Macionga Cuv\u00e9e\"},\"image\":{\"@id\":\"https:\\\/\\\/andremaciongacuvee.com\\\/#\\\/schema\\\/logo\\\/image\\\/\"},\"sameAs\":[\"https:\\\/\\\/www.facebook.com\\\/andremaciongacuvee\\\/\",\"https:\\\/\\\/www.instagram.com\\\/andremaciongacuvee\\\/?hl=en\",\"https:\\\/\\\/www.linkedin.com\\\/in\\\/andre-macionga\\\/?originalSubdomain=de\"]}]}<\/script>\n<!-- \/ Yoast SEO plugin. -->","yoast_head_json":{"title":"Kollektion 1 - Andr\u00e9 Macionga Cuv\u00e9e","robots":{"index":"index","follow":"follow","max-snippet":"max-snippet:-1","max-image-preview":"max-image-preview:large","max-video-preview":"max-video-preview:-1"},"canonical":"https:\/\/andremaciongacuvee.com\/en\/shop\/bottle-size\/075-l\/kollektion-1\/","og_locale":"en_US","og_type":"article","og_title":"Kollektion 1 - Andr\u00e9 Macionga Cuv\u00e9e","og_description":"6 x Cuv\u00e9e \u00e1 0.75 L, Limited Edition, 150 pieces  1. Red wine Cuv\u00e9e | Markus Schneider | Kamanima 2015 2. Red wine Cuv\u00e9e | Klosterm\u00fchle Odernheim | Komplex19 2016 3. White wine Cuv\u00e9e | Horst Sauer | Es ist wie es ist 2015 4. White wine Cuv\u00e9e | Horst Sauer | Es ist wie es ist 2014 5. White wine Cuv\u00e9e | Klosterm\u00fchle Odernheim | Nymphe vom Montfort 2016 6. White wine Cuv\u00e9e | Neverland | Unartig 2016","og_url":"https:\/\/andremaciongacuvee.com\/en\/shop\/bottle-size\/075-l\/kollektion-1\/","og_site_name":"Andr\u00e9 Macionga Cuv\u00e9e","article_publisher":"https:\/\/www.facebook.com\/andremaciongacuvee\/","og_image":[{"width":2100,"height":2100,"url":"https:\/\/andremaciongacuvee.com\/wp-content\/uploads\/2018\/08\/amc_shop_kollektion_1.png","type":"image\/png"}],"twitter_card":"summary_large_image","twitter_misc":{"Est. reading time":"1 minute"},"schema":{"@context":"https:\/\/schema.org","@graph":[{"@type":"WebPage","@id":"https:\/\/andremaciongacuvee.com\/en\/shop\/bottle-size\/075-l\/kollektion-1\/","url":"https:\/\/andremaciongacuvee.com\/en\/shop\/bottle-size\/075-l\/kollektion-1\/","name":"Kollektion 1 - Andr\u00e9 Macionga Cuv\u00e9e","isPartOf":{"@id":"https:\/\/andremaciongacuvee.com\/#website"},"primaryImageOfPage":{"@id":"https:\/\/andremaciongacuvee.com\/en\/shop\/bottle-size\/075-l\/kollektion-1\/#primaryimage"},"image":{"@id":"https:\/\/andremaciongacuvee.com\/en\/shop\/bottle-size\/075-l\/kollektion-1\/#primaryimage"},"thumbnailUrl":"https:\/\/andremaciongacuvee.com\/wp-content\/uploads\/2018\/08\/amc_shop_kollektion_1.png","datePublished":"2020-02-10T22:30:25+00:00","breadcrumb":{"@id":"https:\/\/andremaciongacuvee.com\/en\/shop\/bottle-size\/075-l\/kollektion-1\/#breadcrumb"},"inLanguage":"en-US","potentialAction":[{"@type":"ReadAction","target":["https:\/\/andremaciongacuvee.com\/en\/shop\/bottle-size\/075-l\/kollektion-1\/"]}]},{"@type":"ImageObject","inLanguage":"en-US","@id":"https:\/\/andremaciongacuvee.com\/en\/shop\/bottle-size\/075-l\/kollektion-1\/#primaryimage","url":"https:\/\/andremaciongacuvee.com\/wp-content\/uploads\/2018\/08\/amc_shop_kollektion_1.png","contentUrl":"https:\/\/andremaciongacuvee.com\/wp-content\/uploads\/2018\/08\/amc_shop_kollektion_1.png","width":2100,"height":2100,"caption":"Kollektion 1 Andr\u00e9 Macionga"},{"@type":"BreadcrumbList","@id":"https:\/\/andremaciongacuvee.com\/en\/shop\/bottle-size\/075-l\/kollektion-1\/#breadcrumb","itemListElement":[{"@type":"ListItem","position":1,"name":"Startseite","item":"https:\/\/andremaciongacuvee.com\/en\/weingueterweingueterwehome\/"},{"@type":"ListItem","position":2,"name":"Shop","item":"https:\/\/andremaciongacuvee.com\/en\/shop-2\/"},{"@type":"ListItem","position":3,"name":"Kollektion 1"}]},{"@type":"WebSite","@id":"https:\/\/andremaciongacuvee.com\/#website","url":"https:\/\/andremaciongacuvee.com\/","name":"Andr\u00e9 Macionga Cuv\u00e9e","description":"Der Onlineshop von Andr\u00e9 Macionga Cuv\u00e9e","publisher":{"@id":"https:\/\/andremaciongacuvee.com\/#organization"},"potentialAction":[{"@type":"SearchAction","target":{"@type":"EntryPoint","urlTemplate":"https:\/\/andremaciongacuvee.com\/?s={search_term_string}"},"query-input":{"@type":"PropertyValueSpecification","valueRequired":true,"valueName":"search_term_string"}}],"inLanguage":"en-US"},{"@type":"Organization","@id":"https:\/\/andremaciongacuvee.com\/#organization","name":"Andr\u00e9 Macionga Cuv\u00e9e","url":"https:\/\/andremaciongacuvee.com\/","logo":{"@type":"ImageObject","inLanguage":"en-US","@id":"https:\/\/andremaciongacuvee.com\/#\/schema\/logo\/image\/","url":"https:\/\/andremaciongacuvee.com\/wp-content\/uploads\/2018\/08\/amc_logo_black_shop.png","contentUrl":"https:\/\/andremaciongacuvee.com\/wp-content\/uploads\/2018\/08\/amc_logo_black_shop.png","width":800,"height":150,"caption":"Andr\u00e9 Macionga Cuv\u00e9e"},"image":{"@id":"https:\/\/andremaciongacuvee.com\/#\/schema\/logo\/image\/"},"sameAs":["https:\/\/www.facebook.com\/andremaciongacuvee\/","https:\/\/www.instagram.com\/andremaciongacuvee\/?hl=en","https:\/\/www.linkedin.com\/in\/andre-macionga\/?originalSubdomain=de"]}]}},"jetpack_sharing_enabled":true,"_links":{"self":[{"href":"https:\/\/andremaciongacuvee.com\/en\/wp-json\/wp\/v2\/product\/1503","targetHints":{"allow":["GET"]}}],"collection":[{"href":"https:\/\/andremaciongacuvee.com\/en\/wp-json\/wp\/v2\/product"}],"about":[{"href":"https:\/\/andremaciongacuvee.com\/en\/wp-json\/wp\/v2\/types\/product"}],"wp:featuredmedia":[{"embeddable":true,"href":"https:\/\/andremaciongacuvee.com\/en\/wp-json\/wp\/v2\/media\/1507"}],"wp:attachment":[{"href":"https:\/\/andremaciongacuvee.com\/en\/wp-json\/wp\/v2\/media?parent=1503"}],"wp:term":[{"taxonomy":"product_brand","embeddable":true,"href":"https:\/\/andremaciongacuvee.com\/en\/wp-json\/wp\/v2\/product_brand?post=1503"},{"taxonomy":"product_cat","embeddable":true,"href":"https:\/\/andremaciongacuvee.com\/en\/wp-json\/wp\/v2\/product_cat?post=1503"},{"taxonomy":"product_tag","embeddable":true,"href":"https:\/\/andremaciongacuvee.com\/en\/wp-json\/wp\/v2\/product_tag?post=1503"}],"curies":[{"name":"wp","href":"https:\/\/api.w.org\/{rel}","templated":true}]}}