{"id":1508,"date":"2020-04-28T22:01:42","date_gmt":"2020-04-28T20:01:42","guid":{"rendered":"https:\/\/andremaciongacuvee.shop\/shop\/uncategorized\/kollektion-2\/"},"modified":"2020-05-31T23:07:52","modified_gmt":"2020-05-31T21:07:52","slug":"kollektion-2","status":"publish","type":"product","link":"https:\/\/andremaciongacuvee.com\/en\/shop\/bottle-size\/075-l\/kollektion-2\/","title":{"rendered":"Kollektion 2"},"content":{"rendered":"<p><b>2016 KAMANIMA<\/b><\/p>\n<p>Roast aromas in the nose and on the palate. In combination with fully dense notes of cassis, leather and light plum tones, the result is an excitingly dancing aromatic play. Even with just a small sip, the sensation on the palate is extremely mouth-filling, without appearing oily or over-extracted.<\/p>\n<p><b>2017 KOMPLEX19<\/b><\/p>\n<p>Restrained burgundy tones with a wide range of aromas. It carries an incredibly animating acidity and a great play of cherry notes. The fullness and concentration presents itself soft and silky on one side and racy and spicy on the other &#8211; the wine is very uplifting.<\/p>\n<p><b>2016 ES IST WIE ES IST<\/b><\/p>\n<p>Intense, concentrated and very present, this wine reveals a wealth of power, aromas and dancing lightness. The maturity and also freshness of the wine jumps directly to the nose. An aromatic picture, which is absolutely unique in its presentation. This wine is anything but boring.<\/p>\n<p><b>2017 FREIGEIST<\/b><\/p>\n<p>This white wine offers a captivatingly aggressive odour, which develops concentration and substance in the nose. In terms of taste, the cuv\u00e9e paints a picture of colossal green and yellow tones. It balances crisp light yellow fruits and yeast extracts, acidity and texture in unbelievable perfection.<\/p>\n<p><b>2017 NYMPHE VOM MONTFORT<\/b><\/p>\n<p>More mature and confident than the 2016 Nymphe, it immediately presents a beautifully silky texture with a subtle, fresh acidity. The yellow fruit tones run very clearly through the taste picture. Everything seems denser, more conspicuous and more intense. None of the aromas wants to play the leading role, but in the end they all radiate a perfect picture.<\/p>\n<p><b>2017 UNARTIG<\/b><\/p>\n<p>A multi-layered and very youthful wine with a dense and complex character. The harmony of tension, spice and the toasty tones of brioche results in a cuv\u00e9e that will continue to give pleasure for years to come.<\/p>\n<p><\/p>\n","protected":false},"excerpt":{"rendered":"<p><strong>6 x Cuv\u00e9e \u00e1 0.75 L, Limited Edition, 300 pieces<\/strong><\/p>\n<p>1. Red wine Cuv\u00e9e | Markus Schneider | Kamanima 2016<br \/>2. Red wine Cuv\u00e9e | Klosterm\u00fchle Odernheim | Komplex19 2017<br \/>3. White wine Cuv\u00e9e | Horst Sauer | Es ist wie es ist 2016<br \/>4. White wine Cuv\u00e9e | Dreissigacker | Freigeist 2017<br \/>5. White wine Cuv\u00e9e | Klosterm\u00fchle Odernheim | Nymphe vom Montfort 2017<br \/>6. White wine Cuv\u00e9e | Neverland | Unartig 2017<\/p>\n","protected":false},"featured_media":1511,"template":"","meta":[],"product_brand":[],"product_cat":[96,100,97],"product_tag":[],"class_list":{"0":"post-1508","1":"product","2":"type-product","3":"status-publish","4":"has-post-thumbnail","6":"product_cat-075-l","7":"product_cat-cuvee-red","8":"product_cat-cuvee-white","10":"first","11":"instock","12":"taxable","13":"shipping-taxable","14":"purchasable","15":"product-type-simple"},"yoast_head":"<!-- This site is optimized with the Yoast SEO plugin v27.4 - https:\/\/yoast.com\/product\/yoast-seo-wordpress\/ -->\n<title>Kollektion 2 - Andr\u00e9 Macionga Cuv\u00e9e<\/title>\n<meta name=\"robots\" content=\"index, follow, max-snippet:-1, max-image-preview:large, max-video-preview:-1\" \/>\n<link rel=\"canonical\" href=\"https:\/\/andremaciongacuvee.com\/en\/shop\/bottle-size\/075-l\/kollektion-2\/\" \/>\n<meta property=\"og:locale\" content=\"en_US\" \/>\n<meta property=\"og:type\" content=\"article\" \/>\n<meta property=\"og:title\" content=\"Kollektion 2 - Andr\u00e9 Macionga Cuv\u00e9e\" \/>\n<meta property=\"og:description\" content=\"6 x Cuv\u00e9e \u00e1 0.75 L, Limited Edition, 300 pieces1. Red wine Cuv\u00e9e | Markus Schneider | Kamanima 20162. Red wine Cuv\u00e9e | Klosterm\u00fchle Odernheim | Komplex19 20173. White wine Cuv\u00e9e | Horst Sauer | Es ist wie es ist 20164. White wine Cuv\u00e9e | Dreissigacker | Freigeist 20175. White wine Cuv\u00e9e | Klosterm\u00fchle Odernheim | Nymphe vom Montfort 20176. White wine Cuv\u00e9e | Neverland | Unartig 2017\" \/>\n<meta property=\"og:url\" content=\"https:\/\/andremaciongacuvee.com\/en\/shop\/bottle-size\/075-l\/kollektion-2\/\" \/>\n<meta property=\"og:site_name\" content=\"Andr\u00e9 Macionga Cuv\u00e9e\" \/>\n<meta property=\"article:publisher\" content=\"https:\/\/www.facebook.com\/andremaciongacuvee\/\" \/>\n<meta property=\"article:modified_time\" content=\"2020-05-31T21:07:52+00:00\" \/>\n<meta property=\"og:image\" content=\"https:\/\/andremaciongacuvee.com\/wp-content\/uploads\/2018\/08\/amc_shop_kollektion_2.png\" \/>\n\t<meta property=\"og:image:width\" content=\"2100\" \/>\n\t<meta property=\"og:image:height\" content=\"2100\" \/>\n\t<meta property=\"og:image:type\" content=\"image\/png\" \/>\n<meta name=\"twitter:card\" content=\"summary_large_image\" \/>\n<meta name=\"twitter:label1\" content=\"Est. reading time\" \/>\n\t<meta name=\"twitter:data1\" content=\"1 minute\" \/>\n<script type=\"application\/ld+json\" class=\"yoast-schema-graph\">{\"@context\":\"https:\\\/\\\/schema.org\",\"@graph\":[{\"@type\":\"WebPage\",\"@id\":\"https:\\\/\\\/andremaciongacuvee.com\\\/en\\\/shop\\\/bottle-size\\\/075-l\\\/kollektion-2\\\/\",\"url\":\"https:\\\/\\\/andremaciongacuvee.com\\\/en\\\/shop\\\/bottle-size\\\/075-l\\\/kollektion-2\\\/\",\"name\":\"Kollektion 2 - Andr\u00e9 Macionga Cuv\u00e9e\",\"isPartOf\":{\"@id\":\"https:\\\/\\\/andremaciongacuvee.com\\\/#website\"},\"primaryImageOfPage\":{\"@id\":\"https:\\\/\\\/andremaciongacuvee.com\\\/en\\\/shop\\\/bottle-size\\\/075-l\\\/kollektion-2\\\/#primaryimage\"},\"image\":{\"@id\":\"https:\\\/\\\/andremaciongacuvee.com\\\/en\\\/shop\\\/bottle-size\\\/075-l\\\/kollektion-2\\\/#primaryimage\"},\"thumbnailUrl\":\"https:\\\/\\\/andremaciongacuvee.com\\\/wp-content\\\/uploads\\\/2018\\\/08\\\/amc_shop_kollektion_2.png\",\"datePublished\":\"2020-04-28T20:01:42+00:00\",\"dateModified\":\"2020-05-31T21:07:52+00:00\",\"breadcrumb\":{\"@id\":\"https:\\\/\\\/andremaciongacuvee.com\\\/en\\\/shop\\\/bottle-size\\\/075-l\\\/kollektion-2\\\/#breadcrumb\"},\"inLanguage\":\"en-US\",\"potentialAction\":[{\"@type\":\"ReadAction\",\"target\":[\"https:\\\/\\\/andremaciongacuvee.com\\\/en\\\/shop\\\/bottle-size\\\/075-l\\\/kollektion-2\\\/\"]}]},{\"@type\":\"ImageObject\",\"inLanguage\":\"en-US\",\"@id\":\"https:\\\/\\\/andremaciongacuvee.com\\\/en\\\/shop\\\/bottle-size\\\/075-l\\\/kollektion-2\\\/#primaryimage\",\"url\":\"https:\\\/\\\/andremaciongacuvee.com\\\/wp-content\\\/uploads\\\/2018\\\/08\\\/amc_shop_kollektion_2.png\",\"contentUrl\":\"https:\\\/\\\/andremaciongacuvee.com\\\/wp-content\\\/uploads\\\/2018\\\/08\\\/amc_shop_kollektion_2.png\",\"width\":2100,\"height\":2100,\"caption\":\"Kollektion 2 Andr\u00e9 Macionga\"},{\"@type\":\"BreadcrumbList\",\"@id\":\"https:\\\/\\\/andremaciongacuvee.com\\\/en\\\/shop\\\/bottle-size\\\/075-l\\\/kollektion-2\\\/#breadcrumb\",\"itemListElement\":[{\"@type\":\"ListItem\",\"position\":1,\"name\":\"Startseite\",\"item\":\"https:\\\/\\\/andremaciongacuvee.com\\\/en\\\/weingueterweingueterwehome\\\/\"},{\"@type\":\"ListItem\",\"position\":2,\"name\":\"Shop\",\"item\":\"https:\\\/\\\/andremaciongacuvee.com\\\/en\\\/shop-2\\\/\"},{\"@type\":\"ListItem\",\"position\":3,\"name\":\"Kollektion 2\"}]},{\"@type\":\"WebSite\",\"@id\":\"https:\\\/\\\/andremaciongacuvee.com\\\/#website\",\"url\":\"https:\\\/\\\/andremaciongacuvee.com\\\/\",\"name\":\"Andr\u00e9 Macionga Cuv\u00e9e\",\"description\":\"Der Onlineshop von Andr\u00e9 Macionga Cuv\u00e9e\",\"publisher\":{\"@id\":\"https:\\\/\\\/andremaciongacuvee.com\\\/#organization\"},\"potentialAction\":[{\"@type\":\"SearchAction\",\"target\":{\"@type\":\"EntryPoint\",\"urlTemplate\":\"https:\\\/\\\/andremaciongacuvee.com\\\/?s={search_term_string}\"},\"query-input\":{\"@type\":\"PropertyValueSpecification\",\"valueRequired\":true,\"valueName\":\"search_term_string\"}}],\"inLanguage\":\"en-US\"},{\"@type\":\"Organization\",\"@id\":\"https:\\\/\\\/andremaciongacuvee.com\\\/#organization\",\"name\":\"Andr\u00e9 Macionga Cuv\u00e9e\",\"url\":\"https:\\\/\\\/andremaciongacuvee.com\\\/\",\"logo\":{\"@type\":\"ImageObject\",\"inLanguage\":\"en-US\",\"@id\":\"https:\\\/\\\/andremaciongacuvee.com\\\/#\\\/schema\\\/logo\\\/image\\\/\",\"url\":\"https:\\\/\\\/andremaciongacuvee.com\\\/wp-content\\\/uploads\\\/2018\\\/08\\\/amc_logo_black_shop.png\",\"contentUrl\":\"https:\\\/\\\/andremaciongacuvee.com\\\/wp-content\\\/uploads\\\/2018\\\/08\\\/amc_logo_black_shop.png\",\"width\":800,\"height\":150,\"caption\":\"Andr\u00e9 Macionga Cuv\u00e9e\"},\"image\":{\"@id\":\"https:\\\/\\\/andremaciongacuvee.com\\\/#\\\/schema\\\/logo\\\/image\\\/\"},\"sameAs\":[\"https:\\\/\\\/www.facebook.com\\\/andremaciongacuvee\\\/\",\"https:\\\/\\\/www.instagram.com\\\/andremaciongacuvee\\\/?hl=en\",\"https:\\\/\\\/www.linkedin.com\\\/in\\\/andre-macionga\\\/?originalSubdomain=de\"]}]}<\/script>\n<!-- \/ Yoast SEO plugin. -->","yoast_head_json":{"title":"Kollektion 2 - Andr\u00e9 Macionga Cuv\u00e9e","robots":{"index":"index","follow":"follow","max-snippet":"max-snippet:-1","max-image-preview":"max-image-preview:large","max-video-preview":"max-video-preview:-1"},"canonical":"https:\/\/andremaciongacuvee.com\/en\/shop\/bottle-size\/075-l\/kollektion-2\/","og_locale":"en_US","og_type":"article","og_title":"Kollektion 2 - Andr\u00e9 Macionga Cuv\u00e9e","og_description":"6 x Cuv\u00e9e \u00e1 0.75 L, Limited Edition, 300 pieces1. Red wine Cuv\u00e9e | Markus Schneider | Kamanima 20162. Red wine Cuv\u00e9e | Klosterm\u00fchle Odernheim | Komplex19 20173. White wine Cuv\u00e9e | Horst Sauer | Es ist wie es ist 20164. White wine Cuv\u00e9e | Dreissigacker | Freigeist 20175. White wine Cuv\u00e9e | Klosterm\u00fchle Odernheim | Nymphe vom Montfort 20176. White wine Cuv\u00e9e | Neverland | Unartig 2017","og_url":"https:\/\/andremaciongacuvee.com\/en\/shop\/bottle-size\/075-l\/kollektion-2\/","og_site_name":"Andr\u00e9 Macionga Cuv\u00e9e","article_publisher":"https:\/\/www.facebook.com\/andremaciongacuvee\/","article_modified_time":"2020-05-31T21:07:52+00:00","og_image":[{"width":2100,"height":2100,"url":"https:\/\/andremaciongacuvee.com\/wp-content\/uploads\/2018\/08\/amc_shop_kollektion_2.png","type":"image\/png"}],"twitter_card":"summary_large_image","twitter_misc":{"Est. reading time":"1 minute"},"schema":{"@context":"https:\/\/schema.org","@graph":[{"@type":"WebPage","@id":"https:\/\/andremaciongacuvee.com\/en\/shop\/bottle-size\/075-l\/kollektion-2\/","url":"https:\/\/andremaciongacuvee.com\/en\/shop\/bottle-size\/075-l\/kollektion-2\/","name":"Kollektion 2 - Andr\u00e9 Macionga Cuv\u00e9e","isPartOf":{"@id":"https:\/\/andremaciongacuvee.com\/#website"},"primaryImageOfPage":{"@id":"https:\/\/andremaciongacuvee.com\/en\/shop\/bottle-size\/075-l\/kollektion-2\/#primaryimage"},"image":{"@id":"https:\/\/andremaciongacuvee.com\/en\/shop\/bottle-size\/075-l\/kollektion-2\/#primaryimage"},"thumbnailUrl":"https:\/\/andremaciongacuvee.com\/wp-content\/uploads\/2018\/08\/amc_shop_kollektion_2.png","datePublished":"2020-04-28T20:01:42+00:00","dateModified":"2020-05-31T21:07:52+00:00","breadcrumb":{"@id":"https:\/\/andremaciongacuvee.com\/en\/shop\/bottle-size\/075-l\/kollektion-2\/#breadcrumb"},"inLanguage":"en-US","potentialAction":[{"@type":"ReadAction","target":["https:\/\/andremaciongacuvee.com\/en\/shop\/bottle-size\/075-l\/kollektion-2\/"]}]},{"@type":"ImageObject","inLanguage":"en-US","@id":"https:\/\/andremaciongacuvee.com\/en\/shop\/bottle-size\/075-l\/kollektion-2\/#primaryimage","url":"https:\/\/andremaciongacuvee.com\/wp-content\/uploads\/2018\/08\/amc_shop_kollektion_2.png","contentUrl":"https:\/\/andremaciongacuvee.com\/wp-content\/uploads\/2018\/08\/amc_shop_kollektion_2.png","width":2100,"height":2100,"caption":"Kollektion 2 Andr\u00e9 Macionga"},{"@type":"BreadcrumbList","@id":"https:\/\/andremaciongacuvee.com\/en\/shop\/bottle-size\/075-l\/kollektion-2\/#breadcrumb","itemListElement":[{"@type":"ListItem","position":1,"name":"Startseite","item":"https:\/\/andremaciongacuvee.com\/en\/weingueterweingueterwehome\/"},{"@type":"ListItem","position":2,"name":"Shop","item":"https:\/\/andremaciongacuvee.com\/en\/shop-2\/"},{"@type":"ListItem","position":3,"name":"Kollektion 2"}]},{"@type":"WebSite","@id":"https:\/\/andremaciongacuvee.com\/#website","url":"https:\/\/andremaciongacuvee.com\/","name":"Andr\u00e9 Macionga Cuv\u00e9e","description":"Der Onlineshop von Andr\u00e9 Macionga Cuv\u00e9e","publisher":{"@id":"https:\/\/andremaciongacuvee.com\/#organization"},"potentialAction":[{"@type":"SearchAction","target":{"@type":"EntryPoint","urlTemplate":"https:\/\/andremaciongacuvee.com\/?s={search_term_string}"},"query-input":{"@type":"PropertyValueSpecification","valueRequired":true,"valueName":"search_term_string"}}],"inLanguage":"en-US"},{"@type":"Organization","@id":"https:\/\/andremaciongacuvee.com\/#organization","name":"Andr\u00e9 Macionga Cuv\u00e9e","url":"https:\/\/andremaciongacuvee.com\/","logo":{"@type":"ImageObject","inLanguage":"en-US","@id":"https:\/\/andremaciongacuvee.com\/#\/schema\/logo\/image\/","url":"https:\/\/andremaciongacuvee.com\/wp-content\/uploads\/2018\/08\/amc_logo_black_shop.png","contentUrl":"https:\/\/andremaciongacuvee.com\/wp-content\/uploads\/2018\/08\/amc_logo_black_shop.png","width":800,"height":150,"caption":"Andr\u00e9 Macionga Cuv\u00e9e"},"image":{"@id":"https:\/\/andremaciongacuvee.com\/#\/schema\/logo\/image\/"},"sameAs":["https:\/\/www.facebook.com\/andremaciongacuvee\/","https:\/\/www.instagram.com\/andremaciongacuvee\/?hl=en","https:\/\/www.linkedin.com\/in\/andre-macionga\/?originalSubdomain=de"]}]}},"jetpack_sharing_enabled":true,"_links":{"self":[{"href":"https:\/\/andremaciongacuvee.com\/en\/wp-json\/wp\/v2\/product\/1508","targetHints":{"allow":["GET"]}}],"collection":[{"href":"https:\/\/andremaciongacuvee.com\/en\/wp-json\/wp\/v2\/product"}],"about":[{"href":"https:\/\/andremaciongacuvee.com\/en\/wp-json\/wp\/v2\/types\/product"}],"wp:featuredmedia":[{"embeddable":true,"href":"https:\/\/andremaciongacuvee.com\/en\/wp-json\/wp\/v2\/media\/1511"}],"wp:attachment":[{"href":"https:\/\/andremaciongacuvee.com\/en\/wp-json\/wp\/v2\/media?parent=1508"}],"wp:term":[{"taxonomy":"product_brand","embeddable":true,"href":"https:\/\/andremaciongacuvee.com\/en\/wp-json\/wp\/v2\/product_brand?post=1508"},{"taxonomy":"product_cat","embeddable":true,"href":"https:\/\/andremaciongacuvee.com\/en\/wp-json\/wp\/v2\/product_cat?post=1508"},{"taxonomy":"product_tag","embeddable":true,"href":"https:\/\/andremaciongacuvee.com\/en\/wp-json\/wp\/v2\/product_tag?post=1508"}],"curies":[{"name":"wp","href":"https:\/\/api.w.org\/{rel}","templated":true}]}}