{"id":1909,"date":"2021-05-26T12:42:33","date_gmt":"2021-05-26T10:42:41","guid":{"rendered":"https:\/\/andremaciongacuvee.com\/?post_type=product&#038;p=1909"},"modified":"2021-06-01T12:35:10","modified_gmt":"2021-06-01T10:35:10","slug":"letoile-de-berru-millesime-2017","status":"publish","type":"product","link":"https:\/\/andremaciongacuvee.com\/en\/shop\/winery\/adam-mereaux-en\/letoile-de-berru-millesime-2017\/","title":{"rendered":"L\u2019\u00c9toile de Berru &#8211; Extra Brut &#8211; Zero Dosage 2017"},"content":{"rendered":"<p id=\"u69556-18\"><b>Tasting note<\/b><\/p>\n<p>Clear yellow and light green tones. Freshness, lightness and esprit herald the spring!<br \/>\nWith an incredible amount of energy, joie de vivre, emotion, youthfulness, green apples and apple peel, this champagne is one of my absolute favorite vintages in the area. Super lively with an optimistic charisma. With a lot of oxygen in the mouth, almond tones and marzipan also come. As if you first eat the pieces of fruit from the apple pie and then the shortcrust pastry. Without oxygen, the champagne is fresh and green and with oxygen with almond and coconut. The freshness always remains clear. The Extra Brut Zero Dosage is extremely versatile. You can look at it from different angles and it surprises.<\/p>\n<p>With air, the wine creates a silence, a devotion that is symbolic of the complexity of champagne itself. Transcendence. When you have it on your palate, you forget the rest. The Zero Dosage exudes purity and luxury. Luxury simply means the moment to drink the now. A master in its class. Bone dry brilliant.<\/p>\n","protected":false},"excerpt":{"rendered":"<p><strong>Limited edition, 500 bottles<\/strong><\/p>\n<p>The champagne creates a vibrant feeling on the palate and is an immediate bubbling inspiration. The play of freshness and vinosity forms an exciting alternation and blends with light brioche tones and green apple. The lightness, a dancing brizzle, completes the picture and gives &#8220;L&#8217;\u00c9toile de Berru&#8221; an irresistible drinking flow. This year was very challenging. Due to a warm and humid autumn, it was necessary to harvest very quickly and sort them very carefully. Adam-Mereaux succeeded with clean and ripe Chardonnay grapes of the highest quality. A particularly amazing atypical vintage! Andr\u00e9 Macionga is fascinated by a &#8220;noble pearl that permeates us green. We lie in the dry hay and eat young pears, sniff unripe melons and enjoy the view of the freshness.&#8221;<\/p>\n","protected":false},"featured_media":1915,"template":"","meta":[],"product_brand":[],"product_cat":[96,120,99],"product_tag":[],"class_list":{"0":"post-1909","1":"product","2":"type-product","3":"status-publish","4":"has-post-thumbnail","6":"product_cat-075-l","7":"product_cat-adam-mereaux-en","8":"product_cat-champagner-en","10":"first","11":"instock","12":"featured","13":"taxable","14":"shipping-taxable","15":"purchasable","16":"product-type-simple"},"yoast_head":"<!-- This site is optimized with the Yoast SEO plugin v27.4 - https:\/\/yoast.com\/product\/yoast-seo-wordpress\/ -->\n<title>L\u2019\u00c9toile de Berru - Extra Brut - Zero Dosage 2017 - Andr\u00e9 Macionga Cuv\u00e9e<\/title>\n<meta name=\"robots\" content=\"index, follow, max-snippet:-1, max-image-preview:large, max-video-preview:-1\" \/>\n<link rel=\"canonical\" href=\"https:\/\/andremaciongacuvee.com\/en\/shop\/winery\/adam-mereaux-en\/letoile-de-berru-millesime-2017\/\" \/>\n<meta property=\"og:locale\" content=\"en_US\" \/>\n<meta property=\"og:type\" content=\"article\" \/>\n<meta property=\"og:title\" content=\"L\u2019\u00c9toile de Berru - Extra Brut - Zero Dosage 2017 - Andr\u00e9 Macionga Cuv\u00e9e\" \/>\n<meta property=\"og:description\" content=\"Limited edition, 500 bottles  The champagne creates a vibrant feeling on the palate and is an immediate bubbling inspiration. The play of freshness and vinosity forms an exciting alternation and blends with light brioche tones and green apple. The lightness, a dancing brizzle, completes the picture and gives &quot;L&#039;\u00c9toile de Berru&quot; an irresistible drinking flow. This year was very challenging. Due to a warm and humid autumn, it was necessary to harvest very quickly and sort them very carefully. Adam-Mereaux succeeded with clean and ripe Chardonnay grapes of the highest quality. A particularly amazing atypical vintage! Andr\u00e9 Macionga is fascinated by a &quot;noble pearl that permeates us green. We lie in the dry hay and eat young pears, sniff unripe melons and enjoy the view of the freshness.&quot;\" \/>\n<meta property=\"og:url\" content=\"https:\/\/andremaciongacuvee.com\/en\/shop\/winery\/adam-mereaux-en\/letoile-de-berru-millesime-2017\/\" \/>\n<meta property=\"og:site_name\" content=\"Andr\u00e9 Macionga Cuv\u00e9e\" \/>\n<meta property=\"article:publisher\" content=\"https:\/\/www.facebook.com\/andremaciongacuvee\/\" \/>\n<meta property=\"article:modified_time\" content=\"2021-06-01T10:35:10+00:00\" \/>\n<meta property=\"og:image\" content=\"https:\/\/andremaciongacuvee.com\/wp-content\/uploads\/2021\/05\/amc_shop_adam_mereaux_2017-1.jpg\" \/>\n\t<meta property=\"og:image:width\" content=\"2100\" \/>\n\t<meta property=\"og:image:height\" content=\"2100\" \/>\n\t<meta property=\"og:image:type\" content=\"image\/jpeg\" \/>\n<meta name=\"twitter:card\" content=\"summary_large_image\" \/>\n<meta name=\"twitter:label1\" content=\"Est. reading time\" \/>\n\t<meta name=\"twitter:data1\" content=\"1 minute\" \/>\n<script type=\"application\/ld+json\" class=\"yoast-schema-graph\">{\"@context\":\"https:\\\/\\\/schema.org\",\"@graph\":[{\"@type\":\"WebPage\",\"@id\":\"https:\\\/\\\/andremaciongacuvee.com\\\/en\\\/shop\\\/winery\\\/adam-mereaux-en\\\/letoile-de-berru-millesime-2017\\\/\",\"url\":\"https:\\\/\\\/andremaciongacuvee.com\\\/en\\\/shop\\\/winery\\\/adam-mereaux-en\\\/letoile-de-berru-millesime-2017\\\/\",\"name\":\"L\u2019\u00c9toile de Berru - Extra Brut - Zero Dosage 2017 - Andr\u00e9 Macionga Cuv\u00e9e\",\"isPartOf\":{\"@id\":\"https:\\\/\\\/andremaciongacuvee.com\\\/#website\"},\"primaryImageOfPage\":{\"@id\":\"https:\\\/\\\/andremaciongacuvee.com\\\/en\\\/shop\\\/winery\\\/adam-mereaux-en\\\/letoile-de-berru-millesime-2017\\\/#primaryimage\"},\"image\":{\"@id\":\"https:\\\/\\\/andremaciongacuvee.com\\\/en\\\/shop\\\/winery\\\/adam-mereaux-en\\\/letoile-de-berru-millesime-2017\\\/#primaryimage\"},\"thumbnailUrl\":\"https:\\\/\\\/andremaciongacuvee.com\\\/wp-content\\\/uploads\\\/2021\\\/05\\\/amc_shop_adam_mereaux_2017-1.jpg\",\"datePublished\":\"2021-05-26T10:42:41+00:00\",\"dateModified\":\"2021-06-01T10:35:10+00:00\",\"breadcrumb\":{\"@id\":\"https:\\\/\\\/andremaciongacuvee.com\\\/en\\\/shop\\\/winery\\\/adam-mereaux-en\\\/letoile-de-berru-millesime-2017\\\/#breadcrumb\"},\"inLanguage\":\"en-US\",\"potentialAction\":[{\"@type\":\"ReadAction\",\"target\":[\"https:\\\/\\\/andremaciongacuvee.com\\\/en\\\/shop\\\/winery\\\/adam-mereaux-en\\\/letoile-de-berru-millesime-2017\\\/\"]}]},{\"@type\":\"ImageObject\",\"inLanguage\":\"en-US\",\"@id\":\"https:\\\/\\\/andremaciongacuvee.com\\\/en\\\/shop\\\/winery\\\/adam-mereaux-en\\\/letoile-de-berru-millesime-2017\\\/#primaryimage\",\"url\":\"https:\\\/\\\/andremaciongacuvee.com\\\/wp-content\\\/uploads\\\/2021\\\/05\\\/amc_shop_adam_mereaux_2017-1.jpg\",\"contentUrl\":\"https:\\\/\\\/andremaciongacuvee.com\\\/wp-content\\\/uploads\\\/2021\\\/05\\\/amc_shop_adam_mereaux_2017-1.jpg\",\"width\":2100,\"height\":2100},{\"@type\":\"BreadcrumbList\",\"@id\":\"https:\\\/\\\/andremaciongacuvee.com\\\/en\\\/shop\\\/winery\\\/adam-mereaux-en\\\/letoile-de-berru-millesime-2017\\\/#breadcrumb\",\"itemListElement\":[{\"@type\":\"ListItem\",\"position\":1,\"name\":\"Startseite\",\"item\":\"https:\\\/\\\/andremaciongacuvee.com\\\/en\\\/weingueterweingueterwehome\\\/\"},{\"@type\":\"ListItem\",\"position\":2,\"name\":\"Shop\",\"item\":\"https:\\\/\\\/andremaciongacuvee.com\\\/en\\\/shop-2\\\/\"},{\"@type\":\"ListItem\",\"position\":3,\"name\":\"L\u2019\u00c9toile de Berru &#8211; Extra Brut &#8211; Zero Dosage 2017\"}]},{\"@type\":\"WebSite\",\"@id\":\"https:\\\/\\\/andremaciongacuvee.com\\\/#website\",\"url\":\"https:\\\/\\\/andremaciongacuvee.com\\\/\",\"name\":\"Andr\u00e9 Macionga Cuv\u00e9e\",\"description\":\"Der Onlineshop von Andr\u00e9 Macionga Cuv\u00e9e\",\"publisher\":{\"@id\":\"https:\\\/\\\/andremaciongacuvee.com\\\/#organization\"},\"potentialAction\":[{\"@type\":\"SearchAction\",\"target\":{\"@type\":\"EntryPoint\",\"urlTemplate\":\"https:\\\/\\\/andremaciongacuvee.com\\\/?s={search_term_string}\"},\"query-input\":{\"@type\":\"PropertyValueSpecification\",\"valueRequired\":true,\"valueName\":\"search_term_string\"}}],\"inLanguage\":\"en-US\"},{\"@type\":\"Organization\",\"@id\":\"https:\\\/\\\/andremaciongacuvee.com\\\/#organization\",\"name\":\"Andr\u00e9 Macionga Cuv\u00e9e\",\"url\":\"https:\\\/\\\/andremaciongacuvee.com\\\/\",\"logo\":{\"@type\":\"ImageObject\",\"inLanguage\":\"en-US\",\"@id\":\"https:\\\/\\\/andremaciongacuvee.com\\\/#\\\/schema\\\/logo\\\/image\\\/\",\"url\":\"https:\\\/\\\/andremaciongacuvee.com\\\/wp-content\\\/uploads\\\/2018\\\/08\\\/amc_logo_black_shop.png\",\"contentUrl\":\"https:\\\/\\\/andremaciongacuvee.com\\\/wp-content\\\/uploads\\\/2018\\\/08\\\/amc_logo_black_shop.png\",\"width\":800,\"height\":150,\"caption\":\"Andr\u00e9 Macionga Cuv\u00e9e\"},\"image\":{\"@id\":\"https:\\\/\\\/andremaciongacuvee.com\\\/#\\\/schema\\\/logo\\\/image\\\/\"},\"sameAs\":[\"https:\\\/\\\/www.facebook.com\\\/andremaciongacuvee\\\/\",\"https:\\\/\\\/www.instagram.com\\\/andremaciongacuvee\\\/?hl=en\",\"https:\\\/\\\/www.linkedin.com\\\/in\\\/andre-macionga\\\/?originalSubdomain=de\"]}]}<\/script>\n<!-- \/ Yoast SEO plugin. -->","yoast_head_json":{"title":"L\u2019\u00c9toile de Berru - Extra Brut - Zero Dosage 2017 - Andr\u00e9 Macionga Cuv\u00e9e","robots":{"index":"index","follow":"follow","max-snippet":"max-snippet:-1","max-image-preview":"max-image-preview:large","max-video-preview":"max-video-preview:-1"},"canonical":"https:\/\/andremaciongacuvee.com\/en\/shop\/winery\/adam-mereaux-en\/letoile-de-berru-millesime-2017\/","og_locale":"en_US","og_type":"article","og_title":"L\u2019\u00c9toile de Berru - Extra Brut - Zero Dosage 2017 - Andr\u00e9 Macionga Cuv\u00e9e","og_description":"Limited edition, 500 bottles  The champagne creates a vibrant feeling on the palate and is an immediate bubbling inspiration. The play of freshness and vinosity forms an exciting alternation and blends with light brioche tones and green apple. The lightness, a dancing brizzle, completes the picture and gives \"L'\u00c9toile de Berru\" an irresistible drinking flow. This year was very challenging. Due to a warm and humid autumn, it was necessary to harvest very quickly and sort them very carefully. Adam-Mereaux succeeded with clean and ripe Chardonnay grapes of the highest quality. A particularly amazing atypical vintage! Andr\u00e9 Macionga is fascinated by a \"noble pearl that permeates us green. We lie in the dry hay and eat young pears, sniff unripe melons and enjoy the view of the freshness.\"","og_url":"https:\/\/andremaciongacuvee.com\/en\/shop\/winery\/adam-mereaux-en\/letoile-de-berru-millesime-2017\/","og_site_name":"Andr\u00e9 Macionga Cuv\u00e9e","article_publisher":"https:\/\/www.facebook.com\/andremaciongacuvee\/","article_modified_time":"2021-06-01T10:35:10+00:00","og_image":[{"width":2100,"height":2100,"url":"https:\/\/andremaciongacuvee.com\/wp-content\/uploads\/2021\/05\/amc_shop_adam_mereaux_2017-1.jpg","type":"image\/jpeg"}],"twitter_card":"summary_large_image","twitter_misc":{"Est. reading time":"1 minute"},"schema":{"@context":"https:\/\/schema.org","@graph":[{"@type":"WebPage","@id":"https:\/\/andremaciongacuvee.com\/en\/shop\/winery\/adam-mereaux-en\/letoile-de-berru-millesime-2017\/","url":"https:\/\/andremaciongacuvee.com\/en\/shop\/winery\/adam-mereaux-en\/letoile-de-berru-millesime-2017\/","name":"L\u2019\u00c9toile de Berru - Extra Brut - Zero Dosage 2017 - Andr\u00e9 Macionga Cuv\u00e9e","isPartOf":{"@id":"https:\/\/andremaciongacuvee.com\/#website"},"primaryImageOfPage":{"@id":"https:\/\/andremaciongacuvee.com\/en\/shop\/winery\/adam-mereaux-en\/letoile-de-berru-millesime-2017\/#primaryimage"},"image":{"@id":"https:\/\/andremaciongacuvee.com\/en\/shop\/winery\/adam-mereaux-en\/letoile-de-berru-millesime-2017\/#primaryimage"},"thumbnailUrl":"https:\/\/andremaciongacuvee.com\/wp-content\/uploads\/2021\/05\/amc_shop_adam_mereaux_2017-1.jpg","datePublished":"2021-05-26T10:42:41+00:00","dateModified":"2021-06-01T10:35:10+00:00","breadcrumb":{"@id":"https:\/\/andremaciongacuvee.com\/en\/shop\/winery\/adam-mereaux-en\/letoile-de-berru-millesime-2017\/#breadcrumb"},"inLanguage":"en-US","potentialAction":[{"@type":"ReadAction","target":["https:\/\/andremaciongacuvee.com\/en\/shop\/winery\/adam-mereaux-en\/letoile-de-berru-millesime-2017\/"]}]},{"@type":"ImageObject","inLanguage":"en-US","@id":"https:\/\/andremaciongacuvee.com\/en\/shop\/winery\/adam-mereaux-en\/letoile-de-berru-millesime-2017\/#primaryimage","url":"https:\/\/andremaciongacuvee.com\/wp-content\/uploads\/2021\/05\/amc_shop_adam_mereaux_2017-1.jpg","contentUrl":"https:\/\/andremaciongacuvee.com\/wp-content\/uploads\/2021\/05\/amc_shop_adam_mereaux_2017-1.jpg","width":2100,"height":2100},{"@type":"BreadcrumbList","@id":"https:\/\/andremaciongacuvee.com\/en\/shop\/winery\/adam-mereaux-en\/letoile-de-berru-millesime-2017\/#breadcrumb","itemListElement":[{"@type":"ListItem","position":1,"name":"Startseite","item":"https:\/\/andremaciongacuvee.com\/en\/weingueterweingueterwehome\/"},{"@type":"ListItem","position":2,"name":"Shop","item":"https:\/\/andremaciongacuvee.com\/en\/shop-2\/"},{"@type":"ListItem","position":3,"name":"L\u2019\u00c9toile de Berru &#8211; Extra Brut &#8211; Zero Dosage 2017"}]},{"@type":"WebSite","@id":"https:\/\/andremaciongacuvee.com\/#website","url":"https:\/\/andremaciongacuvee.com\/","name":"Andr\u00e9 Macionga Cuv\u00e9e","description":"Der Onlineshop von Andr\u00e9 Macionga Cuv\u00e9e","publisher":{"@id":"https:\/\/andremaciongacuvee.com\/#organization"},"potentialAction":[{"@type":"SearchAction","target":{"@type":"EntryPoint","urlTemplate":"https:\/\/andremaciongacuvee.com\/?s={search_term_string}"},"query-input":{"@type":"PropertyValueSpecification","valueRequired":true,"valueName":"search_term_string"}}],"inLanguage":"en-US"},{"@type":"Organization","@id":"https:\/\/andremaciongacuvee.com\/#organization","name":"Andr\u00e9 Macionga Cuv\u00e9e","url":"https:\/\/andremaciongacuvee.com\/","logo":{"@type":"ImageObject","inLanguage":"en-US","@id":"https:\/\/andremaciongacuvee.com\/#\/schema\/logo\/image\/","url":"https:\/\/andremaciongacuvee.com\/wp-content\/uploads\/2018\/08\/amc_logo_black_shop.png","contentUrl":"https:\/\/andremaciongacuvee.com\/wp-content\/uploads\/2018\/08\/amc_logo_black_shop.png","width":800,"height":150,"caption":"Andr\u00e9 Macionga Cuv\u00e9e"},"image":{"@id":"https:\/\/andremaciongacuvee.com\/#\/schema\/logo\/image\/"},"sameAs":["https:\/\/www.facebook.com\/andremaciongacuvee\/","https:\/\/www.instagram.com\/andremaciongacuvee\/?hl=en","https:\/\/www.linkedin.com\/in\/andre-macionga\/?originalSubdomain=de"]}]}},"jetpack_sharing_enabled":true,"_links":{"self":[{"href":"https:\/\/andremaciongacuvee.com\/en\/wp-json\/wp\/v2\/product\/1909","targetHints":{"allow":["GET"]}}],"collection":[{"href":"https:\/\/andremaciongacuvee.com\/en\/wp-json\/wp\/v2\/product"}],"about":[{"href":"https:\/\/andremaciongacuvee.com\/en\/wp-json\/wp\/v2\/types\/product"}],"wp:featuredmedia":[{"embeddable":true,"href":"https:\/\/andremaciongacuvee.com\/en\/wp-json\/wp\/v2\/media\/1915"}],"wp:attachment":[{"href":"https:\/\/andremaciongacuvee.com\/en\/wp-json\/wp\/v2\/media?parent=1909"}],"wp:term":[{"taxonomy":"product_brand","embeddable":true,"href":"https:\/\/andremaciongacuvee.com\/en\/wp-json\/wp\/v2\/product_brand?post=1909"},{"taxonomy":"product_cat","embeddable":true,"href":"https:\/\/andremaciongacuvee.com\/en\/wp-json\/wp\/v2\/product_cat?post=1909"},{"taxonomy":"product_tag","embeddable":true,"href":"https:\/\/andremaciongacuvee.com\/en\/wp-json\/wp\/v2\/product_tag?post=1909"}],"curies":[{"name":"wp","href":"https:\/\/api.w.org\/{rel}","templated":true}]}}