{"id":1967,"date":"2021-07-10T13:58:59","date_gmt":"2021-07-10T11:59:07","guid":{"rendered":"https:\/\/andremaciongacuvee.com\/?post_type=product&#038;p=1967"},"modified":"2021-07-10T14:27:23","modified_gmt":"2021-07-10T12:27:23","slug":"riesling-von-den-grossen-lagen-2019","status":"publish","type":"product","link":"https:\/\/andremaciongacuvee.com\/en\/shop\/bottle-size\/075-l\/riesling-von-den-grossen-lagen-2019\/","title":{"rendered":"Riesling von den Gro\u00dfen Lagen 2019"},"content":{"rendered":"<p><strong>Tasting notes<\/strong><\/p>\n<p>Just opened, we are surrounded by light fruit compote, the minerality of the gray slate soil and something yellow-fruity like mirabelle plum and apricot with a silky, shimmering texture. The terroir is very decisive here and gives the cabinet an incredible freshness, so that one could almost think that we have a dry Riesling in front of us. The wondrous interplay of acidity and mild freshness balances this fine dry wine and gives it a salty finish. It borders on absurdity: on the palate, the Riesling indicates that it has an extract. But in contrast to most of the Kabinetts, which is carried by the sweetness, this wine is carried by the terroir, by the minerality. It&#8217;s like a race between saltiness and extract, which generate a long-lasting swallowing experience on the acid racecourse. It stays and stays and stays.<\/p>\n<p>With a little air everything becomes even more concentrated, compact and closed, the wine has reached the next dimension. It still retains the minerality and spiciness of the terroir, but the tension from the acidity has become more intense and makes the drinking experience even more profound, you experience the acidity and the fruit through the minerality. This cuv\u00e9e is clearly the epitome of joy.<\/p>\n","protected":false},"excerpt":{"rendered":"<p><strong>Limited edition, 1200 bottles, numbert<\/strong><\/p>\n<p>The wondrous interplay of acidity and mild freshness balances this fine dry wine and gives it a salty finish. It borders on absurdity: on the palate, the Riesling indicates that it has an extract. But in contrast to most of the Kabinett, which is carried by the sweetness, this wine is carried by the terroir, by the minerality. It&#8217;s like a race between saltiness and extract, which generate a long-lasting swallowing experience on the acid racecourse. It stays and stays and stays.<\/p>\n","protected":false},"featured_media":1965,"template":"","meta":[],"product_brand":[],"product_cat":[96,97],"product_tag":[],"class_list":{"0":"post-1967","1":"product","2":"type-product","3":"status-publish","4":"has-post-thumbnail","6":"product_cat-075-l","7":"product_cat-cuvee-white","9":"first","10":"instock","11":"taxable","12":"shipping-taxable","13":"purchasable","14":"product-type-simple"},"yoast_head":"<!-- This site is optimized with the Yoast SEO plugin v27.4 - https:\/\/yoast.com\/product\/yoast-seo-wordpress\/ -->\n<title>Riesling von den Gro\u00dfen Lagen 2019 - Andr\u00e9 Macionga Cuv\u00e9e<\/title>\n<meta name=\"robots\" content=\"index, follow, max-snippet:-1, max-image-preview:large, max-video-preview:-1\" \/>\n<link rel=\"canonical\" href=\"https:\/\/andremaciongacuvee.com\/en\/shop\/bottle-size\/075-l\/riesling-von-den-grossen-lagen-2019\/\" \/>\n<meta property=\"og:locale\" content=\"en_US\" \/>\n<meta property=\"og:type\" content=\"article\" \/>\n<meta property=\"og:title\" content=\"Riesling von den Gro\u00dfen Lagen 2019 - Andr\u00e9 Macionga Cuv\u00e9e\" \/>\n<meta property=\"og:description\" content=\"Limited edition, 1200 bottles, numbert  The wondrous interplay of acidity and mild freshness balances this fine dry wine and gives it a salty finish. It borders on absurdity: on the palate, the Riesling indicates that it has an extract. But in contrast to most of the Kabinett, which is carried by the sweetness, this wine is carried by the terroir, by the minerality. It&#039;s like a race between saltiness and extract, which generate a long-lasting swallowing experience on the acid racecourse. It stays and stays and stays.\" \/>\n<meta property=\"og:url\" content=\"https:\/\/andremaciongacuvee.com\/en\/shop\/bottle-size\/075-l\/riesling-von-den-grossen-lagen-2019\/\" \/>\n<meta property=\"og:site_name\" content=\"Andr\u00e9 Macionga Cuv\u00e9e\" \/>\n<meta property=\"article:publisher\" content=\"https:\/\/www.facebook.com\/andremaciongacuvee\/\" \/>\n<meta property=\"article:modified_time\" content=\"2021-07-10T12:27:23+00:00\" \/>\n<meta property=\"og:image\" content=\"https:\/\/andremaciongacuvee.com\/wp-content\/uploads\/2021\/07\/amc_shop_clu\u0308sserath_eifel_riesling.jpg\" \/>\n\t<meta property=\"og:image:width\" content=\"2100\" \/>\n\t<meta property=\"og:image:height\" content=\"2100\" \/>\n\t<meta property=\"og:image:type\" content=\"image\/jpeg\" \/>\n<meta name=\"twitter:card\" content=\"summary_large_image\" \/>\n<meta name=\"twitter:label1\" content=\"Est. reading time\" \/>\n\t<meta name=\"twitter:data1\" content=\"1 minute\" \/>\n<script type=\"application\/ld+json\" class=\"yoast-schema-graph\">{\"@context\":\"https:\\\/\\\/schema.org\",\"@graph\":[{\"@type\":\"WebPage\",\"@id\":\"https:\\\/\\\/andremaciongacuvee.com\\\/en\\\/shop\\\/bottle-size\\\/075-l\\\/riesling-von-den-grossen-lagen-2019\\\/\",\"url\":\"https:\\\/\\\/andremaciongacuvee.com\\\/en\\\/shop\\\/bottle-size\\\/075-l\\\/riesling-von-den-grossen-lagen-2019\\\/\",\"name\":\"Riesling von den Gro\u00dfen Lagen 2019 - Andr\u00e9 Macionga Cuv\u00e9e\",\"isPartOf\":{\"@id\":\"https:\\\/\\\/andremaciongacuvee.com\\\/#website\"},\"primaryImageOfPage\":{\"@id\":\"https:\\\/\\\/andremaciongacuvee.com\\\/en\\\/shop\\\/bottle-size\\\/075-l\\\/riesling-von-den-grossen-lagen-2019\\\/#primaryimage\"},\"image\":{\"@id\":\"https:\\\/\\\/andremaciongacuvee.com\\\/en\\\/shop\\\/bottle-size\\\/075-l\\\/riesling-von-den-grossen-lagen-2019\\\/#primaryimage\"},\"thumbnailUrl\":\"https:\\\/\\\/andremaciongacuvee.com\\\/wp-content\\\/uploads\\\/2021\\\/07\\\/amc_shop_clu\u0308sserath_eifel_riesling.jpg\",\"datePublished\":\"2021-07-10T11:59:07+00:00\",\"dateModified\":\"2021-07-10T12:27:23+00:00\",\"breadcrumb\":{\"@id\":\"https:\\\/\\\/andremaciongacuvee.com\\\/en\\\/shop\\\/bottle-size\\\/075-l\\\/riesling-von-den-grossen-lagen-2019\\\/#breadcrumb\"},\"inLanguage\":\"en-US\",\"potentialAction\":[{\"@type\":\"ReadAction\",\"target\":[\"https:\\\/\\\/andremaciongacuvee.com\\\/en\\\/shop\\\/bottle-size\\\/075-l\\\/riesling-von-den-grossen-lagen-2019\\\/\"]}]},{\"@type\":\"ImageObject\",\"inLanguage\":\"en-US\",\"@id\":\"https:\\\/\\\/andremaciongacuvee.com\\\/en\\\/shop\\\/bottle-size\\\/075-l\\\/riesling-von-den-grossen-lagen-2019\\\/#primaryimage\",\"url\":\"https:\\\/\\\/andremaciongacuvee.com\\\/wp-content\\\/uploads\\\/2021\\\/07\\\/amc_shop_clu\u0308sserath_eifel_riesling.jpg\",\"contentUrl\":\"https:\\\/\\\/andremaciongacuvee.com\\\/wp-content\\\/uploads\\\/2021\\\/07\\\/amc_shop_clu\u0308sserath_eifel_riesling.jpg\",\"width\":2100,\"height\":2100},{\"@type\":\"BreadcrumbList\",\"@id\":\"https:\\\/\\\/andremaciongacuvee.com\\\/en\\\/shop\\\/bottle-size\\\/075-l\\\/riesling-von-den-grossen-lagen-2019\\\/#breadcrumb\",\"itemListElement\":[{\"@type\":\"ListItem\",\"position\":1,\"name\":\"Startseite\",\"item\":\"https:\\\/\\\/andremaciongacuvee.com\\\/en\\\/weingueterweingueterwehome\\\/\"},{\"@type\":\"ListItem\",\"position\":2,\"name\":\"Shop\",\"item\":\"https:\\\/\\\/andremaciongacuvee.com\\\/en\\\/shop-2\\\/\"},{\"@type\":\"ListItem\",\"position\":3,\"name\":\"Riesling von den Gro\u00dfen Lagen 2019\"}]},{\"@type\":\"WebSite\",\"@id\":\"https:\\\/\\\/andremaciongacuvee.com\\\/#website\",\"url\":\"https:\\\/\\\/andremaciongacuvee.com\\\/\",\"name\":\"Andr\u00e9 Macionga Cuv\u00e9e\",\"description\":\"Der Onlineshop von Andr\u00e9 Macionga Cuv\u00e9e\",\"publisher\":{\"@id\":\"https:\\\/\\\/andremaciongacuvee.com\\\/#organization\"},\"potentialAction\":[{\"@type\":\"SearchAction\",\"target\":{\"@type\":\"EntryPoint\",\"urlTemplate\":\"https:\\\/\\\/andremaciongacuvee.com\\\/?s={search_term_string}\"},\"query-input\":{\"@type\":\"PropertyValueSpecification\",\"valueRequired\":true,\"valueName\":\"search_term_string\"}}],\"inLanguage\":\"en-US\"},{\"@type\":\"Organization\",\"@id\":\"https:\\\/\\\/andremaciongacuvee.com\\\/#organization\",\"name\":\"Andr\u00e9 Macionga Cuv\u00e9e\",\"url\":\"https:\\\/\\\/andremaciongacuvee.com\\\/\",\"logo\":{\"@type\":\"ImageObject\",\"inLanguage\":\"en-US\",\"@id\":\"https:\\\/\\\/andremaciongacuvee.com\\\/#\\\/schema\\\/logo\\\/image\\\/\",\"url\":\"https:\\\/\\\/andremaciongacuvee.com\\\/wp-content\\\/uploads\\\/2018\\\/08\\\/amc_logo_black_shop.png\",\"contentUrl\":\"https:\\\/\\\/andremaciongacuvee.com\\\/wp-content\\\/uploads\\\/2018\\\/08\\\/amc_logo_black_shop.png\",\"width\":800,\"height\":150,\"caption\":\"Andr\u00e9 Macionga Cuv\u00e9e\"},\"image\":{\"@id\":\"https:\\\/\\\/andremaciongacuvee.com\\\/#\\\/schema\\\/logo\\\/image\\\/\"},\"sameAs\":[\"https:\\\/\\\/www.facebook.com\\\/andremaciongacuvee\\\/\",\"https:\\\/\\\/www.instagram.com\\\/andremaciongacuvee\\\/?hl=en\",\"https:\\\/\\\/www.linkedin.com\\\/in\\\/andre-macionga\\\/?originalSubdomain=de\"]}]}<\/script>\n<!-- \/ Yoast SEO plugin. -->","yoast_head_json":{"title":"Riesling von den Gro\u00dfen Lagen 2019 - Andr\u00e9 Macionga Cuv\u00e9e","robots":{"index":"index","follow":"follow","max-snippet":"max-snippet:-1","max-image-preview":"max-image-preview:large","max-video-preview":"max-video-preview:-1"},"canonical":"https:\/\/andremaciongacuvee.com\/en\/shop\/bottle-size\/075-l\/riesling-von-den-grossen-lagen-2019\/","og_locale":"en_US","og_type":"article","og_title":"Riesling von den Gro\u00dfen Lagen 2019 - Andr\u00e9 Macionga Cuv\u00e9e","og_description":"Limited edition, 1200 bottles, numbert  The wondrous interplay of acidity and mild freshness balances this fine dry wine and gives it a salty finish. It borders on absurdity: on the palate, the Riesling indicates that it has an extract. But in contrast to most of the Kabinett, which is carried by the sweetness, this wine is carried by the terroir, by the minerality. It's like a race between saltiness and extract, which generate a long-lasting swallowing experience on the acid racecourse. It stays and stays and stays.","og_url":"https:\/\/andremaciongacuvee.com\/en\/shop\/bottle-size\/075-l\/riesling-von-den-grossen-lagen-2019\/","og_site_name":"Andr\u00e9 Macionga Cuv\u00e9e","article_publisher":"https:\/\/www.facebook.com\/andremaciongacuvee\/","article_modified_time":"2021-07-10T12:27:23+00:00","og_image":[{"width":2100,"height":2100,"url":"https:\/\/andremaciongacuvee.com\/wp-content\/uploads\/2021\/07\/amc_shop_clu\u0308sserath_eifel_riesling.jpg","type":"image\/jpeg"}],"twitter_card":"summary_large_image","twitter_misc":{"Est. reading time":"1 minute"},"schema":{"@context":"https:\/\/schema.org","@graph":[{"@type":"WebPage","@id":"https:\/\/andremaciongacuvee.com\/en\/shop\/bottle-size\/075-l\/riesling-von-den-grossen-lagen-2019\/","url":"https:\/\/andremaciongacuvee.com\/en\/shop\/bottle-size\/075-l\/riesling-von-den-grossen-lagen-2019\/","name":"Riesling von den Gro\u00dfen Lagen 2019 - Andr\u00e9 Macionga Cuv\u00e9e","isPartOf":{"@id":"https:\/\/andremaciongacuvee.com\/#website"},"primaryImageOfPage":{"@id":"https:\/\/andremaciongacuvee.com\/en\/shop\/bottle-size\/075-l\/riesling-von-den-grossen-lagen-2019\/#primaryimage"},"image":{"@id":"https:\/\/andremaciongacuvee.com\/en\/shop\/bottle-size\/075-l\/riesling-von-den-grossen-lagen-2019\/#primaryimage"},"thumbnailUrl":"https:\/\/andremaciongacuvee.com\/wp-content\/uploads\/2021\/07\/amc_shop_clu\u0308sserath_eifel_riesling.jpg","datePublished":"2021-07-10T11:59:07+00:00","dateModified":"2021-07-10T12:27:23+00:00","breadcrumb":{"@id":"https:\/\/andremaciongacuvee.com\/en\/shop\/bottle-size\/075-l\/riesling-von-den-grossen-lagen-2019\/#breadcrumb"},"inLanguage":"en-US","potentialAction":[{"@type":"ReadAction","target":["https:\/\/andremaciongacuvee.com\/en\/shop\/bottle-size\/075-l\/riesling-von-den-grossen-lagen-2019\/"]}]},{"@type":"ImageObject","inLanguage":"en-US","@id":"https:\/\/andremaciongacuvee.com\/en\/shop\/bottle-size\/075-l\/riesling-von-den-grossen-lagen-2019\/#primaryimage","url":"https:\/\/andremaciongacuvee.com\/wp-content\/uploads\/2021\/07\/amc_shop_clu\u0308sserath_eifel_riesling.jpg","contentUrl":"https:\/\/andremaciongacuvee.com\/wp-content\/uploads\/2021\/07\/amc_shop_clu\u0308sserath_eifel_riesling.jpg","width":2100,"height":2100},{"@type":"BreadcrumbList","@id":"https:\/\/andremaciongacuvee.com\/en\/shop\/bottle-size\/075-l\/riesling-von-den-grossen-lagen-2019\/#breadcrumb","itemListElement":[{"@type":"ListItem","position":1,"name":"Startseite","item":"https:\/\/andremaciongacuvee.com\/en\/weingueterweingueterwehome\/"},{"@type":"ListItem","position":2,"name":"Shop","item":"https:\/\/andremaciongacuvee.com\/en\/shop-2\/"},{"@type":"ListItem","position":3,"name":"Riesling von den Gro\u00dfen Lagen 2019"}]},{"@type":"WebSite","@id":"https:\/\/andremaciongacuvee.com\/#website","url":"https:\/\/andremaciongacuvee.com\/","name":"Andr\u00e9 Macionga Cuv\u00e9e","description":"Der Onlineshop von Andr\u00e9 Macionga Cuv\u00e9e","publisher":{"@id":"https:\/\/andremaciongacuvee.com\/#organization"},"potentialAction":[{"@type":"SearchAction","target":{"@type":"EntryPoint","urlTemplate":"https:\/\/andremaciongacuvee.com\/?s={search_term_string}"},"query-input":{"@type":"PropertyValueSpecification","valueRequired":true,"valueName":"search_term_string"}}],"inLanguage":"en-US"},{"@type":"Organization","@id":"https:\/\/andremaciongacuvee.com\/#organization","name":"Andr\u00e9 Macionga Cuv\u00e9e","url":"https:\/\/andremaciongacuvee.com\/","logo":{"@type":"ImageObject","inLanguage":"en-US","@id":"https:\/\/andremaciongacuvee.com\/#\/schema\/logo\/image\/","url":"https:\/\/andremaciongacuvee.com\/wp-content\/uploads\/2018\/08\/amc_logo_black_shop.png","contentUrl":"https:\/\/andremaciongacuvee.com\/wp-content\/uploads\/2018\/08\/amc_logo_black_shop.png","width":800,"height":150,"caption":"Andr\u00e9 Macionga Cuv\u00e9e"},"image":{"@id":"https:\/\/andremaciongacuvee.com\/#\/schema\/logo\/image\/"},"sameAs":["https:\/\/www.facebook.com\/andremaciongacuvee\/","https:\/\/www.instagram.com\/andremaciongacuvee\/?hl=en","https:\/\/www.linkedin.com\/in\/andre-macionga\/?originalSubdomain=de"]}]}},"jetpack_sharing_enabled":true,"_links":{"self":[{"href":"https:\/\/andremaciongacuvee.com\/en\/wp-json\/wp\/v2\/product\/1967","targetHints":{"allow":["GET"]}}],"collection":[{"href":"https:\/\/andremaciongacuvee.com\/en\/wp-json\/wp\/v2\/product"}],"about":[{"href":"https:\/\/andremaciongacuvee.com\/en\/wp-json\/wp\/v2\/types\/product"}],"wp:featuredmedia":[{"embeddable":true,"href":"https:\/\/andremaciongacuvee.com\/en\/wp-json\/wp\/v2\/media\/1965"}],"wp:attachment":[{"href":"https:\/\/andremaciongacuvee.com\/en\/wp-json\/wp\/v2\/media?parent=1967"}],"wp:term":[{"taxonomy":"product_brand","embeddable":true,"href":"https:\/\/andremaciongacuvee.com\/en\/wp-json\/wp\/v2\/product_brand?post=1967"},{"taxonomy":"product_cat","embeddable":true,"href":"https:\/\/andremaciongacuvee.com\/en\/wp-json\/wp\/v2\/product_cat?post=1967"},{"taxonomy":"product_tag","embeddable":true,"href":"https:\/\/andremaciongacuvee.com\/en\/wp-json\/wp\/v2\/product_tag?post=1967"}],"curies":[{"name":"wp","href":"https:\/\/api.w.org\/{rel}","templated":true}]}}