{"id":1969,"date":"2021-07-10T14:28:37","date_gmt":"2021-07-10T12:28:44","guid":{"rendered":"https:\/\/andremaciongacuvee.com\/?post_type=product&#038;p=1969"},"modified":"2021-07-10T14:42:02","modified_gmt":"2021-07-10T12:42:02","slug":"riesling-von-den-rheingauer-brunnenlagen-2019","status":"publish","type":"product","link":"https:\/\/andremaciongacuvee.com\/en\/shop\/bottle-size\/075-l\/riesling-von-den-rheingauer-brunnenlagen-2019\/","title":{"rendered":"Riesling von den Rheingauer Brunnenlagen 2019"},"content":{"rendered":"<p><strong>Tasting notes<\/strong><\/p>\n<p>Fruit and terroir meet at eye level in the first nose. A slight hint of the exotic accompanies the typical fine Rheingau cut. On the palate, the Riesling presents itself dry, fresh, crystal clear with dominating grapefruit aromas. Subtle additional citrus notes provide a nice balance of freshness. This wine has a completely unique style. Aromas of grapefruit, orange zest, tangerine and lime zest fill the air. On the contrary, we experience saltiness and green olives. On the palate we taste a wild mishmash of herbs, floral, kaffir lime and grass.<\/p>\n<p>The exotic has increased with air. Bonjour Martinique in the Rheingau! Intense fruit aromas of pineapple, mango and passion fruit are presented as clearly as if the wine were doing its glacier-like fruit-acid pirouettes on a mirror-smooth ice rink. This precise freshness is a blue, pointed ice spear of the Night King. Focused, present and determined.<\/p>\n","protected":false},"excerpt":{"rendered":"<p><strong>Limited edition, 1200 bottles, numbert<\/strong><\/p>\n<p>Fruit and terroir meet at eye level in the first nose. A slight hint of the exotic accompanies the typical fine Rheingau cut. On the palate, the Riesling presents itself dry, fresh, crystal clear &#8211; almost crystal clear with dominating grapefruit aromas. Subtle additional citrus notes provide a nice balance of freshness. This wine has a completely unique style. Aromas of grapefruit, orange zest, tangerine and lime zest fill the air. On the contrary, we experience saltiness and green olives.<\/p>\n","protected":false},"featured_media":1963,"template":"","meta":[],"product_brand":[],"product_cat":[96,97],"product_tag":[],"class_list":{"0":"post-1969","1":"product","2":"type-product","3":"status-publish","4":"has-post-thumbnail","6":"product_cat-075-l","7":"product_cat-cuvee-white","9":"first","10":"instock","11":"taxable","12":"shipping-taxable","13":"purchasable","14":"product-type-simple"},"yoast_head":"<!-- This site is optimized with the Yoast SEO plugin v27.4 - https:\/\/yoast.com\/product\/yoast-seo-wordpress\/ -->\n<title>Riesling von den Rheingauer Brunnenlagen 2019 - Andr\u00e9 Macionga Cuv\u00e9e<\/title>\n<meta name=\"robots\" content=\"index, follow, max-snippet:-1, max-image-preview:large, max-video-preview:-1\" \/>\n<link rel=\"canonical\" href=\"https:\/\/andremaciongacuvee.com\/en\/shop\/bottle-size\/075-l\/riesling-von-den-rheingauer-brunnenlagen-2019\/\" \/>\n<meta property=\"og:locale\" content=\"en_US\" \/>\n<meta property=\"og:type\" content=\"article\" \/>\n<meta property=\"og:title\" content=\"Riesling von den Rheingauer Brunnenlagen 2019 - Andr\u00e9 Macionga Cuv\u00e9e\" \/>\n<meta property=\"og:description\" content=\"Limited edition, 1200 bottles, numbert  Fruit and terroir meet at eye level in the first nose. A slight hint of the exotic accompanies the typical fine Rheingau cut. On the palate, the Riesling presents itself dry, fresh, crystal clear - almost crystal clear with dominating grapefruit aromas. Subtle additional citrus notes provide a nice balance of freshness. This wine has a completely unique style. Aromas of grapefruit, orange zest, tangerine and lime zest fill the air. On the contrary, we experience saltiness and green olives.\" \/>\n<meta property=\"og:url\" content=\"https:\/\/andremaciongacuvee.com\/en\/shop\/bottle-size\/075-l\/riesling-von-den-rheingauer-brunnenlagen-2019\/\" \/>\n<meta property=\"og:site_name\" content=\"Andr\u00e9 Macionga Cuv\u00e9e\" \/>\n<meta property=\"article:publisher\" content=\"https:\/\/www.facebook.com\/andremaciongacuvee\/\" \/>\n<meta property=\"article:modified_time\" content=\"2021-07-10T12:42:02+00:00\" \/>\n<meta property=\"og:image\" content=\"https:\/\/andremaciongacuvee.com\/wp-content\/uploads\/2021\/07\/amc_shop_schloss_reinhartshausen_riesling.jpg\" \/>\n\t<meta property=\"og:image:width\" content=\"2100\" \/>\n\t<meta property=\"og:image:height\" content=\"2100\" \/>\n\t<meta property=\"og:image:type\" content=\"image\/jpeg\" \/>\n<meta name=\"twitter:card\" content=\"summary_large_image\" \/>\n<meta name=\"twitter:label1\" content=\"Est. reading time\" \/>\n\t<meta name=\"twitter:data1\" content=\"1 minute\" \/>\n<script type=\"application\/ld+json\" class=\"yoast-schema-graph\">{\"@context\":\"https:\\\/\\\/schema.org\",\"@graph\":[{\"@type\":\"WebPage\",\"@id\":\"https:\\\/\\\/andremaciongacuvee.com\\\/en\\\/shop\\\/bottle-size\\\/075-l\\\/riesling-von-den-rheingauer-brunnenlagen-2019\\\/\",\"url\":\"https:\\\/\\\/andremaciongacuvee.com\\\/en\\\/shop\\\/bottle-size\\\/075-l\\\/riesling-von-den-rheingauer-brunnenlagen-2019\\\/\",\"name\":\"Riesling von den Rheingauer Brunnenlagen 2019 - Andr\u00e9 Macionga Cuv\u00e9e\",\"isPartOf\":{\"@id\":\"https:\\\/\\\/andremaciongacuvee.com\\\/#website\"},\"primaryImageOfPage\":{\"@id\":\"https:\\\/\\\/andremaciongacuvee.com\\\/en\\\/shop\\\/bottle-size\\\/075-l\\\/riesling-von-den-rheingauer-brunnenlagen-2019\\\/#primaryimage\"},\"image\":{\"@id\":\"https:\\\/\\\/andremaciongacuvee.com\\\/en\\\/shop\\\/bottle-size\\\/075-l\\\/riesling-von-den-rheingauer-brunnenlagen-2019\\\/#primaryimage\"},\"thumbnailUrl\":\"https:\\\/\\\/andremaciongacuvee.com\\\/wp-content\\\/uploads\\\/2021\\\/07\\\/amc_shop_schloss_reinhartshausen_riesling.jpg\",\"datePublished\":\"2021-07-10T12:28:44+00:00\",\"dateModified\":\"2021-07-10T12:42:02+00:00\",\"breadcrumb\":{\"@id\":\"https:\\\/\\\/andremaciongacuvee.com\\\/en\\\/shop\\\/bottle-size\\\/075-l\\\/riesling-von-den-rheingauer-brunnenlagen-2019\\\/#breadcrumb\"},\"inLanguage\":\"en-US\",\"potentialAction\":[{\"@type\":\"ReadAction\",\"target\":[\"https:\\\/\\\/andremaciongacuvee.com\\\/en\\\/shop\\\/bottle-size\\\/075-l\\\/riesling-von-den-rheingauer-brunnenlagen-2019\\\/\"]}]},{\"@type\":\"ImageObject\",\"inLanguage\":\"en-US\",\"@id\":\"https:\\\/\\\/andremaciongacuvee.com\\\/en\\\/shop\\\/bottle-size\\\/075-l\\\/riesling-von-den-rheingauer-brunnenlagen-2019\\\/#primaryimage\",\"url\":\"https:\\\/\\\/andremaciongacuvee.com\\\/wp-content\\\/uploads\\\/2021\\\/07\\\/amc_shop_schloss_reinhartshausen_riesling.jpg\",\"contentUrl\":\"https:\\\/\\\/andremaciongacuvee.com\\\/wp-content\\\/uploads\\\/2021\\\/07\\\/amc_shop_schloss_reinhartshausen_riesling.jpg\",\"width\":2100,\"height\":2100},{\"@type\":\"BreadcrumbList\",\"@id\":\"https:\\\/\\\/andremaciongacuvee.com\\\/en\\\/shop\\\/bottle-size\\\/075-l\\\/riesling-von-den-rheingauer-brunnenlagen-2019\\\/#breadcrumb\",\"itemListElement\":[{\"@type\":\"ListItem\",\"position\":1,\"name\":\"Startseite\",\"item\":\"https:\\\/\\\/andremaciongacuvee.com\\\/en\\\/weingueterweingueterwehome\\\/\"},{\"@type\":\"ListItem\",\"position\":2,\"name\":\"Shop\",\"item\":\"https:\\\/\\\/andremaciongacuvee.com\\\/en\\\/shop-2\\\/\"},{\"@type\":\"ListItem\",\"position\":3,\"name\":\"Riesling von den Rheingauer Brunnenlagen 2019\"}]},{\"@type\":\"WebSite\",\"@id\":\"https:\\\/\\\/andremaciongacuvee.com\\\/#website\",\"url\":\"https:\\\/\\\/andremaciongacuvee.com\\\/\",\"name\":\"Andr\u00e9 Macionga Cuv\u00e9e\",\"description\":\"Der Onlineshop von Andr\u00e9 Macionga Cuv\u00e9e\",\"publisher\":{\"@id\":\"https:\\\/\\\/andremaciongacuvee.com\\\/#organization\"},\"potentialAction\":[{\"@type\":\"SearchAction\",\"target\":{\"@type\":\"EntryPoint\",\"urlTemplate\":\"https:\\\/\\\/andremaciongacuvee.com\\\/?s={search_term_string}\"},\"query-input\":{\"@type\":\"PropertyValueSpecification\",\"valueRequired\":true,\"valueName\":\"search_term_string\"}}],\"inLanguage\":\"en-US\"},{\"@type\":\"Organization\",\"@id\":\"https:\\\/\\\/andremaciongacuvee.com\\\/#organization\",\"name\":\"Andr\u00e9 Macionga Cuv\u00e9e\",\"url\":\"https:\\\/\\\/andremaciongacuvee.com\\\/\",\"logo\":{\"@type\":\"ImageObject\",\"inLanguage\":\"en-US\",\"@id\":\"https:\\\/\\\/andremaciongacuvee.com\\\/#\\\/schema\\\/logo\\\/image\\\/\",\"url\":\"https:\\\/\\\/andremaciongacuvee.com\\\/wp-content\\\/uploads\\\/2018\\\/08\\\/amc_logo_black_shop.png\",\"contentUrl\":\"https:\\\/\\\/andremaciongacuvee.com\\\/wp-content\\\/uploads\\\/2018\\\/08\\\/amc_logo_black_shop.png\",\"width\":800,\"height\":150,\"caption\":\"Andr\u00e9 Macionga Cuv\u00e9e\"},\"image\":{\"@id\":\"https:\\\/\\\/andremaciongacuvee.com\\\/#\\\/schema\\\/logo\\\/image\\\/\"},\"sameAs\":[\"https:\\\/\\\/www.facebook.com\\\/andremaciongacuvee\\\/\",\"https:\\\/\\\/www.instagram.com\\\/andremaciongacuvee\\\/?hl=en\",\"https:\\\/\\\/www.linkedin.com\\\/in\\\/andre-macionga\\\/?originalSubdomain=de\"]}]}<\/script>\n<!-- \/ Yoast SEO plugin. -->","yoast_head_json":{"title":"Riesling von den Rheingauer Brunnenlagen 2019 - Andr\u00e9 Macionga Cuv\u00e9e","robots":{"index":"index","follow":"follow","max-snippet":"max-snippet:-1","max-image-preview":"max-image-preview:large","max-video-preview":"max-video-preview:-1"},"canonical":"https:\/\/andremaciongacuvee.com\/en\/shop\/bottle-size\/075-l\/riesling-von-den-rheingauer-brunnenlagen-2019\/","og_locale":"en_US","og_type":"article","og_title":"Riesling von den Rheingauer Brunnenlagen 2019 - Andr\u00e9 Macionga Cuv\u00e9e","og_description":"Limited edition, 1200 bottles, numbert  Fruit and terroir meet at eye level in the first nose. A slight hint of the exotic accompanies the typical fine Rheingau cut. On the palate, the Riesling presents itself dry, fresh, crystal clear - almost crystal clear with dominating grapefruit aromas. Subtle additional citrus notes provide a nice balance of freshness. This wine has a completely unique style. Aromas of grapefruit, orange zest, tangerine and lime zest fill the air. On the contrary, we experience saltiness and green olives.","og_url":"https:\/\/andremaciongacuvee.com\/en\/shop\/bottle-size\/075-l\/riesling-von-den-rheingauer-brunnenlagen-2019\/","og_site_name":"Andr\u00e9 Macionga Cuv\u00e9e","article_publisher":"https:\/\/www.facebook.com\/andremaciongacuvee\/","article_modified_time":"2021-07-10T12:42:02+00:00","og_image":[{"width":2100,"height":2100,"url":"https:\/\/andremaciongacuvee.com\/wp-content\/uploads\/2021\/07\/amc_shop_schloss_reinhartshausen_riesling.jpg","type":"image\/jpeg"}],"twitter_card":"summary_large_image","twitter_misc":{"Est. reading time":"1 minute"},"schema":{"@context":"https:\/\/schema.org","@graph":[{"@type":"WebPage","@id":"https:\/\/andremaciongacuvee.com\/en\/shop\/bottle-size\/075-l\/riesling-von-den-rheingauer-brunnenlagen-2019\/","url":"https:\/\/andremaciongacuvee.com\/en\/shop\/bottle-size\/075-l\/riesling-von-den-rheingauer-brunnenlagen-2019\/","name":"Riesling von den Rheingauer Brunnenlagen 2019 - Andr\u00e9 Macionga Cuv\u00e9e","isPartOf":{"@id":"https:\/\/andremaciongacuvee.com\/#website"},"primaryImageOfPage":{"@id":"https:\/\/andremaciongacuvee.com\/en\/shop\/bottle-size\/075-l\/riesling-von-den-rheingauer-brunnenlagen-2019\/#primaryimage"},"image":{"@id":"https:\/\/andremaciongacuvee.com\/en\/shop\/bottle-size\/075-l\/riesling-von-den-rheingauer-brunnenlagen-2019\/#primaryimage"},"thumbnailUrl":"https:\/\/andremaciongacuvee.com\/wp-content\/uploads\/2021\/07\/amc_shop_schloss_reinhartshausen_riesling.jpg","datePublished":"2021-07-10T12:28:44+00:00","dateModified":"2021-07-10T12:42:02+00:00","breadcrumb":{"@id":"https:\/\/andremaciongacuvee.com\/en\/shop\/bottle-size\/075-l\/riesling-von-den-rheingauer-brunnenlagen-2019\/#breadcrumb"},"inLanguage":"en-US","potentialAction":[{"@type":"ReadAction","target":["https:\/\/andremaciongacuvee.com\/en\/shop\/bottle-size\/075-l\/riesling-von-den-rheingauer-brunnenlagen-2019\/"]}]},{"@type":"ImageObject","inLanguage":"en-US","@id":"https:\/\/andremaciongacuvee.com\/en\/shop\/bottle-size\/075-l\/riesling-von-den-rheingauer-brunnenlagen-2019\/#primaryimage","url":"https:\/\/andremaciongacuvee.com\/wp-content\/uploads\/2021\/07\/amc_shop_schloss_reinhartshausen_riesling.jpg","contentUrl":"https:\/\/andremaciongacuvee.com\/wp-content\/uploads\/2021\/07\/amc_shop_schloss_reinhartshausen_riesling.jpg","width":2100,"height":2100},{"@type":"BreadcrumbList","@id":"https:\/\/andremaciongacuvee.com\/en\/shop\/bottle-size\/075-l\/riesling-von-den-rheingauer-brunnenlagen-2019\/#breadcrumb","itemListElement":[{"@type":"ListItem","position":1,"name":"Startseite","item":"https:\/\/andremaciongacuvee.com\/en\/weingueterweingueterwehome\/"},{"@type":"ListItem","position":2,"name":"Shop","item":"https:\/\/andremaciongacuvee.com\/en\/shop-2\/"},{"@type":"ListItem","position":3,"name":"Riesling von den Rheingauer Brunnenlagen 2019"}]},{"@type":"WebSite","@id":"https:\/\/andremaciongacuvee.com\/#website","url":"https:\/\/andremaciongacuvee.com\/","name":"Andr\u00e9 Macionga Cuv\u00e9e","description":"Der Onlineshop von Andr\u00e9 Macionga Cuv\u00e9e","publisher":{"@id":"https:\/\/andremaciongacuvee.com\/#organization"},"potentialAction":[{"@type":"SearchAction","target":{"@type":"EntryPoint","urlTemplate":"https:\/\/andremaciongacuvee.com\/?s={search_term_string}"},"query-input":{"@type":"PropertyValueSpecification","valueRequired":true,"valueName":"search_term_string"}}],"inLanguage":"en-US"},{"@type":"Organization","@id":"https:\/\/andremaciongacuvee.com\/#organization","name":"Andr\u00e9 Macionga Cuv\u00e9e","url":"https:\/\/andremaciongacuvee.com\/","logo":{"@type":"ImageObject","inLanguage":"en-US","@id":"https:\/\/andremaciongacuvee.com\/#\/schema\/logo\/image\/","url":"https:\/\/andremaciongacuvee.com\/wp-content\/uploads\/2018\/08\/amc_logo_black_shop.png","contentUrl":"https:\/\/andremaciongacuvee.com\/wp-content\/uploads\/2018\/08\/amc_logo_black_shop.png","width":800,"height":150,"caption":"Andr\u00e9 Macionga Cuv\u00e9e"},"image":{"@id":"https:\/\/andremaciongacuvee.com\/#\/schema\/logo\/image\/"},"sameAs":["https:\/\/www.facebook.com\/andremaciongacuvee\/","https:\/\/www.instagram.com\/andremaciongacuvee\/?hl=en","https:\/\/www.linkedin.com\/in\/andre-macionga\/?originalSubdomain=de"]}]}},"jetpack_sharing_enabled":true,"_links":{"self":[{"href":"https:\/\/andremaciongacuvee.com\/en\/wp-json\/wp\/v2\/product\/1969","targetHints":{"allow":["GET"]}}],"collection":[{"href":"https:\/\/andremaciongacuvee.com\/en\/wp-json\/wp\/v2\/product"}],"about":[{"href":"https:\/\/andremaciongacuvee.com\/en\/wp-json\/wp\/v2\/types\/product"}],"wp:featuredmedia":[{"embeddable":true,"href":"https:\/\/andremaciongacuvee.com\/en\/wp-json\/wp\/v2\/media\/1963"}],"wp:attachment":[{"href":"https:\/\/andremaciongacuvee.com\/en\/wp-json\/wp\/v2\/media?parent=1969"}],"wp:term":[{"taxonomy":"product_brand","embeddable":true,"href":"https:\/\/andremaciongacuvee.com\/en\/wp-json\/wp\/v2\/product_brand?post=1969"},{"taxonomy":"product_cat","embeddable":true,"href":"https:\/\/andremaciongacuvee.com\/en\/wp-json\/wp\/v2\/product_cat?post=1969"},{"taxonomy":"product_tag","embeddable":true,"href":"https:\/\/andremaciongacuvee.com\/en\/wp-json\/wp\/v2\/product_tag?post=1969"}],"curies":[{"name":"wp","href":"https:\/\/api.w.org\/{rel}","templated":true}]}}