{"id":2403,"date":"2022-10-18T17:41:02","date_gmt":"2022-10-18T15:41:09","guid":{"rendered":"https:\/\/andremaciongacuvee.com\/?post_type=product&#038;p=2403"},"modified":"2022-10-19T20:19:51","modified_gmt":"2022-10-19T18:19:51","slug":"hilda-2017-2","status":"publish","type":"product","link":"https:\/\/andremaciongacuvee.com\/en\/shop\/winery\/klostermuehle-odernheim-en\/hilda-2017-2\/","title":{"rendered":"6 x Hilda 2017"},"content":{"rendered":"<h3><b>Tasting<\/b> <b>note Hilda 2017<\/b><\/h3>\n<p>Immediately after opening, Hilda shows herself in a delicate green dress made of grass, hay and carrot green and leaves a lasting impression. The green tones are also reflected on the palate and harmonize with the current exoticism of an unripe, woody pineapple. Which is less sweet, but rather caramelized and gives a really exciting drinking experience. The noticeable minerality and freshness, the mix of grapefruit and lime peel round off the picture and make you want a second sip.<\/p>\n<p>Splendid. After a while, the wine presents itself much more open, silky, softer and lets the green-yellow aromas flutter towards the nose. The oxygen shows itself again as an absolute accelerator. The green tones of the wine are pushed against the palate as if they were racing over the turbo arrow in Mario Kart. Hilda 2017 from Klosterm\u00fchle Odernheim &amp; Andr\u00e9 Macionga is a cuv\u00e9e that leaves a slight smile on the lips with every sip. An absolutely unarrogant wine that is very satisfied with itself.<\/p>\n<p>More taste pictures: <a href=\"https:\/\/andremaciongacuvee.com\/en\/cuvee-hilda\/\">read more&#8230;<\/a><\/p>\n<p>&nbsp;<\/p>\n<h3><strong>Wineyard Klosterm\u00fchle Odernheim<\/strong><\/h3>\n<p>The Klosterm\u00fchle Odernheim winery is located in the heart of the Nahe wine region in Rhineland-Palatinate. It was founded in the early Middle Ages as the farm of the Disibodenberg monastery. And thus stands for over 1000 years of wine-growing tradition. The Montfort vineyard is one of the steepest in the world and cultivates over 13. 5 hectares. On which about 110,000 bottles are produced annually, of which 30,000 bottles of sparkling wine and 3,000 bottles of spirits. The grape varieties include Pinot Noir, Chardonnay, Pinot Blanc, Pinot Gris, Riesling and Gew\u00fcrztraminer.<\/p>\n<p><a class=\"nonblock\" href=\"http:\/\/www.weingut-klostermuehle.de\/\" target=\"_blank\" rel=\"noopener noreferrer\"><span id=\"u10465-4\">www.weingut-klostermuehle.de<\/span><\/a><\/p>\n","protected":false},"excerpt":{"rendered":"<p>&nbsp;<\/p>\n<p>&nbsp;<\/p>\n<p><strong>Limited edition, 6000 bottles<\/strong><\/p>\n<p>Fabric with a direct line and yet extremely elegant. The interplay of body and acidity results in a highly complex aroma, which beautifully reflects the origin. The freshness and the spiciness never appear satiating, so that a pleasant drinking flow is created.<\/p>\n","protected":false},"featured_media":2407,"template":"","meta":[],"product_brand":[],"product_cat":[96,97,98],"product_tag":[],"class_list":{"0":"post-2403","1":"product","2":"type-product","3":"status-publish","4":"has-post-thumbnail","6":"product_cat-075-l","7":"product_cat-cuvee-white","8":"product_cat-klostermuehle-odernheim-en","10":"first","11":"instock","12":"taxable","13":"shipping-taxable","14":"purchasable","15":"product-type-simple"},"yoast_head":"<!-- This site is optimized with the Yoast SEO plugin v27.3 - https:\/\/yoast.com\/product\/yoast-seo-wordpress\/ -->\n<title>6 x Hilda 2017 - Andr\u00e9 Macionga Cuv\u00e9e<\/title>\n<meta name=\"description\" content=\"Immediately after opening, Hilda 2017 shows herself in a delicate green dress made of grass, hay and carrot green and leaves a lasting impression.\" \/>\n<meta name=\"robots\" content=\"index, follow, max-snippet:-1, max-image-preview:large, max-video-preview:-1\" \/>\n<link rel=\"canonical\" href=\"https:\/\/andremaciongacuvee.com\/en\/shop\/winery\/klostermuehle-odernheim-en\/hilda-2017-2\/\" \/>\n<meta property=\"og:locale\" content=\"en_US\" \/>\n<meta property=\"og:type\" content=\"article\" \/>\n<meta property=\"og:title\" content=\"6 x Hilda 2017 - Andr\u00e9 Macionga Cuv\u00e9e\" \/>\n<meta property=\"og:description\" content=\"Immediately after opening, Hilda 2017 shows herself in a delicate green dress made of grass, hay and carrot green and leaves a lasting impression.\" \/>\n<meta property=\"og:url\" content=\"https:\/\/andremaciongacuvee.com\/en\/shop\/winery\/klostermuehle-odernheim-en\/hilda-2017-2\/\" \/>\n<meta property=\"og:site_name\" content=\"Andr\u00e9 Macionga Cuv\u00e9e\" \/>\n<meta property=\"article:publisher\" content=\"https:\/\/www.facebook.com\/andremaciongacuvee\/\" \/>\n<meta property=\"article:modified_time\" content=\"2022-10-19T18:19:51+00:00\" \/>\n<meta property=\"og:image\" content=\"https:\/\/andremaciongacuvee.com\/wp-content\/uploads\/2022\/10\/amc_shop_hilda_2017_6.jpg\" \/>\n\t<meta property=\"og:image:width\" content=\"2100\" \/>\n\t<meta property=\"og:image:height\" content=\"2100\" \/>\n\t<meta property=\"og:image:type\" content=\"image\/jpeg\" \/>\n<meta name=\"twitter:card\" content=\"summary_large_image\" \/>\n<meta name=\"twitter:label1\" content=\"Est. reading time\" \/>\n\t<meta name=\"twitter:data1\" content=\"2 minutes\" \/>\n<script type=\"application\/ld+json\" class=\"yoast-schema-graph\">{\"@context\":\"https:\\\/\\\/schema.org\",\"@graph\":[{\"@type\":\"WebPage\",\"@id\":\"https:\\\/\\\/andremaciongacuvee.com\\\/en\\\/shop\\\/winery\\\/klostermuehle-odernheim-en\\\/hilda-2017-2\\\/\",\"url\":\"https:\\\/\\\/andremaciongacuvee.com\\\/en\\\/shop\\\/winery\\\/klostermuehle-odernheim-en\\\/hilda-2017-2\\\/\",\"name\":\"6 x Hilda 2017 - Andr\u00e9 Macionga Cuv\u00e9e\",\"isPartOf\":{\"@id\":\"https:\\\/\\\/andremaciongacuvee.com\\\/#website\"},\"primaryImageOfPage\":{\"@id\":\"https:\\\/\\\/andremaciongacuvee.com\\\/en\\\/shop\\\/winery\\\/klostermuehle-odernheim-en\\\/hilda-2017-2\\\/#primaryimage\"},\"image\":{\"@id\":\"https:\\\/\\\/andremaciongacuvee.com\\\/en\\\/shop\\\/winery\\\/klostermuehle-odernheim-en\\\/hilda-2017-2\\\/#primaryimage\"},\"thumbnailUrl\":\"https:\\\/\\\/andremaciongacuvee.com\\\/wp-content\\\/uploads\\\/2022\\\/10\\\/amc_shop_hilda_2017_6.jpg\",\"datePublished\":\"2022-10-18T15:41:09+00:00\",\"dateModified\":\"2022-10-19T18:19:51+00:00\",\"description\":\"Immediately after opening, Hilda 2017 shows herself in a delicate green dress made of grass, hay and carrot green and leaves a lasting impression.\",\"breadcrumb\":{\"@id\":\"https:\\\/\\\/andremaciongacuvee.com\\\/en\\\/shop\\\/winery\\\/klostermuehle-odernheim-en\\\/hilda-2017-2\\\/#breadcrumb\"},\"inLanguage\":\"en-US\",\"potentialAction\":[{\"@type\":\"ReadAction\",\"target\":[\"https:\\\/\\\/andremaciongacuvee.com\\\/en\\\/shop\\\/winery\\\/klostermuehle-odernheim-en\\\/hilda-2017-2\\\/\"]}]},{\"@type\":\"ImageObject\",\"inLanguage\":\"en-US\",\"@id\":\"https:\\\/\\\/andremaciongacuvee.com\\\/en\\\/shop\\\/winery\\\/klostermuehle-odernheim-en\\\/hilda-2017-2\\\/#primaryimage\",\"url\":\"https:\\\/\\\/andremaciongacuvee.com\\\/wp-content\\\/uploads\\\/2022\\\/10\\\/amc_shop_hilda_2017_6.jpg\",\"contentUrl\":\"https:\\\/\\\/andremaciongacuvee.com\\\/wp-content\\\/uploads\\\/2022\\\/10\\\/amc_shop_hilda_2017_6.jpg\",\"width\":2100,\"height\":2100,\"caption\":\"Macionga Hilda 2017\"},{\"@type\":\"BreadcrumbList\",\"@id\":\"https:\\\/\\\/andremaciongacuvee.com\\\/en\\\/shop\\\/winery\\\/klostermuehle-odernheim-en\\\/hilda-2017-2\\\/#breadcrumb\",\"itemListElement\":[{\"@type\":\"ListItem\",\"position\":1,\"name\":\"Startseite\",\"item\":\"https:\\\/\\\/andremaciongacuvee.com\\\/en\\\/weingueterweingueterwehome\\\/\"},{\"@type\":\"ListItem\",\"position\":2,\"name\":\"Shop\",\"item\":\"https:\\\/\\\/andremaciongacuvee.com\\\/en\\\/shop-2\\\/\"},{\"@type\":\"ListItem\",\"position\":3,\"name\":\"6 x Hilda 2017\"}]},{\"@type\":\"WebSite\",\"@id\":\"https:\\\/\\\/andremaciongacuvee.com\\\/#website\",\"url\":\"https:\\\/\\\/andremaciongacuvee.com\\\/\",\"name\":\"Andr\u00e9 Macionga Cuv\u00e9e\",\"description\":\"Der Onlineshop von Andr\u00e9 Macionga Cuv\u00e9e\",\"publisher\":{\"@id\":\"https:\\\/\\\/andremaciongacuvee.com\\\/#organization\"},\"potentialAction\":[{\"@type\":\"SearchAction\",\"target\":{\"@type\":\"EntryPoint\",\"urlTemplate\":\"https:\\\/\\\/andremaciongacuvee.com\\\/?s={search_term_string}\"},\"query-input\":{\"@type\":\"PropertyValueSpecification\",\"valueRequired\":true,\"valueName\":\"search_term_string\"}}],\"inLanguage\":\"en-US\"},{\"@type\":\"Organization\",\"@id\":\"https:\\\/\\\/andremaciongacuvee.com\\\/#organization\",\"name\":\"Andr\u00e9 Macionga Cuv\u00e9e\",\"url\":\"https:\\\/\\\/andremaciongacuvee.com\\\/\",\"logo\":{\"@type\":\"ImageObject\",\"inLanguage\":\"en-US\",\"@id\":\"https:\\\/\\\/andremaciongacuvee.com\\\/#\\\/schema\\\/logo\\\/image\\\/\",\"url\":\"https:\\\/\\\/andremaciongacuvee.com\\\/wp-content\\\/uploads\\\/2018\\\/08\\\/amc_logo_black_shop.png\",\"contentUrl\":\"https:\\\/\\\/andremaciongacuvee.com\\\/wp-content\\\/uploads\\\/2018\\\/08\\\/amc_logo_black_shop.png\",\"width\":800,\"height\":150,\"caption\":\"Andr\u00e9 Macionga Cuv\u00e9e\"},\"image\":{\"@id\":\"https:\\\/\\\/andremaciongacuvee.com\\\/#\\\/schema\\\/logo\\\/image\\\/\"},\"sameAs\":[\"https:\\\/\\\/www.facebook.com\\\/andremaciongacuvee\\\/\",\"https:\\\/\\\/www.instagram.com\\\/andremaciongacuvee\\\/?hl=en\",\"https:\\\/\\\/www.linkedin.com\\\/in\\\/andre-macionga\\\/?originalSubdomain=de\"]}]}<\/script>\n<!-- \/ Yoast SEO plugin. -->","yoast_head_json":{"title":"6 x Hilda 2017 - Andr\u00e9 Macionga Cuv\u00e9e","description":"Immediately after opening, Hilda 2017 shows herself in a delicate green dress made of grass, hay and carrot green and leaves a lasting impression.","robots":{"index":"index","follow":"follow","max-snippet":"max-snippet:-1","max-image-preview":"max-image-preview:large","max-video-preview":"max-video-preview:-1"},"canonical":"https:\/\/andremaciongacuvee.com\/en\/shop\/winery\/klostermuehle-odernheim-en\/hilda-2017-2\/","og_locale":"en_US","og_type":"article","og_title":"6 x Hilda 2017 - Andr\u00e9 Macionga Cuv\u00e9e","og_description":"Immediately after opening, Hilda 2017 shows herself in a delicate green dress made of grass, hay and carrot green and leaves a lasting impression.","og_url":"https:\/\/andremaciongacuvee.com\/en\/shop\/winery\/klostermuehle-odernheim-en\/hilda-2017-2\/","og_site_name":"Andr\u00e9 Macionga Cuv\u00e9e","article_publisher":"https:\/\/www.facebook.com\/andremaciongacuvee\/","article_modified_time":"2022-10-19T18:19:51+00:00","og_image":[{"width":2100,"height":2100,"url":"https:\/\/andremaciongacuvee.com\/wp-content\/uploads\/2022\/10\/amc_shop_hilda_2017_6.jpg","type":"image\/jpeg"}],"twitter_card":"summary_large_image","twitter_misc":{"Est. reading time":"2 minutes"},"schema":{"@context":"https:\/\/schema.org","@graph":[{"@type":"WebPage","@id":"https:\/\/andremaciongacuvee.com\/en\/shop\/winery\/klostermuehle-odernheim-en\/hilda-2017-2\/","url":"https:\/\/andremaciongacuvee.com\/en\/shop\/winery\/klostermuehle-odernheim-en\/hilda-2017-2\/","name":"6 x Hilda 2017 - Andr\u00e9 Macionga Cuv\u00e9e","isPartOf":{"@id":"https:\/\/andremaciongacuvee.com\/#website"},"primaryImageOfPage":{"@id":"https:\/\/andremaciongacuvee.com\/en\/shop\/winery\/klostermuehle-odernheim-en\/hilda-2017-2\/#primaryimage"},"image":{"@id":"https:\/\/andremaciongacuvee.com\/en\/shop\/winery\/klostermuehle-odernheim-en\/hilda-2017-2\/#primaryimage"},"thumbnailUrl":"https:\/\/andremaciongacuvee.com\/wp-content\/uploads\/2022\/10\/amc_shop_hilda_2017_6.jpg","datePublished":"2022-10-18T15:41:09+00:00","dateModified":"2022-10-19T18:19:51+00:00","description":"Immediately after opening, Hilda 2017 shows herself in a delicate green dress made of grass, hay and carrot green and leaves a lasting impression.","breadcrumb":{"@id":"https:\/\/andremaciongacuvee.com\/en\/shop\/winery\/klostermuehle-odernheim-en\/hilda-2017-2\/#breadcrumb"},"inLanguage":"en-US","potentialAction":[{"@type":"ReadAction","target":["https:\/\/andremaciongacuvee.com\/en\/shop\/winery\/klostermuehle-odernheim-en\/hilda-2017-2\/"]}]},{"@type":"ImageObject","inLanguage":"en-US","@id":"https:\/\/andremaciongacuvee.com\/en\/shop\/winery\/klostermuehle-odernheim-en\/hilda-2017-2\/#primaryimage","url":"https:\/\/andremaciongacuvee.com\/wp-content\/uploads\/2022\/10\/amc_shop_hilda_2017_6.jpg","contentUrl":"https:\/\/andremaciongacuvee.com\/wp-content\/uploads\/2022\/10\/amc_shop_hilda_2017_6.jpg","width":2100,"height":2100,"caption":"Macionga Hilda 2017"},{"@type":"BreadcrumbList","@id":"https:\/\/andremaciongacuvee.com\/en\/shop\/winery\/klostermuehle-odernheim-en\/hilda-2017-2\/#breadcrumb","itemListElement":[{"@type":"ListItem","position":1,"name":"Startseite","item":"https:\/\/andremaciongacuvee.com\/en\/weingueterweingueterwehome\/"},{"@type":"ListItem","position":2,"name":"Shop","item":"https:\/\/andremaciongacuvee.com\/en\/shop-2\/"},{"@type":"ListItem","position":3,"name":"6 x Hilda 2017"}]},{"@type":"WebSite","@id":"https:\/\/andremaciongacuvee.com\/#website","url":"https:\/\/andremaciongacuvee.com\/","name":"Andr\u00e9 Macionga Cuv\u00e9e","description":"Der Onlineshop von Andr\u00e9 Macionga Cuv\u00e9e","publisher":{"@id":"https:\/\/andremaciongacuvee.com\/#organization"},"potentialAction":[{"@type":"SearchAction","target":{"@type":"EntryPoint","urlTemplate":"https:\/\/andremaciongacuvee.com\/?s={search_term_string}"},"query-input":{"@type":"PropertyValueSpecification","valueRequired":true,"valueName":"search_term_string"}}],"inLanguage":"en-US"},{"@type":"Organization","@id":"https:\/\/andremaciongacuvee.com\/#organization","name":"Andr\u00e9 Macionga Cuv\u00e9e","url":"https:\/\/andremaciongacuvee.com\/","logo":{"@type":"ImageObject","inLanguage":"en-US","@id":"https:\/\/andremaciongacuvee.com\/#\/schema\/logo\/image\/","url":"https:\/\/andremaciongacuvee.com\/wp-content\/uploads\/2018\/08\/amc_logo_black_shop.png","contentUrl":"https:\/\/andremaciongacuvee.com\/wp-content\/uploads\/2018\/08\/amc_logo_black_shop.png","width":800,"height":150,"caption":"Andr\u00e9 Macionga Cuv\u00e9e"},"image":{"@id":"https:\/\/andremaciongacuvee.com\/#\/schema\/logo\/image\/"},"sameAs":["https:\/\/www.facebook.com\/andremaciongacuvee\/","https:\/\/www.instagram.com\/andremaciongacuvee\/?hl=en","https:\/\/www.linkedin.com\/in\/andre-macionga\/?originalSubdomain=de"]}]}},"jetpack_sharing_enabled":true,"_links":{"self":[{"href":"https:\/\/andremaciongacuvee.com\/en\/wp-json\/wp\/v2\/product\/2403","targetHints":{"allow":["GET"]}}],"collection":[{"href":"https:\/\/andremaciongacuvee.com\/en\/wp-json\/wp\/v2\/product"}],"about":[{"href":"https:\/\/andremaciongacuvee.com\/en\/wp-json\/wp\/v2\/types\/product"}],"wp:featuredmedia":[{"embeddable":true,"href":"https:\/\/andremaciongacuvee.com\/en\/wp-json\/wp\/v2\/media\/2407"}],"wp:attachment":[{"href":"https:\/\/andremaciongacuvee.com\/en\/wp-json\/wp\/v2\/media?parent=2403"}],"wp:term":[{"taxonomy":"product_brand","embeddable":true,"href":"https:\/\/andremaciongacuvee.com\/en\/wp-json\/wp\/v2\/product_brand?post=2403"},{"taxonomy":"product_cat","embeddable":true,"href":"https:\/\/andremaciongacuvee.com\/en\/wp-json\/wp\/v2\/product_cat?post=2403"},{"taxonomy":"product_tag","embeddable":true,"href":"https:\/\/andremaciongacuvee.com\/en\/wp-json\/wp\/v2\/product_tag?post=2403"}],"curies":[{"name":"wp","href":"https:\/\/api.w.org\/{rel}","templated":true}]}}