{"id":2409,"date":"2022-10-18T19:02:17","date_gmt":"2022-10-18T17:02:26","guid":{"rendered":"https:\/\/andremaciongacuvee.com\/?post_type=product&#038;p=2409"},"modified":"2025-07-13T14:23:40","modified_gmt":"2025-07-13T12:23:40","slug":"kollektion-1-kopie","status":"publish","type":"product","link":"https:\/\/andremaciongacuvee.com\/en\/shop\/winery\/adam-mereaux-en\/kollektion-1-kopie\/","title":{"rendered":"6 x L\u2019\u00c9toile de Berru"},"content":{"rendered":"<p><strong>1. Champagne \u2013 Coteaux Champenois 2019<\/strong><\/p>\n<p>A wine for connoisseurs, in which Burgundian freshness is paired with the coolness of Champagne. The crisp acidity of the best Chardonnay grapes celebrates a jamming with mint and pineapple notes on a very subtle level. <a href=\"https:\/\/andremaciongacuvee.com\/en\/shop\/winery\/adam-mereaux-en\/letoile-de-berru-coteaux-2019\/\">learn more<\/a><\/p>\n<p><strong>2. Champagne \u2013 Extra Brut \u2013 Zero Dosage 2017<\/strong><\/p>\n<p>This year was very challenging. Due to a warm and humid autumn, it was necessary to harvest very quickly and sort them very carefully. Adam-Mereaux succeeded with clean and ripe Chardonnay grapes of the highest quality.<\/p>\n<p><strong>3. Champagne \u2013 L\u2019\u00c9toile de Berru 2011<\/strong><\/p>\n<p>Exotic fruit meets pome fruit. With a hint of cumin and its discreet acidity it reminds of a ripe, white Burgundy. A wine with great potential for development.<\/p>\n<p><strong>4. Champagne \u2013 Vieille Vigne 2011<\/strong><\/p>\n<p>An early, happy harvest in August 2011 with a rapid ripeness enables a very fresh Chardonnay to be kept. The \u201cStar of Berru \u2013 Old Vines\u201d is expressed in its tension and a wonderful minerality that retains a meaty character!<\/p>\n<p><strong>5. Champagne \u2013 L\u2019\u00c9toile de Berru 2010<\/strong><\/p>\n<p>The champagne creates a vibrant feeling on the palate and is an immediate bubbling inspiration. The play of freshness and vinosity forms an exciting alternation and blends with light brioche tones and green apple.<\/p>\n<p><strong>6. Champagne \u2013 L\u2019\u00c9toile de Berru \u2013 R\u00e9serve 2009<\/strong><\/p>\n<p>A warm year of impeccable quality that offers an intense and full-bodied Chardonnay. Notes of yellow fruits, a creamy mouthfeel and buttery aromas manifest a fleshy and sunny Blanc de Blancs.<\/p>\n<p>&nbsp;<\/p>\n<p>&nbsp;<\/p>\n<h3><strong>Wineyard Adam Mereaux \u2013 L\u2019\u00c9TOILE DE BERRU<\/strong><\/h3>\n<p>We cultivate the three great champagne vines with respect for our environment and are committed to sustainable viticulture certification and high ecological standards. The area is well known for the production of fine Chardonnay grapes, which give the wine its much appreciated freshness. Adam Mereaux Champagne represents four generations of know-how and passion, from vines to wine.<\/p>\n<p>&nbsp;<\/p>\n<p><a class=\"nonblock\" href=\"https:\/\/www.instagram.com\/champagne_adam_mereaux\/\">www.instagram.com\/champagne_adam_mereaux<\/a><\/p>\n","protected":false},"excerpt":{"rendered":"<p><strong>6 x Champagner Cuv\u00e9e \u00e1 0.75 L<\/strong><\/p>\n<p>1. L\u2019\u00c9toile de Berru \u2013 Coteaux Champenois 2019<br \/>\n2. L\u2019\u00c9toile de Berru \u2013 Extra Brut \u2013 Zero Dosage 2017<br \/>\n3. L\u2019\u00c9toile de Berru 2011<br \/>\n4. L\u2019\u00c9toile de Berru \u2013 Vieille Vigne 2011<br \/>\n5. L\u2019\u00c9toile de Berru 2010<br \/>\n6. L\u2019\u00c9toile de Berru \u2013 R\u00e9serve 2009<\/p>\n","protected":false},"featured_media":2411,"template":"","meta":[],"product_brand":[],"product_cat":[96,120,99],"product_tag":[],"class_list":{"0":"post-2409","1":"product","2":"type-product","3":"status-publish","4":"has-post-thumbnail","6":"product_cat-075-l","7":"product_cat-adam-mereaux-en","8":"product_cat-champagner-en","10":"first","11":"instock","12":"taxable","13":"shipping-taxable","14":"purchasable","15":"product-type-simple"},"yoast_head":"<!-- This site is optimized with the Yoast SEO plugin v27.3 - https:\/\/yoast.com\/product\/yoast-seo-wordpress\/ -->\n<title>6 x L\u2019\u00c9toile de Berru - Andr\u00e9 Macionga Cuv\u00e9e<\/title>\n<meta name=\"description\" content=\"Since champagne is a time-consuming project, our collaboration has flourished for some time. The result means more vintages of L&#039;\u00c9toile de Berru.\" \/>\n<meta name=\"robots\" content=\"index, follow, max-snippet:-1, max-image-preview:large, max-video-preview:-1\" \/>\n<link rel=\"canonical\" href=\"https:\/\/andremaciongacuvee.com\/en\/shop\/winery\/adam-mereaux-en\/kollektion-1-kopie\/\" \/>\n<meta property=\"og:locale\" content=\"en_US\" \/>\n<meta property=\"og:type\" content=\"article\" \/>\n<meta property=\"og:title\" content=\"6 x L\u2019\u00c9toile de Berru - Andr\u00e9 Macionga Cuv\u00e9e\" \/>\n<meta property=\"og:description\" content=\"Since champagne is a time-consuming project, our collaboration has flourished for some time. The result means more vintages of L&#039;\u00c9toile de Berru.\" \/>\n<meta property=\"og:url\" content=\"https:\/\/andremaciongacuvee.com\/en\/shop\/winery\/adam-mereaux-en\/kollektion-1-kopie\/\" \/>\n<meta property=\"og:site_name\" content=\"Andr\u00e9 Macionga Cuv\u00e9e\" \/>\n<meta property=\"article:publisher\" content=\"https:\/\/www.facebook.com\/andremaciongacuvee\/\" \/>\n<meta property=\"article:modified_time\" content=\"2025-07-13T12:23:40+00:00\" \/>\n<meta property=\"og:image\" content=\"https:\/\/andremaciongacuvee.com\/wp-content\/uploads\/2022\/10\/amc_shop_adam_mereaux_6.jpg\" \/>\n\t<meta property=\"og:image:width\" content=\"2100\" \/>\n\t<meta property=\"og:image:height\" content=\"2100\" \/>\n\t<meta property=\"og:image:type\" content=\"image\/jpeg\" \/>\n<meta name=\"twitter:card\" content=\"summary_large_image\" \/>\n<meta name=\"twitter:label1\" content=\"Est. reading time\" \/>\n\t<meta name=\"twitter:data1\" content=\"2 minutes\" \/>\n<script type=\"application\/ld+json\" class=\"yoast-schema-graph\">{\"@context\":\"https:\\\/\\\/schema.org\",\"@graph\":[{\"@type\":\"WebPage\",\"@id\":\"https:\\\/\\\/andremaciongacuvee.com\\\/en\\\/shop\\\/winery\\\/adam-mereaux-en\\\/kollektion-1-kopie\\\/\",\"url\":\"https:\\\/\\\/andremaciongacuvee.com\\\/en\\\/shop\\\/winery\\\/adam-mereaux-en\\\/kollektion-1-kopie\\\/\",\"name\":\"6 x L\u2019\u00c9toile de Berru - Andr\u00e9 Macionga Cuv\u00e9e\",\"isPartOf\":{\"@id\":\"https:\\\/\\\/andremaciongacuvee.com\\\/#website\"},\"primaryImageOfPage\":{\"@id\":\"https:\\\/\\\/andremaciongacuvee.com\\\/en\\\/shop\\\/winery\\\/adam-mereaux-en\\\/kollektion-1-kopie\\\/#primaryimage\"},\"image\":{\"@id\":\"https:\\\/\\\/andremaciongacuvee.com\\\/en\\\/shop\\\/winery\\\/adam-mereaux-en\\\/kollektion-1-kopie\\\/#primaryimage\"},\"thumbnailUrl\":\"https:\\\/\\\/andremaciongacuvee.com\\\/wp-content\\\/uploads\\\/2022\\\/10\\\/amc_shop_adam_mereaux_6.jpg\",\"datePublished\":\"2022-10-18T17:02:26+00:00\",\"dateModified\":\"2025-07-13T12:23:40+00:00\",\"description\":\"Since champagne is a time-consuming project, our collaboration has flourished for some time. The result means more vintages of L'\u00c9toile de Berru.\",\"breadcrumb\":{\"@id\":\"https:\\\/\\\/andremaciongacuvee.com\\\/en\\\/shop\\\/winery\\\/adam-mereaux-en\\\/kollektion-1-kopie\\\/#breadcrumb\"},\"inLanguage\":\"en-US\",\"potentialAction\":[{\"@type\":\"ReadAction\",\"target\":[\"https:\\\/\\\/andremaciongacuvee.com\\\/en\\\/shop\\\/winery\\\/adam-mereaux-en\\\/kollektion-1-kopie\\\/\"]}]},{\"@type\":\"ImageObject\",\"inLanguage\":\"en-US\",\"@id\":\"https:\\\/\\\/andremaciongacuvee.com\\\/en\\\/shop\\\/winery\\\/adam-mereaux-en\\\/kollektion-1-kopie\\\/#primaryimage\",\"url\":\"https:\\\/\\\/andremaciongacuvee.com\\\/wp-content\\\/uploads\\\/2022\\\/10\\\/amc_shop_adam_mereaux_6.jpg\",\"contentUrl\":\"https:\\\/\\\/andremaciongacuvee.com\\\/wp-content\\\/uploads\\\/2022\\\/10\\\/amc_shop_adam_mereaux_6.jpg\",\"width\":2100,\"height\":2100,\"caption\":\"Macionga Adam Mereaux\"},{\"@type\":\"BreadcrumbList\",\"@id\":\"https:\\\/\\\/andremaciongacuvee.com\\\/en\\\/shop\\\/winery\\\/adam-mereaux-en\\\/kollektion-1-kopie\\\/#breadcrumb\",\"itemListElement\":[{\"@type\":\"ListItem\",\"position\":1,\"name\":\"Startseite\",\"item\":\"https:\\\/\\\/andremaciongacuvee.com\\\/en\\\/weingueterweingueterwehome\\\/\"},{\"@type\":\"ListItem\",\"position\":2,\"name\":\"Shop\",\"item\":\"https:\\\/\\\/andremaciongacuvee.com\\\/en\\\/shop-2\\\/\"},{\"@type\":\"ListItem\",\"position\":3,\"name\":\"6 x L\u2019\u00c9toile de Berru\"}]},{\"@type\":\"WebSite\",\"@id\":\"https:\\\/\\\/andremaciongacuvee.com\\\/#website\",\"url\":\"https:\\\/\\\/andremaciongacuvee.com\\\/\",\"name\":\"Andr\u00e9 Macionga Cuv\u00e9e\",\"description\":\"Der Onlineshop von Andr\u00e9 Macionga Cuv\u00e9e\",\"publisher\":{\"@id\":\"https:\\\/\\\/andremaciongacuvee.com\\\/#organization\"},\"potentialAction\":[{\"@type\":\"SearchAction\",\"target\":{\"@type\":\"EntryPoint\",\"urlTemplate\":\"https:\\\/\\\/andremaciongacuvee.com\\\/?s={search_term_string}\"},\"query-input\":{\"@type\":\"PropertyValueSpecification\",\"valueRequired\":true,\"valueName\":\"search_term_string\"}}],\"inLanguage\":\"en-US\"},{\"@type\":\"Organization\",\"@id\":\"https:\\\/\\\/andremaciongacuvee.com\\\/#organization\",\"name\":\"Andr\u00e9 Macionga Cuv\u00e9e\",\"url\":\"https:\\\/\\\/andremaciongacuvee.com\\\/\",\"logo\":{\"@type\":\"ImageObject\",\"inLanguage\":\"en-US\",\"@id\":\"https:\\\/\\\/andremaciongacuvee.com\\\/#\\\/schema\\\/logo\\\/image\\\/\",\"url\":\"https:\\\/\\\/andremaciongacuvee.com\\\/wp-content\\\/uploads\\\/2018\\\/08\\\/amc_logo_black_shop.png\",\"contentUrl\":\"https:\\\/\\\/andremaciongacuvee.com\\\/wp-content\\\/uploads\\\/2018\\\/08\\\/amc_logo_black_shop.png\",\"width\":800,\"height\":150,\"caption\":\"Andr\u00e9 Macionga Cuv\u00e9e\"},\"image\":{\"@id\":\"https:\\\/\\\/andremaciongacuvee.com\\\/#\\\/schema\\\/logo\\\/image\\\/\"},\"sameAs\":[\"https:\\\/\\\/www.facebook.com\\\/andremaciongacuvee\\\/\",\"https:\\\/\\\/www.instagram.com\\\/andremaciongacuvee\\\/?hl=en\",\"https:\\\/\\\/www.linkedin.com\\\/in\\\/andre-macionga\\\/?originalSubdomain=de\"]}]}<\/script>\n<!-- \/ Yoast SEO plugin. -->","yoast_head_json":{"title":"6 x L\u2019\u00c9toile de Berru - Andr\u00e9 Macionga Cuv\u00e9e","description":"Since champagne is a time-consuming project, our collaboration has flourished for some time. The result means more vintages of L'\u00c9toile de Berru.","robots":{"index":"index","follow":"follow","max-snippet":"max-snippet:-1","max-image-preview":"max-image-preview:large","max-video-preview":"max-video-preview:-1"},"canonical":"https:\/\/andremaciongacuvee.com\/en\/shop\/winery\/adam-mereaux-en\/kollektion-1-kopie\/","og_locale":"en_US","og_type":"article","og_title":"6 x L\u2019\u00c9toile de Berru - Andr\u00e9 Macionga Cuv\u00e9e","og_description":"Since champagne is a time-consuming project, our collaboration has flourished for some time. The result means more vintages of L'\u00c9toile de Berru.","og_url":"https:\/\/andremaciongacuvee.com\/en\/shop\/winery\/adam-mereaux-en\/kollektion-1-kopie\/","og_site_name":"Andr\u00e9 Macionga Cuv\u00e9e","article_publisher":"https:\/\/www.facebook.com\/andremaciongacuvee\/","article_modified_time":"2025-07-13T12:23:40+00:00","og_image":[{"width":2100,"height":2100,"url":"https:\/\/andremaciongacuvee.com\/wp-content\/uploads\/2022\/10\/amc_shop_adam_mereaux_6.jpg","type":"image\/jpeg"}],"twitter_card":"summary_large_image","twitter_misc":{"Est. reading time":"2 minutes"},"schema":{"@context":"https:\/\/schema.org","@graph":[{"@type":"WebPage","@id":"https:\/\/andremaciongacuvee.com\/en\/shop\/winery\/adam-mereaux-en\/kollektion-1-kopie\/","url":"https:\/\/andremaciongacuvee.com\/en\/shop\/winery\/adam-mereaux-en\/kollektion-1-kopie\/","name":"6 x L\u2019\u00c9toile de Berru - Andr\u00e9 Macionga Cuv\u00e9e","isPartOf":{"@id":"https:\/\/andremaciongacuvee.com\/#website"},"primaryImageOfPage":{"@id":"https:\/\/andremaciongacuvee.com\/en\/shop\/winery\/adam-mereaux-en\/kollektion-1-kopie\/#primaryimage"},"image":{"@id":"https:\/\/andremaciongacuvee.com\/en\/shop\/winery\/adam-mereaux-en\/kollektion-1-kopie\/#primaryimage"},"thumbnailUrl":"https:\/\/andremaciongacuvee.com\/wp-content\/uploads\/2022\/10\/amc_shop_adam_mereaux_6.jpg","datePublished":"2022-10-18T17:02:26+00:00","dateModified":"2025-07-13T12:23:40+00:00","description":"Since champagne is a time-consuming project, our collaboration has flourished for some time. The result means more vintages of L'\u00c9toile de Berru.","breadcrumb":{"@id":"https:\/\/andremaciongacuvee.com\/en\/shop\/winery\/adam-mereaux-en\/kollektion-1-kopie\/#breadcrumb"},"inLanguage":"en-US","potentialAction":[{"@type":"ReadAction","target":["https:\/\/andremaciongacuvee.com\/en\/shop\/winery\/adam-mereaux-en\/kollektion-1-kopie\/"]}]},{"@type":"ImageObject","inLanguage":"en-US","@id":"https:\/\/andremaciongacuvee.com\/en\/shop\/winery\/adam-mereaux-en\/kollektion-1-kopie\/#primaryimage","url":"https:\/\/andremaciongacuvee.com\/wp-content\/uploads\/2022\/10\/amc_shop_adam_mereaux_6.jpg","contentUrl":"https:\/\/andremaciongacuvee.com\/wp-content\/uploads\/2022\/10\/amc_shop_adam_mereaux_6.jpg","width":2100,"height":2100,"caption":"Macionga Adam Mereaux"},{"@type":"BreadcrumbList","@id":"https:\/\/andremaciongacuvee.com\/en\/shop\/winery\/adam-mereaux-en\/kollektion-1-kopie\/#breadcrumb","itemListElement":[{"@type":"ListItem","position":1,"name":"Startseite","item":"https:\/\/andremaciongacuvee.com\/en\/weingueterweingueterwehome\/"},{"@type":"ListItem","position":2,"name":"Shop","item":"https:\/\/andremaciongacuvee.com\/en\/shop-2\/"},{"@type":"ListItem","position":3,"name":"6 x L\u2019\u00c9toile de Berru"}]},{"@type":"WebSite","@id":"https:\/\/andremaciongacuvee.com\/#website","url":"https:\/\/andremaciongacuvee.com\/","name":"Andr\u00e9 Macionga Cuv\u00e9e","description":"Der Onlineshop von Andr\u00e9 Macionga Cuv\u00e9e","publisher":{"@id":"https:\/\/andremaciongacuvee.com\/#organization"},"potentialAction":[{"@type":"SearchAction","target":{"@type":"EntryPoint","urlTemplate":"https:\/\/andremaciongacuvee.com\/?s={search_term_string}"},"query-input":{"@type":"PropertyValueSpecification","valueRequired":true,"valueName":"search_term_string"}}],"inLanguage":"en-US"},{"@type":"Organization","@id":"https:\/\/andremaciongacuvee.com\/#organization","name":"Andr\u00e9 Macionga Cuv\u00e9e","url":"https:\/\/andremaciongacuvee.com\/","logo":{"@type":"ImageObject","inLanguage":"en-US","@id":"https:\/\/andremaciongacuvee.com\/#\/schema\/logo\/image\/","url":"https:\/\/andremaciongacuvee.com\/wp-content\/uploads\/2018\/08\/amc_logo_black_shop.png","contentUrl":"https:\/\/andremaciongacuvee.com\/wp-content\/uploads\/2018\/08\/amc_logo_black_shop.png","width":800,"height":150,"caption":"Andr\u00e9 Macionga Cuv\u00e9e"},"image":{"@id":"https:\/\/andremaciongacuvee.com\/#\/schema\/logo\/image\/"},"sameAs":["https:\/\/www.facebook.com\/andremaciongacuvee\/","https:\/\/www.instagram.com\/andremaciongacuvee\/?hl=en","https:\/\/www.linkedin.com\/in\/andre-macionga\/?originalSubdomain=de"]}]}},"jetpack_sharing_enabled":true,"_links":{"self":[{"href":"https:\/\/andremaciongacuvee.com\/en\/wp-json\/wp\/v2\/product\/2409","targetHints":{"allow":["GET"]}}],"collection":[{"href":"https:\/\/andremaciongacuvee.com\/en\/wp-json\/wp\/v2\/product"}],"about":[{"href":"https:\/\/andremaciongacuvee.com\/en\/wp-json\/wp\/v2\/types\/product"}],"wp:featuredmedia":[{"embeddable":true,"href":"https:\/\/andremaciongacuvee.com\/en\/wp-json\/wp\/v2\/media\/2411"}],"wp:attachment":[{"href":"https:\/\/andremaciongacuvee.com\/en\/wp-json\/wp\/v2\/media?parent=2409"}],"wp:term":[{"taxonomy":"product_brand","embeddable":true,"href":"https:\/\/andremaciongacuvee.com\/en\/wp-json\/wp\/v2\/product_brand?post=2409"},{"taxonomy":"product_cat","embeddable":true,"href":"https:\/\/andremaciongacuvee.com\/en\/wp-json\/wp\/v2\/product_cat?post=2409"},{"taxonomy":"product_tag","embeddable":true,"href":"https:\/\/andremaciongacuvee.com\/en\/wp-json\/wp\/v2\/product_tag?post=2409"}],"curies":[{"name":"wp","href":"https:\/\/api.w.org\/{rel}","templated":true}]}}