{"id":2615,"date":"2023-01-20T23:07:36","date_gmt":"2023-01-20T22:07:45","guid":{"rendered":"https:\/\/andremaciongacuvee.com\/?post_type=product&#038;p=2615"},"modified":"2025-07-13T14:18:49","modified_gmt":"2025-07-13T12:18:49","slug":"es-ist-wie-es-ist-no-9-2019","status":"publish","type":"product","link":"https:\/\/andremaciongacuvee.com\/en\/shop\/winery\/horst-sauer\/es-ist-wie-es-ist-no-9-2019\/","title":{"rendered":"Es ist wie es ist No. 9 2019"},"content":{"rendered":"<p id=\"u69365-18\"><span style=\"color: #000000;\"><strong>Tasting note<\/strong><\/span><\/p>\n<p>In the nose, the exoticism of salty orange and sweet-caramelized pineapple exudes its scent. The wine spreads to the middle and then tapered off. These candied fruit notes are immediately present on the palate and melt into a kind of liquid panettone of the highest quality.<\/p>\n<p>The intense fruit play is expanded with a little air with pronounced spice. Like pebbles drenched with cinnamon, lying in flowery-scented earth. Like Japanese mountain pepper dancing with orange citrus. Like a drop of tarragon essence dreaming on a coffee lime leaf. The multitude of facets becomes more interesting with every minute. A staccato of exotic, spice and terroir. In order to be polished in the end.<\/p>\n<p>After a day and a night, the wine has grown again, rounder and more harmonious. Elegant but demanding. And still extremely eager to get the drinker&#8217;s full attention. In front of us is an aromatic wall, the complexity of which welcomes us openly.<\/p>\n","protected":false},"excerpt":{"rendered":"<p><strong>Limited edition, 1200 bottles<\/strong><\/p>\n<p>Beautifully present right on the palate, the seventh Es Ist Wie Es Ist shows its complex individual skills. With a light nuttiness, salty orange zest and caramelized pineapple, the potpourri of extraordinary aromas is combined with the earthy, stony flavor of the terroir. That is the peculiarity of the No. 9, here, despite the abundance of exoticism, the terroir idea of \u200b\u200bthe Escherndorfer Lump comes out.<\/p>\n","protected":false},"featured_media":1350,"template":"","meta":[],"product_brand":[],"product_cat":[96,97,117],"product_tag":[],"class_list":{"0":"post-2615","1":"product","2":"type-product","3":"status-publish","4":"has-post-thumbnail","6":"product_cat-075-l","7":"product_cat-cuvee-white","8":"product_cat-horst-sauer","10":"first","11":"outofstock","12":"featured","13":"taxable","14":"shipping-taxable","15":"purchasable","16":"product-type-simple"},"yoast_head":"<!-- This site is optimized with the Yoast SEO plugin v27.3 - https:\/\/yoast.com\/product\/yoast-seo-wordpress\/ -->\n<title>Es ist wie es ist No. 9 2019 - Andr\u00e9 Macionga Cuv\u00e9e<\/title>\n<meta name=\"description\" content=\"Despite its textural density, the wine Es ist wie es ist 2019 has the drinkability of a youthful wine. Horst Sauer &amp; Andr\u00e9 Macionga created this cuv\u00e9e.\" \/>\n<meta name=\"robots\" content=\"index, follow, max-snippet:-1, max-image-preview:large, max-video-preview:-1\" \/>\n<link rel=\"canonical\" href=\"https:\/\/andremaciongacuvee.com\/shop\/weingut\/horstsauer\/es-ist-wie-es-ist-nr-9-2019\/\" \/>\n<meta property=\"og:locale\" content=\"en_US\" \/>\n<meta property=\"og:type\" content=\"article\" \/>\n<meta property=\"og:title\" content=\"Es ist wie es ist No. 9 2019 - Andr\u00e9 Macionga Cuv\u00e9e\" \/>\n<meta property=\"og:description\" content=\"Despite its textural density, the wine Es ist wie es ist 2019 has the drinkability of a youthful wine. Horst Sauer &amp; Andr\u00e9 Macionga created this cuv\u00e9e.\" \/>\n<meta property=\"og:url\" content=\"https:\/\/andremaciongacuvee.com\/shop\/weingut\/horstsauer\/es-ist-wie-es-ist-nr-9-2019\/\" \/>\n<meta property=\"og:site_name\" content=\"Andr\u00e9 Macionga Cuv\u00e9e\" \/>\n<meta property=\"article:publisher\" content=\"https:\/\/www.facebook.com\/andremaciongacuvee\/\" \/>\n<meta property=\"article:modified_time\" content=\"2025-07-13T12:18:49+00:00\" \/>\n<meta property=\"og:image\" content=\"https:\/\/andremaciongacuvee.com\/wp-content\/uploads\/2018\/08\/AMC_19_1-350_1.png\" \/>\n\t<meta property=\"og:image:width\" content=\"2100\" \/>\n\t<meta property=\"og:image:height\" content=\"2100\" \/>\n\t<meta property=\"og:image:type\" content=\"image\/png\" \/>\n<meta name=\"twitter:card\" content=\"summary_large_image\" \/>\n<meta name=\"twitter:label1\" content=\"Est. reading time\" \/>\n\t<meta name=\"twitter:data1\" content=\"2 minutes\" \/>\n<script type=\"application\/ld+json\" class=\"yoast-schema-graph\">{\"@context\":\"https:\\\/\\\/schema.org\",\"@graph\":[{\"@type\":\"WebPage\",\"@id\":\"https:\\\/\\\/andremaciongacuvee.com\\\/shop\\\/weingut\\\/horstsauer\\\/es-ist-wie-es-ist-nr-9-2019\\\/\",\"url\":\"https:\\\/\\\/andremaciongacuvee.com\\\/shop\\\/weingut\\\/horstsauer\\\/es-ist-wie-es-ist-nr-9-2019\\\/\",\"name\":\"Es ist wie es ist No. 9 2019 - Andr\u00e9 Macionga Cuv\u00e9e\",\"isPartOf\":{\"@id\":\"https:\\\/\\\/andremaciongacuvee.com\\\/#website\"},\"primaryImageOfPage\":{\"@id\":\"https:\\\/\\\/andremaciongacuvee.com\\\/shop\\\/weingut\\\/horstsauer\\\/es-ist-wie-es-ist-nr-9-2019\\\/#primaryimage\"},\"image\":{\"@id\":\"https:\\\/\\\/andremaciongacuvee.com\\\/shop\\\/weingut\\\/horstsauer\\\/es-ist-wie-es-ist-nr-9-2019\\\/#primaryimage\"},\"thumbnailUrl\":\"https:\\\/\\\/andremaciongacuvee.com\\\/wp-content\\\/uploads\\\/2018\\\/08\\\/AMC_19_1-350_1.png\",\"datePublished\":\"2023-01-20T22:07:45+00:00\",\"dateModified\":\"2025-07-13T12:18:49+00:00\",\"description\":\"Despite its textural density, the wine Es ist wie es ist 2019 has the drinkability of a youthful wine. Horst Sauer & Andr\u00e9 Macionga created this cuv\u00e9e.\",\"breadcrumb\":{\"@id\":\"https:\\\/\\\/andremaciongacuvee.com\\\/shop\\\/weingut\\\/horstsauer\\\/es-ist-wie-es-ist-nr-9-2019\\\/#breadcrumb\"},\"inLanguage\":\"en-US\",\"potentialAction\":[{\"@type\":\"ReadAction\",\"target\":[\"https:\\\/\\\/andremaciongacuvee.com\\\/shop\\\/weingut\\\/horstsauer\\\/es-ist-wie-es-ist-nr-9-2019\\\/\"]}]},{\"@type\":\"ImageObject\",\"inLanguage\":\"en-US\",\"@id\":\"https:\\\/\\\/andremaciongacuvee.com\\\/shop\\\/weingut\\\/horstsauer\\\/es-ist-wie-es-ist-nr-9-2019\\\/#primaryimage\",\"url\":\"https:\\\/\\\/andremaciongacuvee.com\\\/wp-content\\\/uploads\\\/2018\\\/08\\\/AMC_19_1-350_1.png\",\"contentUrl\":\"https:\\\/\\\/andremaciongacuvee.com\\\/wp-content\\\/uploads\\\/2018\\\/08\\\/AMC_19_1-350_1.png\",\"width\":2100,\"height\":2100},{\"@type\":\"BreadcrumbList\",\"@id\":\"https:\\\/\\\/andremaciongacuvee.com\\\/shop\\\/weingut\\\/horstsauer\\\/es-ist-wie-es-ist-nr-9-2019\\\/#breadcrumb\",\"itemListElement\":[{\"@type\":\"ListItem\",\"position\":1,\"name\":\"Startseite\",\"item\":\"https:\\\/\\\/andremaciongacuvee.com\\\/en\\\/weingueterweingueterwehome\\\/\"},{\"@type\":\"ListItem\",\"position\":2,\"name\":\"Shop\",\"item\":\"https:\\\/\\\/andremaciongacuvee.com\\\/en\\\/shop-2\\\/\"},{\"@type\":\"ListItem\",\"position\":3,\"name\":\"Es ist wie es ist No. 9 2019\"}]},{\"@type\":\"WebSite\",\"@id\":\"https:\\\/\\\/andremaciongacuvee.com\\\/#website\",\"url\":\"https:\\\/\\\/andremaciongacuvee.com\\\/\",\"name\":\"Andr\u00e9 Macionga Cuv\u00e9e\",\"description\":\"Der Onlineshop von Andr\u00e9 Macionga Cuv\u00e9e\",\"publisher\":{\"@id\":\"https:\\\/\\\/andremaciongacuvee.com\\\/#organization\"},\"potentialAction\":[{\"@type\":\"SearchAction\",\"target\":{\"@type\":\"EntryPoint\",\"urlTemplate\":\"https:\\\/\\\/andremaciongacuvee.com\\\/?s={search_term_string}\"},\"query-input\":{\"@type\":\"PropertyValueSpecification\",\"valueRequired\":true,\"valueName\":\"search_term_string\"}}],\"inLanguage\":\"en-US\"},{\"@type\":\"Organization\",\"@id\":\"https:\\\/\\\/andremaciongacuvee.com\\\/#organization\",\"name\":\"Andr\u00e9 Macionga Cuv\u00e9e\",\"url\":\"https:\\\/\\\/andremaciongacuvee.com\\\/\",\"logo\":{\"@type\":\"ImageObject\",\"inLanguage\":\"en-US\",\"@id\":\"https:\\\/\\\/andremaciongacuvee.com\\\/#\\\/schema\\\/logo\\\/image\\\/\",\"url\":\"https:\\\/\\\/andremaciongacuvee.com\\\/wp-content\\\/uploads\\\/2018\\\/08\\\/amc_logo_black_shop.png\",\"contentUrl\":\"https:\\\/\\\/andremaciongacuvee.com\\\/wp-content\\\/uploads\\\/2018\\\/08\\\/amc_logo_black_shop.png\",\"width\":800,\"height\":150,\"caption\":\"Andr\u00e9 Macionga Cuv\u00e9e\"},\"image\":{\"@id\":\"https:\\\/\\\/andremaciongacuvee.com\\\/#\\\/schema\\\/logo\\\/image\\\/\"},\"sameAs\":[\"https:\\\/\\\/www.facebook.com\\\/andremaciongacuvee\\\/\",\"https:\\\/\\\/www.instagram.com\\\/andremaciongacuvee\\\/?hl=en\",\"https:\\\/\\\/www.linkedin.com\\\/in\\\/andre-macionga\\\/?originalSubdomain=de\"]}]}<\/script>\n<!-- \/ Yoast SEO plugin. -->","yoast_head_json":{"title":"Es ist wie es ist No. 9 2019 - Andr\u00e9 Macionga Cuv\u00e9e","description":"Despite its textural density, the wine Es ist wie es ist 2019 has the drinkability of a youthful wine. Horst Sauer & Andr\u00e9 Macionga created this cuv\u00e9e.","robots":{"index":"index","follow":"follow","max-snippet":"max-snippet:-1","max-image-preview":"max-image-preview:large","max-video-preview":"max-video-preview:-1"},"canonical":"https:\/\/andremaciongacuvee.com\/shop\/weingut\/horstsauer\/es-ist-wie-es-ist-nr-9-2019\/","og_locale":"en_US","og_type":"article","og_title":"Es ist wie es ist No. 9 2019 - Andr\u00e9 Macionga Cuv\u00e9e","og_description":"Despite its textural density, the wine Es ist wie es ist 2019 has the drinkability of a youthful wine. Horst Sauer & Andr\u00e9 Macionga created this cuv\u00e9e.","og_url":"https:\/\/andremaciongacuvee.com\/shop\/weingut\/horstsauer\/es-ist-wie-es-ist-nr-9-2019\/","og_site_name":"Andr\u00e9 Macionga Cuv\u00e9e","article_publisher":"https:\/\/www.facebook.com\/andremaciongacuvee\/","article_modified_time":"2025-07-13T12:18:49+00:00","og_image":[{"width":2100,"height":2100,"url":"https:\/\/andremaciongacuvee.com\/wp-content\/uploads\/2018\/08\/AMC_19_1-350_1.png","type":"image\/png"}],"twitter_card":"summary_large_image","twitter_misc":{"Est. reading time":"2 minutes"},"schema":{"@context":"https:\/\/schema.org","@graph":[{"@type":"WebPage","@id":"https:\/\/andremaciongacuvee.com\/shop\/weingut\/horstsauer\/es-ist-wie-es-ist-nr-9-2019\/","url":"https:\/\/andremaciongacuvee.com\/shop\/weingut\/horstsauer\/es-ist-wie-es-ist-nr-9-2019\/","name":"Es ist wie es ist No. 9 2019 - Andr\u00e9 Macionga Cuv\u00e9e","isPartOf":{"@id":"https:\/\/andremaciongacuvee.com\/#website"},"primaryImageOfPage":{"@id":"https:\/\/andremaciongacuvee.com\/shop\/weingut\/horstsauer\/es-ist-wie-es-ist-nr-9-2019\/#primaryimage"},"image":{"@id":"https:\/\/andremaciongacuvee.com\/shop\/weingut\/horstsauer\/es-ist-wie-es-ist-nr-9-2019\/#primaryimage"},"thumbnailUrl":"https:\/\/andremaciongacuvee.com\/wp-content\/uploads\/2018\/08\/AMC_19_1-350_1.png","datePublished":"2023-01-20T22:07:45+00:00","dateModified":"2025-07-13T12:18:49+00:00","description":"Despite its textural density, the wine Es ist wie es ist 2019 has the drinkability of a youthful wine. Horst Sauer & Andr\u00e9 Macionga created this cuv\u00e9e.","breadcrumb":{"@id":"https:\/\/andremaciongacuvee.com\/shop\/weingut\/horstsauer\/es-ist-wie-es-ist-nr-9-2019\/#breadcrumb"},"inLanguage":"en-US","potentialAction":[{"@type":"ReadAction","target":["https:\/\/andremaciongacuvee.com\/shop\/weingut\/horstsauer\/es-ist-wie-es-ist-nr-9-2019\/"]}]},{"@type":"ImageObject","inLanguage":"en-US","@id":"https:\/\/andremaciongacuvee.com\/shop\/weingut\/horstsauer\/es-ist-wie-es-ist-nr-9-2019\/#primaryimage","url":"https:\/\/andremaciongacuvee.com\/wp-content\/uploads\/2018\/08\/AMC_19_1-350_1.png","contentUrl":"https:\/\/andremaciongacuvee.com\/wp-content\/uploads\/2018\/08\/AMC_19_1-350_1.png","width":2100,"height":2100},{"@type":"BreadcrumbList","@id":"https:\/\/andremaciongacuvee.com\/shop\/weingut\/horstsauer\/es-ist-wie-es-ist-nr-9-2019\/#breadcrumb","itemListElement":[{"@type":"ListItem","position":1,"name":"Startseite","item":"https:\/\/andremaciongacuvee.com\/en\/weingueterweingueterwehome\/"},{"@type":"ListItem","position":2,"name":"Shop","item":"https:\/\/andremaciongacuvee.com\/en\/shop-2\/"},{"@type":"ListItem","position":3,"name":"Es ist wie es ist No. 9 2019"}]},{"@type":"WebSite","@id":"https:\/\/andremaciongacuvee.com\/#website","url":"https:\/\/andremaciongacuvee.com\/","name":"Andr\u00e9 Macionga Cuv\u00e9e","description":"Der Onlineshop von Andr\u00e9 Macionga Cuv\u00e9e","publisher":{"@id":"https:\/\/andremaciongacuvee.com\/#organization"},"potentialAction":[{"@type":"SearchAction","target":{"@type":"EntryPoint","urlTemplate":"https:\/\/andremaciongacuvee.com\/?s={search_term_string}"},"query-input":{"@type":"PropertyValueSpecification","valueRequired":true,"valueName":"search_term_string"}}],"inLanguage":"en-US"},{"@type":"Organization","@id":"https:\/\/andremaciongacuvee.com\/#organization","name":"Andr\u00e9 Macionga Cuv\u00e9e","url":"https:\/\/andremaciongacuvee.com\/","logo":{"@type":"ImageObject","inLanguage":"en-US","@id":"https:\/\/andremaciongacuvee.com\/#\/schema\/logo\/image\/","url":"https:\/\/andremaciongacuvee.com\/wp-content\/uploads\/2018\/08\/amc_logo_black_shop.png","contentUrl":"https:\/\/andremaciongacuvee.com\/wp-content\/uploads\/2018\/08\/amc_logo_black_shop.png","width":800,"height":150,"caption":"Andr\u00e9 Macionga Cuv\u00e9e"},"image":{"@id":"https:\/\/andremaciongacuvee.com\/#\/schema\/logo\/image\/"},"sameAs":["https:\/\/www.facebook.com\/andremaciongacuvee\/","https:\/\/www.instagram.com\/andremaciongacuvee\/?hl=en","https:\/\/www.linkedin.com\/in\/andre-macionga\/?originalSubdomain=de"]}]}},"jetpack_sharing_enabled":true,"_links":{"self":[{"href":"https:\/\/andremaciongacuvee.com\/en\/wp-json\/wp\/v2\/product\/2615","targetHints":{"allow":["GET"]}}],"collection":[{"href":"https:\/\/andremaciongacuvee.com\/en\/wp-json\/wp\/v2\/product"}],"about":[{"href":"https:\/\/andremaciongacuvee.com\/en\/wp-json\/wp\/v2\/types\/product"}],"wp:featuredmedia":[{"embeddable":true,"href":"https:\/\/andremaciongacuvee.com\/en\/wp-json\/wp\/v2\/media\/1350"}],"wp:attachment":[{"href":"https:\/\/andremaciongacuvee.com\/en\/wp-json\/wp\/v2\/media?parent=2615"}],"wp:term":[{"taxonomy":"product_brand","embeddable":true,"href":"https:\/\/andremaciongacuvee.com\/en\/wp-json\/wp\/v2\/product_brand?post=2615"},{"taxonomy":"product_cat","embeddable":true,"href":"https:\/\/andremaciongacuvee.com\/en\/wp-json\/wp\/v2\/product_cat?post=2615"},{"taxonomy":"product_tag","embeddable":true,"href":"https:\/\/andremaciongacuvee.com\/en\/wp-json\/wp\/v2\/product_tag?post=2615"}],"curies":[{"name":"wp","href":"https:\/\/api.w.org\/{rel}","templated":true}]}}